{"id":79,"date":"2021-02-23T16:10:42","date_gmt":"2021-02-23T16:10:42","guid":{"rendered":"https:\/\/www.sites.mmick.org\/evang\/?page_id=79"},"modified":"2021-02-24T12:38:37","modified_gmt":"2021-02-24T12:38:37","slug":"schneerosenkirche-hermagor","status":"publish","type":"page","link":"https:\/\/www.evang-hermagor.at\/?page_id=79","title":{"rendered":"Schneerosenkirche Hermagor"},"content":{"rendered":"\n<figure class=\"wp-block-image size-large\"><img loading=\"lazy\" decoding=\"async\" width=\"813\" height=\"810\" src=\"https:\/\/www.sites.mmick.org\/evang\/wp-content\/uploads\/2021\/02\/schneerosenkirche.jpg\" alt=\"\" class=\"wp-image-145\" srcset=\"https:\/\/www.evang-hermagor.at\/wp-content\/uploads\/2021\/02\/schneerosenkirche.jpg 813w, https:\/\/www.evang-hermagor.at\/wp-content\/uploads\/2021\/02\/schneerosenkirche-300x300.jpg 300w, https:\/\/www.evang-hermagor.at\/wp-content\/uploads\/2021\/02\/schneerosenkirche-150x150.jpg 150w, https:\/\/www.evang-hermagor.at\/wp-content\/uploads\/2021\/02\/schneerosenkirche-768x765.jpg 768w\" sizes=\"auto, (max-width: 813px) 100vw, 813px\" \/><\/figure>\n\n\n\n<p>Gebaut von 1921-26, eingeweiht 11.7.1926<\/p>\n\n\n\n<p><a rel=\"noreferrer noopener\" target=\"_blank\" href=\"http:\/\/www.evang-hermagor.at\/images\/1925.jpg\"><\/a>Die Kirche in Hermagor kam zu ihrem Namen, weil sie \u00fcber Spenden durch Versand von Schneerosen in alle evang. Pfarrgemeinden in \u00d6sterreich, nach Deutschland und \u00dcbersee mitfinanziert wurde.<br>Die Baukosten betrugen 680 Mio. Kronen. 480 Mio. davon wurden durch Handarbeit, Geldleistungen, Materiallieferungen von Gemeindegliedern u. a. erbracht.<\/p>\n\n\n\n<h3 class=\"wp-block-heading\">Bauverlauf<\/h3>\n\n\n\n<div class=\"wp-block-columns is-layout-flex wp-container-core-columns-is-layout-9d6595d7 wp-block-columns-is-layout-flex\">\n<div class=\"wp-block-column is-layout-flow wp-block-column-is-layout-flow\">\n<ul class=\"wp-block-list\"><li>1921: 2500 m\u00b3 Aushub<\/li><li>1926: Kupferdach (Turm) aus Patronenh\u00fclsen\/Granatringen (vom 1. Wkr., 1200 kg an der Grenzfront zu Italien gesammelt)<\/li><li>1932: eine Glocke (3500 kg schwer: zweitgr\u00f6\u00dfte K\u00e4rntens)<\/li><li>1941: vorgeschriebene Abgabe von Kupferfach und Glocke f\u00fcr Munitions-Herstellung (2. Wkr.)<\/li><li>1949 u. 1955: 3 neue Glocken (830, 450, 220 kg) Installierung von elektr. L\u00e4utemaschinen<\/li><li>1951: Kauf der pneumatischen, zweimanualigen Orgel, Fa. Dreher<\/li><li>1992: Verlust der Kirchenstiege (wegen der Verbreiterung der Radniger Stra\u00dfe), daf\u00fcr einen neuen Kirchenvorplatz<\/li><li>1995: Eindeckung von Turm und Kirchenschiff mit Kupferblech, neuer Au\u00dfen-Anstrich, neuer Heizkessel f\u00fcr die Luftheizung<\/li><li>2001: 75-Jahr Jubil\u00e4um der Schneerosenkirche2016: 90- Jahr Jubil\u00e4um<\/li><\/ul>\n<\/div>\n<\/div>\n\n\n\n<h1 class=\"wp-block-heading\">Kleiner Kirchenf\u00fchrer<\/h1>\n\n\n\n<h3 class=\"wp-block-heading\">Spr\u00fcche auf dem Turm<\/h3>\n\n\n\n<p>S\u00fcdseite: Welche (Stunde) wirdf die letzte sein?<br>Nordseite: Durch seine Wunden sind wir geheilt (Jes. 53,5)<br>Ostseite: Alles vergehet, Gott aber stehet (EG 449,8)<br>Westseite: An Gottes Segen ist alles gelegen (EG 352,1)<\/p>\n\n\n\n<h3 class=\"wp-block-heading\">Lutherrose<\/h3>\n\n\n\n<p>Am Vorplatz befindet sich eine Lutherrose (auch \u00fcber dem Torbogen);<br>Luther gibt seinem Wappen die folgende Bedeutung:<\/p>\n\n\n\n<p>In einem roten (lebendigen Herzen)steht im Zentrum ein schwarzes Kreuz<br>(Jesu Tod in seinem ganzen Ernst),<\/p>\n\n\n\n<p>umgeben von einer wei\u00dfen Rose<br>(helle Freude an Gottes Gnade in Christus;<br>\u201eDes Menschen Herz auf Rosen geht,<br>wenn`s mitten unterm Kreuze steht\u201c)<\/p>\n\n\n\n<p>Eingelegt in ein blaues Feld<br>(der himmlische Trost in Gott).<\/p>\n\n\n\n<p>Das Ganze ist eingefasst in einen goldenen Ring<br>(Bild des Kommenden und ewig Bleibenden)<\/p>\n\n\n\n<p>Das Schneerosen-Motiv findet sich an beiden Seiten des Eingangs und auch an den Kirchenlustern wieder.<\/p>\n\n\n\n<h3 class=\"wp-block-heading\">Kirchent\u00fcre<\/h3>\n\n\n\n<p>\u00dcber der Kirchent\u00fcre: ein Christus-Monogramm mit den griechischen Bauchstaben X P f\u00fcr ChR(istus) und das A und O (s.Offgb. 1,8: in der Luther\u00fcbersetzung: \u201e Ich bin das A und das O\u2026\u201c\/Gute Nachricht:\u201c Ich bin der Erste und der Letzte\u2026\u201c)<br>Das Gew\u00f6lbe und die B\u00f6gen des Eingangsvorbaues sind aus Tuffstein (Jadersdorfer Klamm) \u2013 diese Steine sollen uns an die Geburtsgrotte in Bethlehem erinnern.<br>Jesus Christus ist in unsere Welt gekommen, um der Unsere zu werden. Zugleich ist er auch gekommen, damit wir auf diese Weise die Seinen werden. Deshalb verweilen wir in der Kirche, h\u00f6ren zu, sprechen das Glaubensbekenntnis, beten, loben Gott mit einem Lied.<\/p>\n\n\n\n<h3 class=\"wp-block-heading\">Altar<\/h3>\n\n\n\n<p>Des Herrn Wort bleibet in Ewigkeit (1.Petr.1,25)<\/p>\n\n\n\n<p>Das Altarbild, vom akad. Maler E. Lenard aus Villach, stellt uns den Guten Hirten vor Augen, der als Auferstandener uns nachgeht, uns durch Wort und Sakrament nahe bleibt, und uns mit seiner nachgehenden Liebe ermuntert, ihm nachzufolgen.<br>Der Bilderzyklus \u201evon der Geburt Jesu bis zu Seiner Aufersstehung\u201c stammt vom \u00e4thiopischen Maler Taje Tesfaje, Addis Abeba, 2000.<\/p>\n\n\n\n<figure class=\"wp-block-gallery columns-3 is-cropped wp-block-gallery-1 is-layout-flex wp-block-gallery-is-layout-flex\"><ul class=\"blocks-gallery-grid\"><li class=\"blocks-gallery-item\"><figure><img loading=\"lazy\" decoding=\"async\" width=\"508\" height=\"800\" src=\"https:\/\/www.sites.mmick.org\/evang\/wp-content\/uploads\/2021\/02\/1925.jpg\" alt=\"\" data-id=\"141\" data-full-url=\"https:\/\/www.sites.mmick.org\/evang\/wp-content\/uploads\/2021\/02\/1925.jpg\" data-link=\"https:\/\/www.sites.mmick.org\/evang\/?attachment_id=141\" class=\"wp-image-141\" srcset=\"https:\/\/www.evang-hermagor.at\/wp-content\/uploads\/2021\/02\/1925.jpg 508w, https:\/\/www.evang-hermagor.at\/wp-content\/uploads\/2021\/02\/1925-191x300.jpg 191w\" sizes=\"auto, (max-width: 508px) 100vw, 508px\" \/><\/figure><\/li><li class=\"blocks-gallery-item\"><figure><img loading=\"lazy\" decoding=\"async\" width=\"800\" height=\"533\" src=\"https:\/\/www.sites.mmick.org\/evang\/wp-content\/uploads\/2021\/02\/altar.jpg\" alt=\"\" data-id=\"142\" data-full-url=\"https:\/\/www.sites.mmick.org\/evang\/wp-content\/uploads\/2021\/02\/altar.jpg\" data-link=\"https:\/\/www.sites.mmick.org\/evang\/?attachment_id=142\" class=\"wp-image-142\" srcset=\"https:\/\/www.evang-hermagor.at\/wp-content\/uploads\/2021\/02\/altar.jpg 800w, https:\/\/www.evang-hermagor.at\/wp-content\/uploads\/2021\/02\/altar-300x200.jpg 300w, https:\/\/www.evang-hermagor.at\/wp-content\/uploads\/2021\/02\/altar-768x512.jpg 768w, https:\/\/www.evang-hermagor.at\/wp-content\/uploads\/2021\/02\/altar-600x400.jpg 600w\" sizes=\"auto, (max-width: 800px) 100vw, 800px\" \/><\/figure><\/li><li class=\"blocks-gallery-item\"><figure><img loading=\"lazy\" decoding=\"async\" width=\"533\" height=\"800\" src=\"https:\/\/www.sites.mmick.org\/evang\/wp-content\/uploads\/2021\/02\/lutherrose-1.jpg\" alt=\"\" data-id=\"143\" data-full-url=\"https:\/\/www.sites.mmick.org\/evang\/wp-content\/uploads\/2021\/02\/lutherrose-1.jpg\" data-link=\"https:\/\/www.sites.mmick.org\/evang\/?attachment_id=143\" class=\"wp-image-143\" srcset=\"https:\/\/www.evang-hermagor.at\/wp-content\/uploads\/2021\/02\/lutherrose-1.jpg 533w, https:\/\/www.evang-hermagor.at\/wp-content\/uploads\/2021\/02\/lutherrose-1-200x300.jpg 200w\" sizes=\"auto, (max-width: 533px) 100vw, 533px\" \/><\/figure><\/li><\/ul><\/figure>\n","protected":false},"excerpt":{"rendered":"<p>Gebaut von 1921-26, eingeweiht 11.7.1926 Die Kirche in Hermagor kam zu ihrem Namen, weil sie \u00fcber Spenden durch Versand von Schneerosen in alle evang. Pfarrgemeinden &hellip; <\/p>\n","protected":false},"author":1,"featured_media":0,"parent":0,"menu_order":0,"comment_status":"closed","ping_status":"closed","template":"","meta":{"footnotes":""},"class_list":["post-79","page","type-page","status-publish","hentry"],"_links":{"self":[{"href":"https:\/\/www.evang-hermagor.at\/index.php?rest_route=\/wp\/v2\/pages\/79","targetHints":{"allow":["GET"]}}],"collection":[{"href":"https:\/\/www.evang-hermagor.at\/index.php?rest_route=\/wp\/v2\/pages"}],"about":[{"href":"https:\/\/www.evang-hermagor.at\/index.php?rest_route=\/wp\/v2\/types\/page"}],"author":[{"embeddable":true,"href":"https:\/\/www.evang-hermagor.at\/index.php?rest_route=\/wp\/v2\/users\/1"}],"replies":[{"embeddable":true,"href":"https:\/\/www.evang-hermagor.at\/index.php?rest_route=%2Fwp%2Fv2%2Fcomments&post=79"}],"version-history":[{"count":16,"href":"https:\/\/www.evang-hermagor.at\/index.php?rest_route=\/wp\/v2\/pages\/79\/revisions"}],"predecessor-version":[{"id":146,"href":"https:\/\/www.evang-hermagor.at\/index.php?rest_route=\/wp\/v2\/pages\/79\/revisions\/146"}],"wp:attachment":[{"href":"https:\/\/www.evang-hermagor.at\/index.php?rest_route=%2Fwp%2Fv2%2Fmedia&parent=79"}],"curies":[{"name":"wp","href":"https:\/\/api.w.org\/{rel}","templated":true}]}}