{"id":7543,"date":"2025-09-13T17:32:48","date_gmt":"2025-09-13T17:32:48","guid":{"rendered":"https:\/\/www.evang-hermagor.at\/?page_id=7543"},"modified":"2025-09-13T17:32:48","modified_gmt":"2025-09-13T17:32:48","slug":"meine-identitaetsquelle","status":"publish","type":"page","link":"https:\/\/www.evang-hermagor.at\/?page_id=7543","title":{"rendered":"Meine Identit\u00e4tsquelle"},"content":{"rendered":"\n<div style=\"height:50px\" aria-hidden=\"true\" class=\"wp-block-spacer\"><\/div>\n\n\n\n<h2 class=\"wp-block-heading\"><strong>Ein Ort, der Identit\u00e4t bewahrt | ein Haus, das Mut atmet<\/strong><\/h2>\n\n\n\n<div style=\"height:52px\" aria-hidden=\"true\" class=\"wp-block-spacer\"><\/div>\n\n\n\n<p class=\"has-large-font-size\">Identit\u00e4t ist mehr als ein Name, mehr als Herkunft und Geschichte. Sie ist das, was uns im Innersten tr\u00e4gt, was uns Hoffnung schenkt und unserem Leben Richtung weist. F\u00fcr uns als evangelische Christinnen und Christen ist der Glaube nicht nur eine \u00dcberzeugung \u2013 er ist auch Herzschlag und Atem unserer Identit\u00e4t. Er verbindet uns mit unseren Wurzeln, mit unseren Vorfahren und mit einer weltumspannenden Gemeinschaft, die aus vielen Stimmen besteht und doch durch denselben Glauben vereint ist.<\/p>\n\n\n\n<p class=\"has-large-font-size\">Jesus sagt: \u201e<strong>Ich bin der Weinstock, ihr seid die Reben<\/strong>\u201c (Johannes 15,5). Dieses Bild ist wie ein Licht, das uns den Weg weist: Wir leben aus einer gemeinsamen Wurzel. Ohne sie verlieren wir die Kraft. Mit ihr aber tragen wir Frucht \u2013 f\u00fcr uns selbst, f\u00fcr andere und f\u00fcr die Welt.<\/p>\n\n\n\n<p class=\"has-large-font-size\">Doch was geschieht, wenn wir diese Wurzeln nicht pflegen, wenn wir unsere Traditionen und unseren Glauben nicht mehr wertsch\u00e4tzen? Die Verluste entstehen schleichend, zun\u00e4chst kaum sp\u00fcrbar, scheinbar ohne unmittelbare Auswirkungen \u2013 und doch beginnen sie, unser Fundament zu untergraben. Irgendwann verlieren wir den Boden unter den F\u00fc\u00dfen. Orientierungslosigkeit, Wurzellosigkeit und Vereinsamung greifen um sich. Was bleibt, ist ein Einheitsbrei ohne Tiefe und Herkunft, der Unzufriedenheit n\u00e4hrt und Ichbezogenheit f\u00f6rdert. Eine Identit\u00e4t, die nicht gelebt wird, verdorrt \u2013 so wie ein Weinstock, der lange Zeit kein Licht und kein Wasser mehr bekommt.<\/p>\n\n\n\n<div class=\"wp-block-columns is-layout-flex wp-container-core-columns-is-layout-9d6595d7 wp-block-columns-is-layout-flex\">\n<div class=\"wp-block-column is-layout-flow wp-block-column-is-layout-flow\">\n<div style=\"height:38px\" aria-hidden=\"true\" class=\"wp-block-spacer\"><\/div>\n\n\n\n<figure data-wp-context=\"{&quot;imageId&quot;:&quot;69e5e7211e7ec&quot;}\" data-wp-interactive=\"core\/image\" data-wp-key=\"69e5e7211e7ec\" class=\"wp-block-image size-full wp-lightbox-container\"><img loading=\"lazy\" decoding=\"async\" width=\"711\" height=\"622\" data-wp-class--hide=\"state.isContentHidden\" data-wp-class--show=\"state.isContentVisible\" data-wp-init=\"callbacks.setButtonStyles\" data-wp-on--click=\"actions.showLightbox\" data-wp-on--load=\"callbacks.setButtonStyles\" data-wp-on-window--resize=\"callbacks.setButtonStyles\" src=\"https:\/\/www.evang-hermagor.at\/wp-content\/uploads\/2025\/09\/250911MeineIdentitaesquelle00.jpg\" alt=\"\" class=\"wp-image-7542\" srcset=\"https:\/\/www.evang-hermagor.at\/wp-content\/uploads\/2025\/09\/250911MeineIdentitaesquelle00.jpg 711w, https:\/\/www.evang-hermagor.at\/wp-content\/uploads\/2025\/09\/250911MeineIdentitaesquelle00-300x262.jpg 300w\" sizes=\"auto, (max-width: 711px) 100vw, 711px\" \/><button\n\t\t\tclass=\"lightbox-trigger\"\n\t\t\ttype=\"button\"\n\t\t\taria-haspopup=\"dialog\"\n\t\t\taria-label=\"Vergr\u00f6\u00dfern\"\n\t\t\tdata-wp-init=\"callbacks.initTriggerButton\"\n\t\t\tdata-wp-on--click=\"actions.showLightbox\"\n\t\t\tdata-wp-style--right=\"state.imageButtonRight\"\n\t\t\tdata-wp-style--top=\"state.imageButtonTop\"\n\t\t>\n\t\t\t<svg xmlns=\"http:\/\/www.w3.org\/2000\/svg\" width=\"12\" height=\"12\" fill=\"none\" viewBox=\"0 0 12 12\">\n\t\t\t\t<path fill=\"#fff\" d=\"M2 0a2 2 0 0 0-2 2v2h1.5V2a.5.5 0 0 1 .5-.5h2V0H2Zm2 10.5H2a.5.5 0 0 1-.5-.5V8H0v2a2 2 0 0 0 2 2h2v-1.5ZM8 12v-1.5h2a.5.5 0 0 0 .5-.5V8H12v2a2 2 0 0 1-2 2H8Zm2-12a2 2 0 0 1 2 2v2h-1.5V2a.5.5 0 0 0-.5-.5H8V0h2Z\" \/>\n\t\t\t<\/svg>\n\t\t<\/button><\/figure>\n<\/div>\n\n\n\n<div class=\"wp-block-column is-layout-flow wp-block-column-is-layout-flow\">\n<p class=\"has-large-font-size\">Unsere Geschichte zeigt, wie stark Identit\u00e4t sein kann, wenn sie im Glauben wurzelt. Besonders eindrucksvoll ist das Zeugnis unserer evangelischen Vorfahren in den Ortschaften rund um Watschig. In einer armen und abgelegenen Gegend, unter Repressalien und \u00e4u\u00dferem Druck, hielten sie unbeirrt an ihrem Glauben fest. Sie bauten das Toleranzbethaus 1782 in Watschig \u2013 ein Ort des Lichts und der Hoffnung, errichtet mit Zeit, mit selbstlosem Einsatz ihrer bescheidenen Mittel, mit Kraft, Mut und unersch\u00fctterlicher \u00dcberzeugung.<\/p>\n\n\n\n<p class=\"has-large-font-size\">Im selben Jahr machten sich zwei unerschrockene M\u00e4nner auf eine Reise, die jedes Ma\u00df sprengte: Zu Fu\u00df durch das abgelegene K\u00e4rnten, entlang des Murtals in der Obersteiermark, \u00fcber die beschwerliche Semmering, damals maximal eine Kutschenstra\u00dfe und ohne Tunnelkette \u2013 weiter \u00fcber Wien und Pre\u00dfburg bis ins ferne Modra, tief in der k.k. Monarchie, im heutigen Gebiet der Slowakei.<\/p>\n<\/div>\n<\/div>\n\n\n\n<div style=\"height:63px\" aria-hidden=\"true\" class=\"wp-block-spacer\"><\/div>\n\n\n\n<div class=\"wp-block-columns is-layout-flex wp-container-core-columns-is-layout-9d6595d7 wp-block-columns-is-layout-flex\">\n<div class=\"wp-block-column is-layout-flow wp-block-column-is-layout-flow\">\n<p class=\"has-large-font-size\">Kein ausgebautes \u00f6ffentliches Stra\u00dfennetz, ohne ein Wort der Landessprache, ohne jede Garantie, jemals heimzukehren. Jeder Schritt war ein Manifest ihres unersch\u00fctterlichen Glaubens, jeder Atemzug ein Triumph der Entschlossenheit. Zwei Wochen qu\u00e4lenden Weges \u2013 und am Ziel ein Pfarrer, dessen R\u00fcckkehr nach Watschig das geistliche Leben entfachte. Diese Pilgerfahrt war mehr als ein Wegstreifen durch die Landschaft: Sie ist ein Teil des Urgesteins unserer evangelischen Identit\u00e4t, getragen von der Kraft, unbeirrt dem Weinstock der Reformation verbunden zu bleiben.<\/p>\n<\/div>\n\n\n\n<div class=\"wp-block-column is-layout-flow wp-block-column-is-layout-flow\">\n<figure data-wp-context=\"{&quot;imageId&quot;:&quot;69e5e7211f8d5&quot;}\" data-wp-interactive=\"core\/image\" data-wp-key=\"69e5e7211f8d5\" class=\"wp-block-image size-full wp-lightbox-container\"><img loading=\"lazy\" decoding=\"async\" width=\"891\" height=\"646\" data-wp-class--hide=\"state.isContentHidden\" data-wp-class--show=\"state.isContentVisible\" data-wp-init=\"callbacks.setButtonStyles\" data-wp-on--click=\"actions.showLightbox\" data-wp-on--load=\"callbacks.setButtonStyles\" data-wp-on-window--resize=\"callbacks.setButtonStyles\" src=\"https:\/\/www.evang-hermagor.at\/wp-content\/uploads\/2025\/09\/250912PfarrerSucheNavi.jpg\" alt=\"\" class=\"wp-image-7540\" srcset=\"https:\/\/www.evang-hermagor.at\/wp-content\/uploads\/2025\/09\/250912PfarrerSucheNavi.jpg 891w, https:\/\/www.evang-hermagor.at\/wp-content\/uploads\/2025\/09\/250912PfarrerSucheNavi-300x218.jpg 300w, https:\/\/www.evang-hermagor.at\/wp-content\/uploads\/2025\/09\/250912PfarrerSucheNavi-768x557.jpg 768w\" sizes=\"auto, (max-width: 891px) 100vw, 891px\" \/><button\n\t\t\tclass=\"lightbox-trigger\"\n\t\t\ttype=\"button\"\n\t\t\taria-haspopup=\"dialog\"\n\t\t\taria-label=\"Vergr\u00f6\u00dfern\"\n\t\t\tdata-wp-init=\"callbacks.initTriggerButton\"\n\t\t\tdata-wp-on--click=\"actions.showLightbox\"\n\t\t\tdata-wp-style--right=\"state.imageButtonRight\"\n\t\t\tdata-wp-style--top=\"state.imageButtonTop\"\n\t\t>\n\t\t\t<svg xmlns=\"http:\/\/www.w3.org\/2000\/svg\" width=\"12\" height=\"12\" fill=\"none\" viewBox=\"0 0 12 12\">\n\t\t\t\t<path fill=\"#fff\" d=\"M2 0a2 2 0 0 0-2 2v2h1.5V2a.5.5 0 0 1 .5-.5h2V0H2Zm2 10.5H2a.5.5 0 0 1-.5-.5V8H0v2a2 2 0 0 0 2 2h2v-1.5ZM8 12v-1.5h2a.5.5 0 0 0 .5-.5V8H12v2a2 2 0 0 1-2 2H8Zm2-12a2 2 0 0 1 2 2v2h-1.5V2a.5.5 0 0 0-.5-.5H8V0h2Z\" \/>\n\t\t\t<\/svg>\n\t\t<\/button><\/figure>\n<\/div>\n<\/div>\n\n\n\n<p class=\"has-large-font-size\">Wie gro\u00df muss die Kraft der Identit\u00e4t gewesen sein, die sie getragen hat! Wie stark der Wille, sich zum evangelischen Glauben zu bekennen! Ihr Verm\u00e4chtnis ist bis heute lebendig: Der Glaube als Quelle unserer Identit\u00e4t, als Licht in dunklen Zeiten, als Atem, der uns Kraft schenkt.<\/p>\n\n\n\n<p class=\"has-large-font-size\">Wer heute das Toleranzbethaus betritt, sp\u00fcrt diesen Geist. Es ist ein Ort der Stille \u2013 hier kann man den L\u00e4rm der Welt hinter sich lassen, tief durchatmen und zur Ruhe kommen. Ein Ort, an dem die Zeit langsamer wird und das Licht durch die Fenster f\u00e4llt wie eine Verhei\u00dfung. Ein Besuch dort ist mehr als ein Spaziergang in die Vergangenheit: Es ist ein Atemholen f\u00fcr die Seele, eine Einladung, den Glauben neu aufzunehmen \u2013 im Geist und im Gef\u00fchl. F\u00fcr uns ist dieses Bethaus nicht nur Geschichte, sondern auch ein wenig Heimat.<\/p>\n\n\n\n<p class=\"has-large-font-size\">Gerade in einer Welt, die vom Streben nach Wohlstand und \u00dcberfluss bestimmt ist und in der S\u00e4kularisierung fast schon wie eine Mode erscheint, schenkt uns die bewusste Identifikation mit unserem Glauben und unseren Wurzeln einen heilsamen Gegenpol \u2013 und ist keinesfalls ein Widerspruch. Denn wer sich verwurzelt wei\u00df, kann offen sein f\u00fcr Vielfalt und Moderne. Wer Heimat im Glauben hat, kann das Fremde in sich aufnehmen, ohne sich selbst dabei zu verlieren. Der christliche und evangelische Glaube ist daher weder ein Gegensatz zur Globalisierung, noch etwas ausschlie\u00dflich f\u00fcr alte Menschen, unmodern oder \u00fcberholt, sondern Fundament, auf dem echte Vielfalt w\u00e4chst.<\/p>\n\n\n\n<div class=\"wp-block-columns is-layout-flex wp-container-core-columns-is-layout-9d6595d7 wp-block-columns-is-layout-flex\">\n<div class=\"wp-block-column is-layout-flow wp-block-column-is-layout-flow\">\n<p class=\"has-large-font-size\">Auch heute zeigt sich unsere Identit\u00e4t dort, wo Glaube und Gemeinschaft lebendig sind. Im Toleranzbethaus in Watschig, wo Geschichte und Gegenwart sich im Licht der Hoffnung ber\u00fchren, gleicherma\u00dfen wie z.B. in der Arbeit der Freiwilligen Feuerwehr, die seit Generationen Verantwortung \u00fcbernimmt und N\u00e4chstenliebe lebt, oder auch in der Gailtaler Mundart, die in Gedichten von unseren lokalen Dichtern Arnold Ronacher aus Hermagor oder Herbert Pre\u00dflauer aus Postran Erz\u00e4hlungen von Arbeit, Liebe, Natur und Glauben unsere Seele zum Klingen bringen k\u00f6nnen.<\/p>\n<\/div>\n\n\n\n<div class=\"wp-block-column is-layout-flow wp-block-column-is-layout-flow\">\n<div style=\"height:27px\" aria-hidden=\"true\" class=\"wp-block-spacer\"><\/div>\n\n\n\n<figure data-wp-context=\"{&quot;imageId&quot;:&quot;69e5e72120164&quot;}\" data-wp-interactive=\"core\/image\" data-wp-key=\"69e5e72120164\" class=\"wp-block-image size-full wp-lightbox-container\"><img loading=\"lazy\" decoding=\"async\" width=\"379\" height=\"336\" data-wp-class--hide=\"state.isContentHidden\" data-wp-class--show=\"state.isContentVisible\" data-wp-init=\"callbacks.setButtonStyles\" data-wp-on--click=\"actions.showLightbox\" data-wp-on--load=\"callbacks.setButtonStyles\" data-wp-on-window--resize=\"callbacks.setButtonStyles\" src=\"https:\/\/www.evang-hermagor.at\/wp-content\/uploads\/2025\/09\/250912WortwolkeIdentitaet00.jpg\" alt=\"\" class=\"wp-image-7541\" srcset=\"https:\/\/www.evang-hermagor.at\/wp-content\/uploads\/2025\/09\/250912WortwolkeIdentitaet00.jpg 379w, https:\/\/www.evang-hermagor.at\/wp-content\/uploads\/2025\/09\/250912WortwolkeIdentitaet00-300x266.jpg 300w\" sizes=\"auto, (max-width: 379px) 100vw, 379px\" \/><button\n\t\t\tclass=\"lightbox-trigger\"\n\t\t\ttype=\"button\"\n\t\t\taria-haspopup=\"dialog\"\n\t\t\taria-label=\"Vergr\u00f6\u00dfern\"\n\t\t\tdata-wp-init=\"callbacks.initTriggerButton\"\n\t\t\tdata-wp-on--click=\"actions.showLightbox\"\n\t\t\tdata-wp-style--right=\"state.imageButtonRight\"\n\t\t\tdata-wp-style--top=\"state.imageButtonTop\"\n\t\t>\n\t\t\t<svg xmlns=\"http:\/\/www.w3.org\/2000\/svg\" width=\"12\" height=\"12\" fill=\"none\" viewBox=\"0 0 12 12\">\n\t\t\t\t<path fill=\"#fff\" d=\"M2 0a2 2 0 0 0-2 2v2h1.5V2a.5.5 0 0 1 .5-.5h2V0H2Zm2 10.5H2a.5.5 0 0 1-.5-.5V8H0v2a2 2 0 0 0 2 2h2v-1.5ZM8 12v-1.5h2a.5.5 0 0 0 .5-.5V8H12v2a2 2 0 0 1-2 2H8Zm2-12a2 2 0 0 1 2 2v2h-1.5V2a.5.5 0 0 0-.5-.5H8V0h2Z\" \/>\n\t\t\t<\/svg>\n\t\t<\/button><\/figure>\n<\/div>\n<\/div>\n\n\n\n<p class=\"has-large-font-size\">Diese Geschichten sind mehr als Vergangenheit \u2013 sie sind ein Auftrag. Wenn wir unsere Traditionen neu erz\u00e4hlen, Orte der Erinnerung \u2013 wie das <a href=\"https:\/\/www.gailtalmuseum.at\/\">Gailtal Museum<\/a> oder die liebevoll \u00fcbertragene, sorgsam und aufwendig erhaltene Watschiger Kesn \u2013 pflegen und generationen\u00fcbergreifende Br\u00fccken schlagen, tragen wir unsere Identit\u00e4t weiter.<\/p>\n\n\n\n<p class=\"has-large-font-size\">Auch unser Glaube kann dabei nicht nur Wegweiser \u2013 sondern auch Teil unserer Heimat sein. Er schenkt uns Licht, er stiftet Gemeinschaft, und er gibt uns den Atem, mutig in die Zukunft zu gehen.<\/p>\n\n\n\n<p class=\"has-large-font-size\">Lasst uns gemeinsam daf\u00fcr sorgen, dass unsere Wurzeln nicht nur erhalten bleiben, sondern weiterwachsen. Denn wer wei\u00df, woher er kommt, wei\u00df auch, wohin er gehen kann.<\/p>\n\n\n\n<p class=\"has-large-font-size\">Unsere Identit\u00e4t lebt davon, dass wir sie pflegen, dass wir sie teilen und dass wir sie mutig bekennen. So wie unsere Vorfahren in Watschig und Umgebung standhaft waren, so d\u00fcrfen auch wir heute den Glauben als Teil unseres Lebens bezeugen \u2013 dankbar f\u00fcr das, was war, und voller Zuversicht f\u00fcr das, was kommt.<\/p>\n\n\n\n<p class=\"has-large-font-size\">In einer Welt, die oft nach dem Immer-mehr strebt, ist es ein stilles, aber kraftvolles Zeichen, sich zu seinen Wurzeln zu bekennen. Unser evangelischer Glaube ist kein Widerspruch zur Moderne \u2013 er ist ein Beitrag zur Vielfalt. Er schenkt Tiefe inmitten von Tempo, Sinn inmitten von \u00dcberfluss und Gemeinschaft inmitten von Individualismus.<\/p>\n\n\n\n<p class=\"has-large-font-size\">Denn unser evangelischer Glaube ist nicht nur Teil unserer Geschichte \u2013 er ist Teil von uns. Und das Toleranzbethaus in Watschig l\u00e4dt uns ein, dies in aller Stille zu sp\u00fcren.<\/p>\n\n\n\n<figure class=\"wp-block-image size-full is-resized\"><img loading=\"lazy\" decoding=\"async\" width=\"479\" height=\"122\" src=\"https:\/\/www.evang-hermagor.at\/wp-content\/uploads\/2024\/02\/240228Abstand.jpg\" alt=\"\" class=\"wp-image-2130\" style=\"width:250px\" srcset=\"https:\/\/www.evang-hermagor.at\/wp-content\/uploads\/2024\/02\/240228Abstand.jpg 479w, https:\/\/www.evang-hermagor.at\/wp-content\/uploads\/2024\/02\/240228Abstand-300x76.jpg 300w\" sizes=\"auto, (max-width: 479px) 100vw, 479px\" \/><\/figure>\n","protected":false},"excerpt":{"rendered":"<p>Ein Ort, der Identit\u00e4t bewahrt | ein Haus, das Mut atmet Identit\u00e4t ist mehr als ein Name, mehr als Herkunft und Geschichte. Sie ist das, &hellip; <\/p>\n","protected":false},"author":5,"featured_media":7539,"parent":0,"menu_order":0,"comment_status":"closed","ping_status":"closed","template":"","meta":{"footnotes":""},"class_list":["post-7543","page","type-page","status-publish","has-post-thumbnail","hentry"],"_links":{"self":[{"href":"https:\/\/www.evang-hermagor.at\/index.php?rest_route=\/wp\/v2\/pages\/7543","targetHints":{"allow":["GET"]}}],"collection":[{"href":"https:\/\/www.evang-hermagor.at\/index.php?rest_route=\/wp\/v2\/pages"}],"about":[{"href":"https:\/\/www.evang-hermagor.at\/index.php?rest_route=\/wp\/v2\/types\/page"}],"author":[{"embeddable":true,"href":"https:\/\/www.evang-hermagor.at\/index.php?rest_route=\/wp\/v2\/users\/5"}],"replies":[{"embeddable":true,"href":"https:\/\/www.evang-hermagor.at\/index.php?rest_route=%2Fwp%2Fv2%2Fcomments&post=7543"}],"version-history":[{"count":13,"href":"https:\/\/www.evang-hermagor.at\/index.php?rest_route=\/wp\/v2\/pages\/7543\/revisions"}],"predecessor-version":[{"id":7560,"href":"https:\/\/www.evang-hermagor.at\/index.php?rest_route=\/wp\/v2\/pages\/7543\/revisions\/7560"}],"wp:featuredmedia":[{"embeddable":true,"href":"https:\/\/www.evang-hermagor.at\/index.php?rest_route=\/wp\/v2\/media\/7539"}],"wp:attachment":[{"href":"https:\/\/www.evang-hermagor.at\/index.php?rest_route=%2Fwp%2Fv2%2Fmedia&parent=7543"}],"curies":[{"name":"wp","href":"https:\/\/api.w.org\/{rel}","templated":true}]}}