{"id":6864,"date":"2025-06-12T05:59:33","date_gmt":"2025-06-12T05:59:33","guid":{"rendered":"https:\/\/www.evang-hermagor.at\/?page_id=6864"},"modified":"2025-06-12T05:59:33","modified_gmt":"2025-06-12T05:59:33","slug":"gustav-adolf-fest","status":"publish","type":"page","link":"https:\/\/www.evang-hermagor.at\/?page_id=6864","title":{"rendered":"Gustav Adolf Fest"},"content":{"rendered":"\n<h2 class=\"wp-block-heading\"><strong>Starke Wurzeln, lebendige Gemeinschaft<\/strong><\/h2>\n\n\n\n<div style=\"height:36px\" aria-hidden=\"true\" class=\"wp-block-spacer\"><\/div>\n\n\n\n<div class=\"wp-block-columns is-layout-flex wp-container-core-columns-is-layout-9d6595d7 wp-block-columns-is-layout-flex\">\n<div class=\"wp-block-column is-layout-flow wp-block-column-is-layout-flow\" style=\"flex-basis:66.66%\">\n<div style=\"height:73px\" aria-hidden=\"true\" class=\"wp-block-spacer\"><\/div>\n\n\n\n<p class=\"has-large-font-size\">Seine Wurzeln reichen zur\u00fcck bis in das 19. Jahrhundert, als evangelische Gemeinden im Zuge des 200. Todestages <a href=\"https:\/\/gav.evang.at\/sites\/default\/files\/Gustav%20Adolf%2C%20Pers%C3%B6nlichkeit%20und%20Wirken%2C%20E.%20Schranz_0.pdf\">Gustav Adolfs von Schweden<\/a> \u2013 einem gefeierten Verteidiger des protestantischen Glaubens \u2013 Geld sammelten. Urspr\u00fcnglich war geplant, ein Denkmal f\u00fcr den schwedischen K\u00f6nig zu errichten. Die Projektverantwortlichen entschieden sich jedoch, die Mittel gezielt einzusetzen: Sie unterst\u00fctzten benachteiligte evangelische Gemeinden, vor allem in B\u00f6hmen, und f\u00f6rderten den Kirch- und Schulbau. So entstand die Gustav-Adolf-Stiftung, der Vorl\u00e4ufer des heutigen Gustav-Adolf-Vereins. Nachdem Kaiser Franz Joseph I. 1861 das \u201eProtestantenpatent\u201c erlie\u00df \u2013 das den Evangelischen erstmals die Gr\u00fcndung eigener Vereine in \u00d6sterreich erlaubte \u2013 wurden noch im selben Jahr die Gr\u00fcndungsdokumente des <a href=\"https:\/\/gav.evang.at\/node\/6\">Gustav-Adolf-Vereins<\/a> in der Zw\u00f6lf-Apostel-Kirche in Wien-Gumpendorf unterzeichnet. Damit ist er der \u00e4lteste in \u00d6sterreich t\u00e4tige Hilfsverein der Evangelischen Kirche.<\/p>\n<\/div>\n\n\n\n<div class=\"wp-block-column is-layout-flow wp-block-column-is-layout-flow\" style=\"flex-basis:33.33%\"><div class=\"wp-block-image\">\n<figure class=\"aligncenter size-full\"><img loading=\"lazy\" decoding=\"async\" width=\"290\" height=\"559\" src=\"https:\/\/www.evang-hermagor.at\/wp-content\/uploads\/2025\/06\/250609GustavAdolf.jpg\" alt=\"\" class=\"wp-image-6861\" srcset=\"https:\/\/www.evang-hermagor.at\/wp-content\/uploads\/2025\/06\/250609GustavAdolf.jpg 290w, https:\/\/www.evang-hermagor.at\/wp-content\/uploads\/2025\/06\/250609GustavAdolf-156x300.jpg 156w\" sizes=\"auto, (max-width: 290px) 100vw, 290px\" \/><figcaption class=\"wp-element-caption\">Foto: GAV \u00d6sterreich <em>Gustav Adolfs Beiname \u201eL\u00f6we aus Mitternacht\u201c deutet ihn als m\u00e4chtigen K\u00e4mpfer aus dem Norden.<\/em><\/figcaption><\/figure>\n<\/div><\/div>\n<\/div>\n\n\n\n<div class=\"wp-block-columns is-layout-flex wp-container-core-columns-is-layout-9d6595d7 wp-block-columns-is-layout-flex\">\n<div class=\"wp-block-column is-layout-flow wp-block-column-is-layout-flow\" style=\"flex-basis:33.33%\"><div class=\"wp-block-image\">\n<figure class=\"aligncenter size-full\"><img loading=\"lazy\" decoding=\"async\" width=\"150\" height=\"182\" src=\"https:\/\/www.evang-hermagor.at\/wp-content\/uploads\/2025\/06\/250611GAVLogo.jpg\" alt=\"\" class=\"wp-image-6858\"\/><figcaption class=\"wp-element-caption\">Logo GAV \u00d6sterreich<\/figcaption><\/figure>\n<\/div><\/div>\n\n\n\n<div class=\"wp-block-column is-layout-flow wp-block-column-is-layout-flow\" style=\"flex-basis:66.66%\">\n<p class=\"has-large-font-size\">Der Verein hat sich seither zum Ziel gesetzt, evangelische Pfarrgemeinden und Minderheiten zu unterst\u00fctzen. Hierzu finanziert er unter anderem den Bau und die Erhaltung von Kirchen, Gemeindeh\u00e4usern, Schulen, Kinderg\u00e4rten und diakonischen Einrichtungen. Zudem f\u00f6rdert er den Austausch und die Vernetzung innerhalb der evangelischen Gemeinschaft \u2013 etwa durch die Organisation von Gustav-Adolf-Festen,<\/p>\n<\/div>\n<\/div>\n\n\n\n<p class=\"has-large-font-size\">die allen Beteiligten Raum f\u00fcr Begegnung und Austausch bieten. Somit tr\u00e4gt der Verein entscheidend zur St\u00e4rkung der religi\u00f6sen Identit\u00e4t und zur Sicherung einer lebendigen, gemeinschaftlichen Infrastruktur der evangelischen Kirche in \u00d6sterreich bei.<\/p>\n\n\n\n<blockquote class=\"wp-block-quote is-layout-flow wp-block-quote-is-layout-flow\">\n<p class=\"has-accent-color has-text-color has-link-color has-large-font-size wp-elements-d2b4c76dc1967e0fce034578914c2928\"><em>Lasset uns Gutes tun an allen Menschen, besonders aber an denen, die mit uns im Glauben verbunden sind.<\/em><\/p>\n<\/blockquote>\n\n\n\n<p class=\"has-text-align-right\"><a href=\"https:\/\/www.bibleserver.com\/LUT\/Galater6%2C10\"><em>Galater 6,10<\/em><\/a><\/p>\n\n\n\n<p class=\"has-large-font-size\">Das j\u00e4hrlich stattfindende Gustav-Adolf-Fest in \u00d6sterreich ist ein bedeutendes Ereignis im Kalender der evangelischen Gemeinden und dient als feierlicher Auftakt f\u00fcr den regionalen kirchlichen Austausch.<\/p>\n\n\n\n<p class=\"has-large-font-size\">Die Feste werden von den Di\u00f6zesen in Zusammenarbeit mit dem Gustav-Adolf-Verein (GAV) organisiert und stehen in der Tradition,<\/p>\n\n\n\n<div class=\"wp-block-columns is-layout-flex wp-container-core-columns-is-layout-9d6595d7 wp-block-columns-is-layout-flex\">\n<div class=\"wp-block-column is-layout-flow wp-block-column-is-layout-flow\">\n<figure class=\"wp-block-image size-full\"><img loading=\"lazy\" decoding=\"async\" width=\"359\" height=\"467\" src=\"https:\/\/www.evang-hermagor.at\/wp-content\/uploads\/2025\/06\/250611GAF2018.jpg\" alt=\"\" class=\"wp-image-6862\" srcset=\"https:\/\/www.evang-hermagor.at\/wp-content\/uploads\/2025\/06\/250611GAF2018.jpg 359w, https:\/\/www.evang-hermagor.at\/wp-content\/uploads\/2025\/06\/250611GAF2018-231x300.jpg 231w\" sizes=\"auto, (max-width: 359px) 100vw, 359px\" \/><\/figure>\n<\/div>\n\n\n\n<div class=\"wp-block-column is-layout-flow wp-block-column-is-layout-flow\">\n<figure class=\"wp-block-image size-full\"><img loading=\"lazy\" decoding=\"async\" width=\"357\" height=\"470\" src=\"https:\/\/www.evang-hermagor.at\/wp-content\/uploads\/2025\/06\/250612GAF2022.jpg\" alt=\"\" class=\"wp-image-6859\" srcset=\"https:\/\/www.evang-hermagor.at\/wp-content\/uploads\/2025\/06\/250612GAF2022.jpg 357w, https:\/\/www.evang-hermagor.at\/wp-content\/uploads\/2025\/06\/250612GAF2022-228x300.jpg 228w\" sizes=\"auto, (max-width: 357px) 100vw, 357px\" \/><\/figure>\n<\/div>\n\n\n\n<div class=\"wp-block-column is-layout-flow wp-block-column-is-layout-flow\">\n<figure class=\"wp-block-image size-full\"><img loading=\"lazy\" decoding=\"async\" width=\"564\" height=\"796\" src=\"https:\/\/www.evang-hermagor.at\/wp-content\/uploads\/2025\/06\/250605GAF2025Einladung.jpg\" alt=\"\" class=\"wp-image-6860\" srcset=\"https:\/\/www.evang-hermagor.at\/wp-content\/uploads\/2025\/06\/250605GAF2025Einladung.jpg 564w, https:\/\/www.evang-hermagor.at\/wp-content\/uploads\/2025\/06\/250605GAF2025Einladung-213x300.jpg 213w\" sizes=\"auto, (max-width: 564px) 100vw, 564px\" \/><\/figure>\n<\/div>\n<\/div>\n\n\n\n<p class=\"has-large-font-size\">an den schwedischen K\u00f6nig Gustav II. Adolf zu erinnern \u2013 einen wichtigen Verteidiger des evangelischen Glaubens im Drei\u00dfigj\u00e4hrigen Krieg. Dabei symbolisiert das Fest nicht nur die historische Bedeutung des Monarchen, sondern unterstreicht auch sein Erbe als F\u00f6rderer religi\u00f6ser Freiheit und gemeinschaftlicher St\u00e4rke.<\/p>\n\n\n\n<p class=\"has-large-font-size\">In kreativ gestalteten Gottesdiensten, inspirierenden Predigten und abwechslungsreichen kulturellen Programmen begegnen wir einander \u2013 ob jung oder alt, ob altbekannt oder neu. In einer Welt, in der wir von unz\u00e4hligen M\u00f6glichkeiten umgeben sind, vergessen wir manchmal, dass wahre Gemeinschaft und echte Inspiration nicht im digitalen Raum, sondern in pers\u00f6nlichen Begegnungen entstehen. Das Gustav-Adolf-Fest ist genau das \u2013 ein Ort, an dem alle willkommen sind, ohne Erwartungen, ohne Druck.<\/p>\n\n\n\n<div class=\"wp-block-columns is-layout-flex wp-container-core-columns-is-layout-9d6595d7 wp-block-columns-is-layout-flex\">\n<div class=\"wp-block-column is-layout-flow wp-block-column-is-layout-flow\" style=\"flex-basis:66.66%\">\n<div style=\"height:100px\" aria-hidden=\"true\" class=\"wp-block-spacer\"><\/div>\n\n\n\n<p class=\"has-large-font-size\">Musik, Kultur, spannende Diskussionen und Begegnungen mit Menschen, die den Horizont erweitern \u2013 all das erwartet uns. Und nein, man muss kein Kirchg\u00e4nger sein, um dabei zu sein. Neugierde, offen f\u00fcr neue Perspektiven und bereit, das Gef\u00fchl von Verbundenheit zu erleben reichen vollkommen.<\/p>\n<\/div>\n\n\n\n<div class=\"wp-block-column is-layout-flow wp-block-column-is-layout-flow\" style=\"flex-basis:33.33%\"><div class=\"wp-block-image\">\n<figure class=\"aligncenter size-full\"><img loading=\"lazy\" decoding=\"async\" width=\"288\" height=\"425\" src=\"https:\/\/www.evang-hermagor.at\/wp-content\/uploads\/2025\/06\/250611GAF2025.jpg\" alt=\"\" class=\"wp-image-6863\" srcset=\"https:\/\/www.evang-hermagor.at\/wp-content\/uploads\/2025\/06\/250611GAF2025.jpg 288w, https:\/\/www.evang-hermagor.at\/wp-content\/uploads\/2025\/06\/250611GAF2025-203x300.jpg 203w\" sizes=\"auto, (max-width: 288px) 100vw, 288px\" \/><figcaption class=\"wp-element-caption\">Logo des GA-Festes 2025<\/figcaption><\/figure>\n<\/div><\/div>\n<\/div>\n\n\n\n<p class=\"has-large-font-size\">Wir erleben einen Tag, an dem Geschichte lebendig wird, Gemeinschaft uns tr\u00e4gt und jeder f\u00fcr sich vielleicht eine Seite von sich selbst entdeckt, die einem selbst noch gar nicht so bekannt war. Kommt vorbei und lasst euch \u00fcberraschen \u2013 das Gustav-Adolf-Fest ist nicht Vergangenheit, sondern hat Zukunft.<\/p>\n\n\n\n<figure class=\"wp-block-image size-full is-resized\"><img loading=\"lazy\" decoding=\"async\" width=\"479\" height=\"122\" src=\"https:\/\/www.evang-hermagor.at\/wp-content\/uploads\/2024\/02\/240228Abstand.jpg\" alt=\"\" class=\"wp-image-2130\" style=\"width:250px\" srcset=\"https:\/\/www.evang-hermagor.at\/wp-content\/uploads\/2024\/02\/240228Abstand.jpg 479w, https:\/\/www.evang-hermagor.at\/wp-content\/uploads\/2024\/02\/240228Abstand-300x76.jpg 300w\" sizes=\"auto, (max-width: 479px) 100vw, 479px\" \/><\/figure>\n\n\n\n<p><\/p>\n","protected":false},"excerpt":{"rendered":"<p>Starke Wurzeln, lebendige Gemeinschaft Seine Wurzeln reichen zur\u00fcck bis in das 19. Jahrhundert, als evangelische Gemeinden im Zuge des 200. Todestages Gustav Adolfs von Schweden &hellip; <\/p>\n","protected":false},"author":3,"featured_media":0,"parent":0,"menu_order":0,"comment_status":"closed","ping_status":"closed","template":"","meta":{"footnotes":""},"class_list":["post-6864","page","type-page","status-publish","hentry"],"_links":{"self":[{"href":"https:\/\/www.evang-hermagor.at\/index.php?rest_route=\/wp\/v2\/pages\/6864","targetHints":{"allow":["GET"]}}],"collection":[{"href":"https:\/\/www.evang-hermagor.at\/index.php?rest_route=\/wp\/v2\/pages"}],"about":[{"href":"https:\/\/www.evang-hermagor.at\/index.php?rest_route=\/wp\/v2\/types\/page"}],"author":[{"embeddable":true,"href":"https:\/\/www.evang-hermagor.at\/index.php?rest_route=\/wp\/v2\/users\/3"}],"replies":[{"embeddable":true,"href":"https:\/\/www.evang-hermagor.at\/index.php?rest_route=%2Fwp%2Fv2%2Fcomments&post=6864"}],"version-history":[{"count":11,"href":"https:\/\/www.evang-hermagor.at\/index.php?rest_route=\/wp\/v2\/pages\/6864\/revisions"}],"predecessor-version":[{"id":6875,"href":"https:\/\/www.evang-hermagor.at\/index.php?rest_route=\/wp\/v2\/pages\/6864\/revisions\/6875"}],"wp:attachment":[{"href":"https:\/\/www.evang-hermagor.at\/index.php?rest_route=%2Fwp%2Fv2%2Fmedia&parent=6864"}],"curies":[{"name":"wp","href":"https:\/\/api.w.org\/{rel}","templated":true}]}}