{"id":6794,"date":"2025-06-01T06:33:17","date_gmt":"2025-06-01T06:33:17","guid":{"rendered":"https:\/\/www.evang-hermagor.at\/?page_id=6794"},"modified":"2025-06-01T06:33:17","modified_gmt":"2025-06-01T06:33:17","slug":"mein-kraftplatz","status":"publish","type":"page","link":"https:\/\/www.evang-hermagor.at\/?page_id=6794","title":{"rendered":"Mein Kraftplatz"},"content":{"rendered":"\n<h2 class=\"wp-block-heading\"><strong>Betrete die Ruhe. Sp\u00fcre den Moment. Lass dich tragen.<\/strong><\/h2>\n\n\n\n<div style=\"height:53px\" aria-hidden=\"true\" class=\"wp-block-spacer\"><\/div>\n\n\n\n<p class=\"has-large-font-size\">Die Nacht der offenen Kirche hat viele Menschen inspiriert. Sie zeigte, wie warm und einladend Gemeinschaft sein kann, wenn T\u00fcren und Herzen weit ge\u00f6ffnet sind. Die wenigsten kennen und nutzen die M\u00f6glichkeit, dass unsere Schneerosenkirche auch au\u00dferhalb der Nacht der offenen Kirchen oder der regelm\u00e4\u00dfigen Gottesdienste offen sind. Bei uns ist Offenheit keine Momentaufnahme, sondern ein Dauerzustand. Unsere Kirche \u00f6ffnet ihre Pforten jeden Tag \u2013 f\u00fcr jeden Menschen, der einen Ort der Stille, des Austauschs und der Geborgenheit sucht. Unsere T\u00fcren stehen t\u00e4glich von <strong>08:00 bis 18:00 Uhr<\/strong> (im Sommer auch schon mal l\u00e4nger) weit offen, um dir einen Raum der Ruhe, Inspiration und Herzlichkeit zu schenken.<\/p>\n\n\n\n<figure class=\"wp-block-image size-full is-resized\"><img loading=\"lazy\" decoding=\"async\" width=\"479\" height=\"122\" src=\"https:\/\/www.evang-hermagor.at\/wp-content\/uploads\/2024\/02\/240228Abstand.jpg\" alt=\"\" class=\"wp-image-2130\" style=\"width:250px\" srcset=\"https:\/\/www.evang-hermagor.at\/wp-content\/uploads\/2024\/02\/240228Abstand.jpg 479w, https:\/\/www.evang-hermagor.at\/wp-content\/uploads\/2024\/02\/240228Abstand-300x76.jpg 300w\" sizes=\"auto, (max-width: 479px) 100vw, 479px\" \/><\/figure>\n\n\n\n<p class=\"has-large-font-size\">Unsere Kirche ist mehr als ein Geb\u00e4ude, mehr als ein Ort f\u00fcr Gottesdienste. Sie ist eine stille Zuflucht inmitten des oft hektischen Alltags \u2013 ein Raum f\u00fcr Besinnung, Selbstfindung und innere Einkehr. Wann immer du das Bed\u00fcrfnis nach Frieden, Klarheit oder neuer Inspiration versp\u00fcrst, steht dir diese T\u00fcr offen.<\/p>\n\n\n\n<div class=\"wp-block-columns is-layout-flex wp-container-core-columns-is-layout-9d6595d7 wp-block-columns-is-layout-flex\">\n<div class=\"wp-block-column is-layout-flow wp-block-column-is-layout-flow\"><div class=\"wp-block-image\">\n<figure class=\"aligncenter size-full is-resized\"><img loading=\"lazy\" decoding=\"async\" width=\"250\" height=\"331\" src=\"https:\/\/www.evang-hermagor.at\/wp-content\/uploads\/2025\/05\/250525SchneerosenMeditation03.jpg\" alt=\"\" class=\"wp-image-6797\" style=\"width:320px\" srcset=\"https:\/\/www.evang-hermagor.at\/wp-content\/uploads\/2025\/05\/250525SchneerosenMeditation03.jpg 250w, https:\/\/www.evang-hermagor.at\/wp-content\/uploads\/2025\/05\/250525SchneerosenMeditation03-227x300.jpg 227w\" sizes=\"auto, (max-width: 250px) 100vw, 250px\" \/><\/figure>\n<\/div><\/div>\n\n\n\n<div class=\"wp-block-column is-layout-flow wp-block-column-is-layout-flow\">\n<p class=\"has-large-font-size\">Betrittst du den Kirchenraum, umf\u00e4ngt dich eine Atmosph\u00e4re, die von sanft flie\u00dfendem Licht, warmen Farben und einer erhabenen Stille gepr\u00e4gt ist. Die stillen Kl\u00e4nge von deiner, selbst mitgebrachten Musik, das Licht, das durch farbige Glasfenster bricht und die einfache und bescheidene Architektur wirken wie ein Katalysator f\u00fcr deine Gedanken und Gef\u00fchle. Eine Oase der Ruhe, der Besinnung, der Kunst und des Glaubens. In dieser Umgebung kannst du dich von Alltagssorgen l\u00f6sen und in eine Welt eintauchen, in der jede Ecke zum Innehalten und Tr\u00e4umen einl\u00e4dt. Die Weite des Raums l\u00e4dt dich ein, tief durchzuatmen. Hier finden Gedanken Platz, die in der Unruhe des Lebens oft keinen Raum haben.<\/p>\n<\/div>\n<\/div>\n\n\n\n<p class=\"has-large-font-size\">W\u00e4hrend viele Menschen heute f\u00fcr Inspirationsseminare, Selbstfindungskurse, Achtsamkeitstrainings, Meditationsworkshops und sogar kreative R\u00fcckzugsmodelle beachtliche Summen investieren, bietet dir die Schneerosenkirche all diese M\u00f6glichkeiten kostenfrei an. Ein Ort, der nichts fordert und dir doch so viel geben kann. Hier kannst du ohne finanziellen Druck Momente der inneren Einkehr erleben, die dir helfen, Klarheit, emotionale Balance und neue Kraft zu sch\u00f6pfen.<\/p>\n\n\n\n<div style=\"height:50px\" aria-hidden=\"true\" class=\"wp-block-spacer\"><\/div>\n\n\n\n<figure class=\"wp-block-image size-full is-resized\"><img loading=\"lazy\" decoding=\"async\" width=\"479\" height=\"122\" src=\"https:\/\/www.evang-hermagor.at\/wp-content\/uploads\/2024\/02\/240228Abstand.jpg\" alt=\"\" class=\"wp-image-2130\" style=\"width:250px\" srcset=\"https:\/\/www.evang-hermagor.at\/wp-content\/uploads\/2024\/02\/240228Abstand.jpg 479w, https:\/\/www.evang-hermagor.at\/wp-content\/uploads\/2024\/02\/240228Abstand-300x76.jpg 300w\" sizes=\"auto, (max-width: 479px) 100vw, 479px\" \/><\/figure>\n\n\n\n<p class=\"has-accent-color has-text-color has-link-color has-large-font-size wp-elements-3ec3198715b7dfed515887ec649d8145\"><em>Willkommen in diesem Kirchenraum<\/em>.<\/p>\n\n\n\n<div class=\"wp-block-columns is-layout-flex wp-container-core-columns-is-layout-9d6595d7 wp-block-columns-is-layout-flex\">\n<div class=\"wp-block-column is-layout-flow wp-block-column-is-layout-flow\">\n<p class=\"has-accent-color has-text-color has-link-color has-large-font-size wp-elements-135fa6edf5b047e6c2c8a34441c23bcd\"><em>Du kannst hier<\/em>:<\/p>\n\n\n\n<p class=\"has-accent-color has-text-color has-link-color has-large-font-size wp-elements-78d6a652f0811bfa8268ba850167a48b\"><em>innehalten<\/em>,<\/p>\n\n\n\n<p class=\"has-accent-color has-text-color has-link-color has-large-font-size wp-elements-4827476bdb44dd3179fd240150e57ade\"><em>deinen Alltag unterbrechen<\/em>,<\/p>\n<\/div>\n\n\n\n<div class=\"wp-block-column is-layout-flow wp-block-column-is-layout-flow\">\n<p class=\"has-text-align-center has-accent-color has-text-color has-link-color has-large-font-size wp-elements-a907b296b720fe89ab3c16936ff748f9\"><em>\u00fcber dein Leben nachdenken<\/em>,<\/p>\n\n\n\n<p class=\"has-text-align-center has-accent-color has-text-color has-link-color has-large-font-size wp-elements-8a01b2f3c92461fcd738fadb41ba2867\"><em><em>sp\u00fcren was dich bewegt<\/em><\/em>,<\/p>\n\n\n\n<p class=\"has-text-align-center has-accent-color has-text-color has-link-color has-large-font-size wp-elements-7df4e8278358cf261e92fd5f1122b88f\"><em>schweigen<\/em>,<\/p>\n<\/div>\n\n\n\n<div class=\"wp-block-column is-layout-flow wp-block-column-is-layout-flow\">\n<p class=\"has-accent-color has-text-color has-link-color has-large-font-size wp-elements-af95d06c73e79406a4412918769e1292\"><em>Kraft sch\u00f6pfen<\/em>,<\/p>\n\n\n\n<p class=\"has-accent-color has-text-color has-link-color has-large-font-size wp-elements-51913a03d7e48008854f754a15f9ccaf\"><em>mit Gott sprechen<\/em>,<\/p>\n\n\n\n<p class=\"has-accent-color has-text-color has-link-color has-large-font-size wp-elements-d5179df65f367ce02c81e6493b159156\"><em>umhergehen<\/em>,<\/p>\n<\/div>\n<\/div>\n\n\n\n<p class=\"has-text-align-right has-accent-color has-text-color has-link-color has-large-font-size wp-elements-4d17c669225b4ae91b7c30d208ab2911\"><em>im Kirchenraum entdecken was er<\/em> <em>von Trost und Hoffnung zu erz\u00e4hlen wei\u00df<\/em>.<\/p>\n\n\n\n<figure class=\"wp-block-image size-full is-resized\"><img loading=\"lazy\" decoding=\"async\" width=\"479\" height=\"122\" src=\"https:\/\/www.evang-hermagor.at\/wp-content\/uploads\/2024\/02\/240228Abstand.jpg\" alt=\"\" class=\"wp-image-2130\" style=\"width:250px\" srcset=\"https:\/\/www.evang-hermagor.at\/wp-content\/uploads\/2024\/02\/240228Abstand.jpg 479w, https:\/\/www.evang-hermagor.at\/wp-content\/uploads\/2024\/02\/240228Abstand-300x76.jpg 300w\" sizes=\"auto, (max-width: 479px) 100vw, 479px\" \/><\/figure>\n\n\n\n<div style=\"height:50px\" aria-hidden=\"true\" class=\"wp-block-spacer\"><\/div>\n\n\n\n<p class=\"has-large-font-size\">Willst du nicht alleine sein, suche dir eine Begleitung, sei es ein vertrauter Freund, ein liebevolles Familienmitglied oder eine Seele, die mit dir lacht und weint. Jemand, der sich Zeit nimmt, zuzuh\u00f6ren und dich auf deinem Weg zu unterst\u00fctzen und zu begleiten.<\/p>\n\n\n\n<div class=\"wp-block-columns is-layout-flex wp-container-core-columns-is-layout-9d6595d7 wp-block-columns-is-layout-flex\">\n<div class=\"wp-block-column is-layout-flow wp-block-column-is-layout-flow\"><div class=\"wp-block-image\">\n<figure class=\"aligncenter size-full is-resized\"><img loading=\"lazy\" decoding=\"async\" width=\"158\" height=\"210\" src=\"https:\/\/www.evang-hermagor.at\/wp-content\/uploads\/2025\/05\/250525SchneerosenMeditation05.jpg\" alt=\"\" class=\"wp-image-6799\" style=\"width:310px\"\/><\/figure>\n<\/div><\/div>\n\n\n\n<div class=\"wp-block-column is-layout-flow wp-block-column-is-layout-flow\">\n<div style=\"height:49px\" aria-hidden=\"true\" class=\"wp-block-spacer\"><\/div>\n\n\n\n<p class=\"has-large-font-size\">Diese pers\u00f6nliche Gesellschaft erm\u00f6glicht es dir, in einem vertrauensvollen Rahmen \u00fcber deine Lebensfragen zu sprechen, Blockaden zu \u00fcberwinden und Mut f\u00fcr neue Lebensschritte zu sch\u00f6pfen.<\/p>\n\n\n\n<p class=\"has-large-font-size\">Nutze diese oft wenig genutzte, aber wertvolle M\u00f6glichkeit. Lass die Kirche zu deinem pers\u00f6nlichen Ort der Stille und Inspiration werden \u2013 wann immer du es brauchst. Komm vorbei, atme tief durch und entdecke die Kraft, die in dieser einzigartigen Atmosph\u00e4re schlummert.<\/p>\n<\/div>\n<\/div>\n\n\n<div class=\"wp-block-image\">\n<figure class=\"alignright size-full is-resized\"><img loading=\"lazy\" decoding=\"async\" width=\"479\" height=\"122\" src=\"https:\/\/www.evang-hermagor.at\/wp-content\/uploads\/2024\/02\/240228Abstand.jpg\" alt=\"\" class=\"wp-image-2130\" style=\"width:250px\" srcset=\"https:\/\/www.evang-hermagor.at\/wp-content\/uploads\/2024\/02\/240228Abstand.jpg 479w, https:\/\/www.evang-hermagor.at\/wp-content\/uploads\/2024\/02\/240228Abstand-300x76.jpg 300w\" sizes=\"auto, (max-width: 479px) 100vw, 479px\" \/><\/figure>\n<\/div>\n\n\n<div style=\"height:36px\" aria-hidden=\"true\" class=\"wp-block-spacer\"><\/div>\n\n\n\n<p class=\"has-large-font-size\">Unsere Kirchen bieten weit mehr als klassische Gottesdienste \u2013 sie \u00f6ffnen T\u00fcren zu inspirierenden Momenten stiller Einkehr und Selbstreflexion. In diesen behaglichen R\u00fcckzugsorten hei\u00dfen wir jeden willkommen, ganz gleich, welche konfessionelle oder spirituelle Pr\u00e4gung er mitbringt. Hier darfst du in die Stille eintauchen und \u00fcber die, dir wichtigen Werte deines Lebens nachzudenken.<\/p>\n\n\n\n<div style=\"height:36px\" aria-hidden=\"true\" class=\"wp-block-spacer\"><\/div>\n\n\n\n<div class=\"wp-block-columns is-layout-flex wp-container-core-columns-is-layout-9d6595d7 wp-block-columns-is-layout-flex\">\n<div class=\"wp-block-column is-layout-flow wp-block-column-is-layout-flow\">\n<figure class=\"wp-block-image size-full\"><img loading=\"lazy\" decoding=\"async\" width=\"355\" height=\"292\" src=\"https:\/\/www.evang-hermagor.at\/wp-content\/uploads\/2025\/05\/250525SchneerosenMeditation00.jpg\" alt=\"\" class=\"wp-image-6801\" srcset=\"https:\/\/www.evang-hermagor.at\/wp-content\/uploads\/2025\/05\/250525SchneerosenMeditation00.jpg 355w, https:\/\/www.evang-hermagor.at\/wp-content\/uploads\/2025\/05\/250525SchneerosenMeditation00-300x247.jpg 300w\" sizes=\"auto, (max-width: 355px) 100vw, 355px\" \/><\/figure>\n\n\n\n<p><em>Eine Art Fastentuch mit einem 12-Bilder Zyklus von der Verk\u00fcndigung der Geburt Christi bis zu seiner Auferstehung. <\/em><em>Maler: Taje Tesfaje, Addis Abeba \/ \u00c4thiopien<\/em><\/p>\n<\/div>\n\n\n\n<div class=\"wp-block-column is-layout-flow wp-block-column-is-layout-flow\">\n<figure class=\"wp-block-image size-full\"><img loading=\"lazy\" decoding=\"async\" width=\"262\" height=\"342\" src=\"https:\/\/www.evang-hermagor.at\/wp-content\/uploads\/2025\/05\/250525SchneerosenMeditation04.jpg\" alt=\"\" class=\"wp-image-6798\" srcset=\"https:\/\/www.evang-hermagor.at\/wp-content\/uploads\/2025\/05\/250525SchneerosenMeditation04.jpg 262w, https:\/\/www.evang-hermagor.at\/wp-content\/uploads\/2025\/05\/250525SchneerosenMeditation04-230x300.jpg 230w\" sizes=\"auto, (max-width: 262px) 100vw, 262px\" \/><\/figure>\n\n\n\n<p><em>Ein Holzkreuz aus heimischen Holz (L\u00e4rche). Geschaffen und gewidmet von Herbert K\u00e4ferle, vlg. Stubenvoll, aus K\u00fchweg bei Hermagor. K\u00e4ferle ist Bauer und bet\u00e4tigt sich autodidaktisch mit der k\u00fcnstlerischen Gestaltung von Holzskulpturen und Schnitzereien.<\/em><\/p>\n<\/div>\n\n\n\n<div class=\"wp-block-column is-layout-flow wp-block-column-is-layout-flow\">\n<figure class=\"wp-block-image size-full\"><img loading=\"lazy\" decoding=\"async\" width=\"175\" height=\"360\" src=\"https:\/\/www.evang-hermagor.at\/wp-content\/uploads\/2025\/05\/250525SchneerosenMeditation01.jpg\" alt=\"\" class=\"wp-image-6795\" srcset=\"https:\/\/www.evang-hermagor.at\/wp-content\/uploads\/2025\/05\/250525SchneerosenMeditation01.jpg 175w, https:\/\/www.evang-hermagor.at\/wp-content\/uploads\/2025\/05\/250525SchneerosenMeditation01-146x300.jpg 146w\" sizes=\"auto, (max-width: 175px) 100vw, 175px\" \/><\/figure>\n\n\n\n<p><em>Geschaffen und gewidmet von Kurt Grollitsch aus Radnig, Kurator der Pfarrgemeinde Hermagor von 2010 bis 2018. <\/em><em>Dieses und andere Werke &nbsp;h\u00e4ngen, verteilt, in der Schneerosenkirche.<\/em><\/p>\n<\/div>\n<\/div>\n\n\n\n<div style=\"height:36px\" aria-hidden=\"true\" class=\"wp-block-spacer\"><\/div>\n\n\n\n<p class=\"has-large-font-size\">In dieser harmonischen Atmosph\u00e4re verschmelzen Elemente verschiedener Glaubenstraditionen zu einem Erlebnis, das Herz und Geist gleicherma\u00dfen ber\u00fchren kann.<\/p>\n\n\n\n<p class=\"has-large-font-size\">Vielleicht entdeckst du in diesen stillen Momenten sogar Ideen, die dein Leben ver\u00e4ndern, oder die innere Ruhe, die dir hilft, neue Wege zu gehen.<\/p>\n\n\n\n<p class=\"has-large-font-size\">Lass dich von der Energie dieses besonderen Ortes ber\u00fchren \u2013 der Duft alter Gem\u00e4uer, das Licht, das durch die Fenster f\u00e4llt, und die stille Zuversicht warten auf dich. Dein Weg zu mehr Selbstfindung, innerer Ruhe und Inspiration kann hier beginnen.<\/p>\n\n\n<div class=\"wp-block-image\">\n<figure class=\"alignleft size-full is-resized\"><img loading=\"lazy\" decoding=\"async\" width=\"479\" height=\"122\" src=\"https:\/\/www.evang-hermagor.at\/wp-content\/uploads\/2024\/02\/240228Abstand.jpg\" alt=\"\" class=\"wp-image-2130\" style=\"width:250px\" srcset=\"https:\/\/www.evang-hermagor.at\/wp-content\/uploads\/2024\/02\/240228Abstand.jpg 479w, https:\/\/www.evang-hermagor.at\/wp-content\/uploads\/2024\/02\/240228Abstand-300x76.jpg 300w\" sizes=\"auto, (max-width: 479px) 100vw, 479px\" \/><\/figure>\n<\/div>\n\n\n<div style=\"height:51px\" aria-hidden=\"true\" class=\"wp-block-spacer\"><\/div>\n\n\n\n<div class=\"wp-block-columns is-layout-flex wp-container-core-columns-is-layout-9d6595d7 wp-block-columns-is-layout-flex\">\n<div class=\"wp-block-column is-layout-flow wp-block-column-is-layout-flow\">\n<blockquote class=\"wp-block-quote is-layout-flow wp-block-quote-is-layout-flow\">\n<p class=\"has-accent-color has-text-color has-link-color has-large-font-size wp-elements-ea4ae09869760d6097968fa837feae8e\"><em>Alles f\u00e4llt ab von mir, nichts ist mehr wichtig, ich bin da und ich<\/em> <em>sp\u00fcre mich.<\/em><\/p>\n<\/blockquote>\n<\/div>\n\n\n\n<div class=\"wp-block-column is-layout-flow wp-block-column-is-layout-flow\">\n<blockquote class=\"wp-block-quote is-layout-flow wp-block-quote-is-layout-flow\">\n<p class=\"has-accent-color has-text-color has-link-color has-large-font-size wp-elements-750ddbbf4f63cda4618b29ec960bd036\"><em>Gedanken kommen und gehen, ich bin da, sie gehen durch mich<\/em> <em>hindurch, ich lasse los.<\/em><\/p>\n<\/blockquote>\n<\/div>\n\n\n\n<div class=\"wp-block-column is-layout-flow wp-block-column-is-layout-flow\">\n<blockquote class=\"wp-block-quote is-layout-flow wp-block-quote-is-layout-flow\">\n<p class=\"has-accent-color has-text-color has-link-color has-large-font-size wp-elements-129fafd4398d7f92c1dca2b0c0b0a987\"><em>Ich horche und schaue, werde empfindsam f\u00fcr das Leben, ich<\/em> <em>bin da und ich ahne dich<\/em>.<\/p>\n<\/blockquote>\n<\/div>\n<\/div>\n\n\n\n<div class=\"wp-block-columns is-layout-flex wp-container-core-columns-is-layout-9d6595d7 wp-block-columns-is-layout-flex\">\n<div class=\"wp-block-column is-layout-flow wp-block-column-is-layout-flow\">\n<blockquote class=\"wp-block-quote is-layout-flow wp-block-quote-is-layout-flow\">\n<p class=\"has-accent-color has-text-color has-link-color has-large-font-size wp-elements-770e3717a26fb5969980ba2232aab2cd\"><em>Ich bin da, ich bin Leben, lebe den Augenblick, ich bin.<\/em><\/p>\n<\/blockquote>\n<\/div>\n\n\n\n<div class=\"wp-block-column is-layout-flow wp-block-column-is-layout-flow\">\n<blockquote class=\"wp-block-quote is-layout-flow wp-block-quote-is-layout-flow\">\n<p class=\"has-accent-color has-text-color has-link-color has-large-font-size wp-elements-b23bd883df2f520929d706bdd0313e9c\"><em>Vor dir, in dir, mit dir, aus dir.<\/em><\/p>\n<\/blockquote>\n<\/div>\n<\/div>\n\n\n\n<p class=\"has-text-align-right has-accent-color has-text-color has-link-color wp-elements-d192ea1d3b2fa253203ccce418e4f6ce\"><em>Text: Andrea Schwarz<\/em><\/p>\n\n\n\n<div style=\"height:27px\" aria-hidden=\"true\" class=\"wp-block-spacer\"><\/div>\n\n\n<div class=\"wp-block-image\">\n<figure class=\"alignleft size-full is-resized\"><img loading=\"lazy\" decoding=\"async\" width=\"479\" height=\"122\" src=\"https:\/\/www.evang-hermagor.at\/wp-content\/uploads\/2024\/02\/240228Abstand.jpg\" alt=\"\" class=\"wp-image-2130\" style=\"width:250px\" srcset=\"https:\/\/www.evang-hermagor.at\/wp-content\/uploads\/2024\/02\/240228Abstand.jpg 479w, https:\/\/www.evang-hermagor.at\/wp-content\/uploads\/2024\/02\/240228Abstand-300x76.jpg 300w\" sizes=\"auto, (max-width: 479px) 100vw, 479px\" \/><\/figure>\n<\/div>\n\n\n<div style=\"height:27px\" aria-hidden=\"true\" class=\"wp-block-spacer\"><\/div>\n\n\n\n<p class=\"has-large-font-size\">Erlebe einen Moment der Ruhe und Inspiration. In jeder Bankreihe findest du das <a href=\"https:\/\/evang-museum.at\/rundgang\/unsere-kirche\/evang-gesangbuch\/evang-gesangbuch-egoe\/warum-ein-neues-gesangbuch\/\">Evangelische Gesangbuch<\/a> \u2013 einen Schatz voller Lieder, Gebete, Psalmen und Liturgien. Es bietet die nicht nur musikalische Begleitung, sondern auch Worte, die dein Herz ber\u00fchren und deinen Glauben vertiefen. Nimm dir die Zeit, darin zu bl\u00e4ttern, zu singen und die spirituelle Vielfalt dieser Texte zu entdecken. M\u00f6gen dir die Zeilen Trost, Freude und neue Kraft schenken.<\/p>\n\n\n\n<p class=\"has-large-font-size\">Tauche ein in die sanfte Stille unseres Hauses und lass dich von der spirituellen Kraft dieses besonderen Ortes inspirieren. \u00d6ffne die T\u00fcr zu unserem <a href=\"https:\/\/www.evang-hermagor.at\/?p=6707\">virtuellen Kirchenraum<\/a> und entdecke herzliche Einblicke in unser lebendiges Gemeindeleben, aktuelle Veranstaltungen, besinnliche Texte und inspirierende Impulse \u2013 all das, was dir auf deinem pers\u00f6nlichen Glaubensweg neue Kraft schenkt. Willkommen in einem Raum, der zum Innehalten und Entdecken einl\u00e4dt.<\/p>\n\n\n\n<div style=\"height:27px\" aria-hidden=\"true\" class=\"wp-block-spacer\"><\/div>\n\n\n\n<div class=\"wp-block-columns is-layout-flex wp-container-core-columns-is-layout-9d6595d7 wp-block-columns-is-layout-flex\">\n<div class=\"wp-block-column is-layout-flow wp-block-column-is-layout-flow\">\n<figure class=\"wp-block-image size-full is-resized\"><img loading=\"lazy\" decoding=\"async\" width=\"228\" height=\"274\" src=\"https:\/\/www.evang-hermagor.at\/wp-content\/uploads\/2025\/05\/250525SchneerosenMeditation02.jpg\" alt=\"\" class=\"wp-image-6796\" style=\"width:350px\"\/><\/figure>\n<\/div>\n\n\n\n<div class=\"wp-block-column is-layout-flow wp-block-column-is-layout-flow\">\n<p class=\"has-large-font-size\">Neben der Emporens\u00e4ule, auf dem Schriftentisch, findest du unser G\u00e4stebuch \u2013 ein Ort f\u00fcr deine Gedanken, Erinnerungen und Impulse. Vielleicht hat dich ein besonderer Moment ber\u00fchrt, ein Lied bewegt oder eine stille Einkehr inspiriert. Vielleicht m\u00f6chtest du ein Wort des Glaubens hinterlassen oder deine Sicht auf unsere Arbeit in den Evangelischen Kirchengemeinden Hermagor-Watschig teilen. Jeder Eintrag, ob ein stilles Wort des Trostes, ein Ausdruck der Hoffnung oder konstruktives Feedback zu unserer Arbeit in den Evangelischen Kirchengemeinden Hermagor-Watschig, ist f\u00fcr uns ein kostbarer Beitrag.<\/p>\n<\/div>\n<\/div>\n\n\n\n<div style=\"height:27px\" aria-hidden=\"true\" class=\"wp-block-spacer\"><\/div>\n\n\n\n<p class=\"has-large-font-size\"> Deine Worte best\u00e4rken uns darin, die Arbeit in und f\u00fcr unsere Gemeinden behutsam und achtsam weiterzuentwickeln, ohne den Kern unseres christlichen Glaubens aus den Augen zu verlieren. Vielen Dank, dass du diesen besonderen Moment mit uns teilst und Teil unserer lebendigen Gemeinschaft bist.<\/p>\n\n\n\n<div style=\"height:27px\" aria-hidden=\"true\" class=\"wp-block-spacer\"><\/div>\n\n\n<div class=\"wp-block-image\">\n<figure class=\"alignleft size-full is-resized\"><img loading=\"lazy\" decoding=\"async\" width=\"479\" height=\"122\" src=\"https:\/\/www.evang-hermagor.at\/wp-content\/uploads\/2024\/02\/240228Abstand.jpg\" alt=\"\" class=\"wp-image-2130\" style=\"width:250px\" srcset=\"https:\/\/www.evang-hermagor.at\/wp-content\/uploads\/2024\/02\/240228Abstand.jpg 479w, https:\/\/www.evang-hermagor.at\/wp-content\/uploads\/2024\/02\/240228Abstand-300x76.jpg 300w\" sizes=\"auto, (max-width: 479px) 100vw, 479px\" \/><\/figure>\n<\/div>\n\n\n<div style=\"height:27px\" aria-hidden=\"true\" class=\"wp-block-spacer\"><\/div>\n\n\n\n<blockquote class=\"wp-block-quote is-layout-flow wp-block-quote-is-layout-flow\">\n<p class=\"has-accent-color has-text-color has-link-color has-large-font-size wp-elements-f1be1bfcf4f2925011e5632bb76b608c\"><em>Eines bitte ich vom HERRN, das h\u00e4tte ich gerne: dass ich im Hause des HERRN bleiben k\u00f6nne mein Leben lang, zu schauen die sch\u00f6nen Gottesdienste des HERRN und seinen Tempel zu betrachten.<\/em><\/p>\n<\/blockquote>\n\n\n\n<p class=\"has-text-align-right\"><a href=\"https:\/\/www.bibleserver.com\/LUT\/Psalm27%2C4\"><em>Psalm 27, 4<\/em><\/a><\/p>\n\n\n\n<div style=\"height:27px\" aria-hidden=\"true\" class=\"wp-block-spacer\"><\/div>\n\n\n<div class=\"wp-block-image\">\n<figure class=\"aligncenter size-full is-resized\"><img loading=\"lazy\" decoding=\"async\" width=\"479\" height=\"122\" src=\"https:\/\/www.evang-hermagor.at\/wp-content\/uploads\/2024\/02\/240228Abstand.jpg\" alt=\"\" class=\"wp-image-2130\" style=\"width:250px\" srcset=\"https:\/\/www.evang-hermagor.at\/wp-content\/uploads\/2024\/02\/240228Abstand.jpg 479w, https:\/\/www.evang-hermagor.at\/wp-content\/uploads\/2024\/02\/240228Abstand-300x76.jpg 300w\" sizes=\"auto, (max-width: 479px) 100vw, 479px\" \/><\/figure>\n<\/div>\n\n\n<div style=\"height:27px\" aria-hidden=\"true\" class=\"wp-block-spacer\"><\/div>\n","protected":false},"excerpt":{"rendered":"<p>Betrete die Ruhe. Sp\u00fcre den Moment. Lass dich tragen. Die Nacht der offenen Kirche hat viele Menschen inspiriert. Sie zeigte, wie warm und einladend Gemeinschaft &hellip; <\/p>\n","protected":false},"author":5,"featured_media":6814,"parent":0,"menu_order":0,"comment_status":"closed","ping_status":"closed","template":"","meta":{"footnotes":""},"class_list":["post-6794","page","type-page","status-publish","has-post-thumbnail","hentry"],"_links":{"self":[{"href":"https:\/\/www.evang-hermagor.at\/index.php?rest_route=\/wp\/v2\/pages\/6794","targetHints":{"allow":["GET"]}}],"collection":[{"href":"https:\/\/www.evang-hermagor.at\/index.php?rest_route=\/wp\/v2\/pages"}],"about":[{"href":"https:\/\/www.evang-hermagor.at\/index.php?rest_route=\/wp\/v2\/types\/page"}],"author":[{"embeddable":true,"href":"https:\/\/www.evang-hermagor.at\/index.php?rest_route=\/wp\/v2\/users\/5"}],"replies":[{"embeddable":true,"href":"https:\/\/www.evang-hermagor.at\/index.php?rest_route=%2Fwp%2Fv2%2Fcomments&post=6794"}],"version-history":[{"count":36,"href":"https:\/\/www.evang-hermagor.at\/index.php?rest_route=\/wp\/v2\/pages\/6794\/revisions"}],"predecessor-version":[{"id":6848,"href":"https:\/\/www.evang-hermagor.at\/index.php?rest_route=\/wp\/v2\/pages\/6794\/revisions\/6848"}],"wp:featuredmedia":[{"embeddable":true,"href":"https:\/\/www.evang-hermagor.at\/index.php?rest_route=\/wp\/v2\/media\/6814"}],"wp:attachment":[{"href":"https:\/\/www.evang-hermagor.at\/index.php?rest_route=%2Fwp%2Fv2%2Fmedia&parent=6794"}],"curies":[{"name":"wp","href":"https:\/\/api.w.org\/{rel}","templated":true}]}}