{"id":4797,"date":"2024-11-15T17:53:11","date_gmt":"2024-11-15T17:53:11","guid":{"rendered":"https:\/\/www.evang-hermagor.at\/?page_id=4797"},"modified":"2024-11-18T13:52:29","modified_gmt":"2024-11-18T13:52:29","slug":"abendmahlsgottesdienst","status":"publish","type":"page","link":"https:\/\/www.evang-hermagor.at\/?page_id=4797","title":{"rendered":"Abendmahlsgottesdienst"},"content":{"rendered":"\n<h2 class=\"wp-block-heading\"><strong>Frieden und Vergebung | Mit Brot und Wein<\/strong><\/h2>\n\n\n\n<p class=\"has-large-font-size\">Lassen Sie sich jeden ersten Sonntag im Monat von unserem besonderen Gottesdienst mit Heiligem Abendmahl inspirieren. Es erinnert an das letzte Abendmahl Jesu mit seinen J\u00fcngern und&nbsp; wir feiern die tiefe Gemeinschaft der Gl\u00e4ubigen mit Christus.<\/p>\n\n\n\n<figure class=\"wp-block-image size-full is-resized\"><img loading=\"lazy\" decoding=\"async\" width=\"479\" height=\"122\" src=\"https:\/\/www.evang-hermagor.at\/wp-content\/uploads\/2024\/02\/240228Abstand.jpg\" alt=\"\" class=\"wp-image-2130\" style=\"width:200px\" srcset=\"https:\/\/www.evang-hermagor.at\/wp-content\/uploads\/2024\/02\/240228Abstand.jpg 479w, https:\/\/www.evang-hermagor.at\/wp-content\/uploads\/2024\/02\/240228Abstand-300x76.jpg 300w\" sizes=\"auto, (max-width: 479px) 100vw, 479px\" \/><\/figure>\n\n\n\n<div class=\"wp-block-columns is-layout-flex wp-container-core-columns-is-layout-9d6595d7 wp-block-columns-is-layout-flex\">\n<div class=\"wp-block-column is-layout-flow wp-block-column-is-layout-flow\" style=\"flex-basis:33.33%\">\n<figure class=\"wp-block-image size-full\"><img loading=\"lazy\" decoding=\"async\" width=\"440\" height=\"334\" src=\"https:\/\/www.evang-hermagor.at\/wp-content\/uploads\/2024\/11\/241114Abendmahl01.jpg\" alt=\"\" class=\"wp-image-4796\" srcset=\"https:\/\/www.evang-hermagor.at\/wp-content\/uploads\/2024\/11\/241114Abendmahl01.jpg 440w, https:\/\/www.evang-hermagor.at\/wp-content\/uploads\/2024\/11\/241114Abendmahl01-300x228.jpg 300w\" sizes=\"auto, (max-width: 440px) 100vw, 440px\" \/><\/figure>\n<\/div>\n\n\n\n<div class=\"wp-block-column is-layout-flow wp-block-column-is-layout-flow\" style=\"flex-basis:66.66%\">\n<div style=\"height:58px\" aria-hidden=\"true\" class=\"wp-block-spacer\"><\/div>\n\n\n\n<p class=\"has-large-font-size\">Die Liturgie dieses besonderen Gottesdienstes umfasst ber\u00fchrende Gebete, bewegende Lieder und feierliche Rituale, die uns auf das Abendmahl einstimmen. Empfangen Sie Brot und Wein (oder Traubensaft) als Symbole f\u00fcr den Leib und das Blut Christi und erleben Sie die tiefen Bedeutungen von Vergebung, Gemeinschaft und Gnade. Auch Kinder sind herzlich eingeladen, an dieser Feier teilzunehmen.<\/p>\n<\/div>\n<\/div>\n\n\n\n<div class=\"wp-block-columns is-layout-flex wp-container-core-columns-is-layout-9d6595d7 wp-block-columns-is-layout-flex\">\n<div class=\"wp-block-column is-layout-flow wp-block-column-is-layout-flow\">\n<div style=\"height:32px\" aria-hidden=\"true\" class=\"wp-block-spacer\"><\/div>\n\n\n\n<p class=\"has-large-font-size\">Martin Luther glaubte fest an die tats\u00e4chliche Gegenwart Christi im Abendmahl. Er vertrat die Ansicht, dass Christus auf besondere Weise im gereichten Brot und Wein zugegen ist. Es ist eine Gedenkfeier an das Opfer Jesu am Kreuz und eine M\u00f6glichkeit, die Gemeinschaft der Gl\u00e4ubigen mit Christus zu st\u00e4rken und die Vergebung der S\u00fcnden zu erleben. Martin Luther berief sich auf Bibelstellen wie 1. Korinther 11 | 23-26, um seine Ansichten zu untermauern. Er glaubte, dass die Worte Jesu &#8222;Das ist mein Leib&#8220; und &#8222;Das ist mein Blut&#8220; w\u00f6rtlich zu nehmen seien.<\/p>\n<\/div>\n\n\n\n<div class=\"wp-block-column is-layout-flow wp-block-column-is-layout-flow\">\n<blockquote class=\"wp-block-quote is-layout-flow wp-block-quote-is-layout-flow\">\n<p class=\"has-accent-color has-text-color has-link-color has-large-font-size wp-elements-6d779955e6644b56964405dd0dedfa81\"><em>Denn ich habe von dem Herrn empfangen, was ich euch weitergegeben habe: Der Herr Jesus, in der Nacht, da er verraten ward, nahm er das Brot,&nbsp;dankte und brach\u2019s und sprach: Das ist mein Leib f\u00fcr euch; das tut zu meinem Ged\u00e4chtnis.\u2002Desgleichen nahm er auch den Kelch nach dem Mahl und sprach: Dieser Kelch ist der neue Bund in meinem Blut; das tut, sooft ihr daraus trinkt, zu meinem Ged\u00e4chtnis. Denn sooft ihr von diesem Brot esst und von dem Kelch trinkt, verk\u00fcndigt ihr den Tod des Herrn, bis er kommt.<\/em><\/p>\n<\/blockquote>\n<\/div>\n<\/div>\n\n\n\n<p class=\"has-large-font-size\">Unser Pfarrer l\u00e4dt die Gottesdienstbesucher ein, am Heiligen Abendmahl teilzunehmen. In besinnlicher Atmosph\u00e4re versammeln sich die Gottesdienstbesucher gruppenweise, im Halbkreis vor dem Altar, begleitet von leiser, inspirierender Musik, die die feierliche Stimmung unterstreicht.<\/p>\n\n\n\n<div class=\"wp-block-columns is-layout-flex wp-container-core-columns-is-layout-9d6595d7 wp-block-columns-is-layout-flex\">\n<div class=\"wp-block-column is-layout-flow wp-block-column-is-layout-flow\" style=\"flex-basis:25%\"><\/div>\n\n\n\n<div class=\"wp-block-column is-layout-flow wp-block-column-is-layout-flow\" style=\"flex-basis:50%\"><div class=\"wp-block-image\">\n<figure class=\"alignright size-full\"><img loading=\"lazy\" decoding=\"async\" width=\"401\" height=\"81\" src=\"https:\/\/www.evang-hermagor.at\/wp-content\/uploads\/2024\/10\/241027Hoeren01.jpg\" alt=\"\" class=\"wp-image-4205\" srcset=\"https:\/\/www.evang-hermagor.at\/wp-content\/uploads\/2024\/10\/241027Hoeren01.jpg 401w, https:\/\/www.evang-hermagor.at\/wp-content\/uploads\/2024\/10\/241027Hoeren01-300x61.jpg 300w\" sizes=\"auto, (max-width: 401px) 100vw, 401px\" \/><\/figure>\n<\/div><\/div>\n\n\n\n<div class=\"wp-block-column is-layout-flow wp-block-column-is-layout-flow\" style=\"flex-basis:15%\">\n<figure class=\"wp-block-embed is-type-video is-provider-youtube wp-block-embed-youtube wp-embed-aspect-16-9 wp-has-aspect-ratio\"><div class=\"wp-block-embed__wrapper\">\n<iframe loading=\"lazy\" title=\"Gotteslobvideo (GL 208): Christe, du Lamm Gottes\" width=\"760\" height=\"428\" src=\"https:\/\/www.youtube.com\/embed\/bjIss3Kko9k?feature=oembed\" frameborder=\"0\" allow=\"accelerometer; autoplay; clipboard-write; encrypted-media; gyroscope; picture-in-picture; web-share\" referrerpolicy=\"strict-origin-when-cross-origin\" allowfullscreen><\/iframe>\n<\/div><\/figure>\n<\/div>\n<\/div>\n\n\n\n<div class=\"wp-block-columns is-layout-flex wp-container-core-columns-is-layout-9d6595d7 wp-block-columns-is-layout-flex\">\n<div class=\"wp-block-column is-layout-flow wp-block-column-is-layout-flow\">\n<p class=\"has-text-align-center has-accent-color has-text-color has-link-color has-large-font-size wp-elements-15a836250627f35efc506356b00c8011\"><em>Christe, du Lamm Gottes, der du tr\u00e4gst die S\u00fcnd&#8216; der Welt, erbarm dich unser.<\/em><\/p>\n<\/div>\n\n\n\n<div class=\"wp-block-column is-layout-flow wp-block-column-is-layout-flow\">\n<p class=\"has-text-align-center has-accent-color has-text-color has-link-color has-large-font-size wp-elements-15a836250627f35efc506356b00c8011\"><em>Christe, du Lamm Gottes, der du tr\u00e4gst die S\u00fcnd&#8216; der Welt, erbarm dich unser.<\/em><\/p>\n<\/div>\n\n\n\n<div class=\"wp-block-column is-layout-flow wp-block-column-is-layout-flow\">\n<p class=\"has-text-align-center has-accent-color has-text-color has-link-color has-large-font-size wp-elements-9e9a70c9c781da200ad34285cc3080d3\"><em>Christe, du Lamm Gottes, der du tr\u00e4gst die S\u00fcnd der Welt, gib uns deinen Frieden. Amen.<\/em><\/p>\n<\/div>\n<\/div>\n\n\n\n<p class=\"has-large-font-size\">Martin Luther hielt an der Feier des Abendmahls fest und integrierte den Agnus Dei in seine Gottesdienstordnung, um die Gemeinschaft der Gl\u00e4ubigen mit Christus zu st\u00e4rken. Er sah in diesem Gesang eine wertvolle Tradition, die die Botschaft von Jesus Christus als dem Erl\u00f6ser und Opferlamm betonte.<\/p>\n\n\n\n<figure class=\"wp-block-image size-full is-resized\"><img loading=\"lazy\" decoding=\"async\" width=\"479\" height=\"122\" src=\"https:\/\/www.evang-hermagor.at\/wp-content\/uploads\/2024\/02\/240228Abstand.jpg\" alt=\"\" class=\"wp-image-2130\" style=\"width:200px\" srcset=\"https:\/\/www.evang-hermagor.at\/wp-content\/uploads\/2024\/02\/240228Abstand.jpg 479w, https:\/\/www.evang-hermagor.at\/wp-content\/uploads\/2024\/02\/240228Abstand-300x76.jpg 300w\" sizes=\"auto, (max-width: 479px) 100vw, 479px\" \/><\/figure>\n\n\n\n<p class=\"has-large-font-size\">Das Brot (Hostie) symbolisiert beim Abendmahl den Leib Christi. Beim Empfang der Hostie wird an das Opfer Jesu Christi am Kreuz erinnert und daran, dass sein Leib f\u00fcr die S\u00fcnden der Menschheit geopfert wurde. Dieses Ritual betont die Einheit der Gl\u00e4ubigen und die Verbundenheit mit Christus durch den Glauben. Es ist ein Zeichen der Dankbarkeit und des Gedenkens an die Liebe und das Opfer Jesu.<\/p>\n\n\n\n<div class=\"wp-block-columns is-layout-flex wp-container-core-columns-is-layout-9d6595d7 wp-block-columns-is-layout-flex\">\n<div class=\"wp-block-column is-layout-flow wp-block-column-is-layout-flow\" style=\"flex-basis:66.66%\">\n<div style=\"height:62px\" aria-hidden=\"true\" class=\"wp-block-spacer\"><\/div>\n\n\n\n<p class=\"has-large-font-size\">Die Hostie, die beim Abendmahl verwendet wird, besteht traditionell aus unges\u00e4uertem Weizenmehl und Wasser. Eine einfache Zusammensetzung mit tiefer symbolischer Bedeutung. Die Hostie, die vor dem \u00dcberreichen gesegnet wird, repr\u00e4sentiert die Reinheit und Unverf\u00e4lschtheit Christi. Die schlichte Zusammensetzung steht f\u00fcr das Wesen des Glaubens und die Konzentration auf das Wesentliche.<\/p>\n\n\n\n<p class=\"has-large-font-size\">Das Brot wird mit den Worten &#8211; &#8222;Christus spricht: Das ist mein Leib, der f\u00fcr dich gegeben wird. Nimm und iss, zur Vergebung deiner S\u00fcnden&#8220; \u2013 \u00fcberreicht.<\/p>\n<\/div>\n\n\n\n<div class=\"wp-block-column is-layout-flow wp-block-column-is-layout-flow\" style=\"flex-basis:33.33%\">\n<figure class=\"wp-block-image size-full is-resized\"><img loading=\"lazy\" decoding=\"async\" width=\"463\" height=\"562\" src=\"https:\/\/www.evang-hermagor.at\/wp-content\/uploads\/2024\/11\/241114Abendmahl02a.jpg\" alt=\"\" class=\"wp-image-4792\" style=\"width:300px\" srcset=\"https:\/\/www.evang-hermagor.at\/wp-content\/uploads\/2024\/11\/241114Abendmahl02a.jpg 463w, https:\/\/www.evang-hermagor.at\/wp-content\/uploads\/2024\/11\/241114Abendmahl02a-247x300.jpg 247w\" sizes=\"auto, (max-width: 463px) 100vw, 463px\" \/><\/figure>\n<\/div>\n<\/div>\n\n\n\n<div style=\"height:44px\" aria-hidden=\"true\" class=\"wp-block-spacer\"><\/div>\n\n\n\n<div class=\"wp-block-columns is-layout-flex wp-container-core-columns-is-layout-9d6595d7 wp-block-columns-is-layout-flex\">\n<div class=\"wp-block-column is-layout-flow wp-block-column-is-layout-flow\" style=\"flex-basis:33.33%\">\n<figure class=\"wp-block-image size-full is-resized\"><img loading=\"lazy\" decoding=\"async\" width=\"443\" height=\"552\" src=\"https:\/\/www.evang-hermagor.at\/wp-content\/uploads\/2024\/11\/241114Abendmahl02b.jpg\" alt=\"\" class=\"wp-image-4793\" style=\"width:300px\" srcset=\"https:\/\/www.evang-hermagor.at\/wp-content\/uploads\/2024\/11\/241114Abendmahl02b.jpg 443w, https:\/\/www.evang-hermagor.at\/wp-content\/uploads\/2024\/11\/241114Abendmahl02b-241x300.jpg 241w\" sizes=\"auto, (max-width: 443px) 100vw, 443px\" \/><\/figure>\n<\/div>\n\n\n\n<div class=\"wp-block-column is-layout-flow wp-block-column-is-layout-flow\" style=\"flex-basis:66.66%\">\n<div style=\"height:43px\" aria-hidden=\"true\" class=\"wp-block-spacer\"><\/div>\n\n\n\n<p class=\"has-large-font-size\">Der Wein symbolisiert das Blut Christi. Er erinnert an das Opfer Jesu am Kreuz, bei dem er sein Blut vergoss, um die S\u00fcnden der Menschheit zu vergeben. Das Trinken des Weins ist ein Zeichen der Teilnahme an diesem Opfer und der Annahme von Gottes Gnade und Vergebung. Es repr\u00e4sentiert die Erneuerung des Glaubens und die tiefe spirituelle Verbindung zwischen den Gl\u00e4ubigen und Christus. Der Wein steht auch f\u00fcr das neue Leben und die Hoffnung, die durch das Opfer und die Auferstehung Jesu m\u00f6glich gemacht wurden. In der Bibel spricht Jesus davon, dass der Wein den neuen Bund in seinem Blut darstellt (Lukas 22 | 20).&nbsp;<\/p>\n<\/div>\n<\/div>\n\n\n\n<blockquote class=\"wp-block-quote is-layout-flow wp-block-quote-is-layout-flow\">\n<p class=\"has-accent-color has-text-color has-link-color has-large-font-size wp-elements-a4d6a0e172449be8f45c07aa13e8911d\">Desgleichen nahm er auch den Kelch nach dem Mahl und sprach: Dieser Kelch ist der neue Bund in meinem Blut, das f\u00fcr euch vergossen wird!<\/p>\n<\/blockquote>\n\n\n\n<p class=\"has-large-font-size\">Mit den Worten &#8211; &nbsp;&#8222;Christus spricht: Das ist mein Blut, das f\u00fcr dich vergossen wird. Nimm und trink \u2013 zur Vergebung deiner S\u00fcnden\u201c \u2013 wird der Kelch mit dem Wein \u00fcberreicht.<\/p>\n\n\n\n<figure class=\"wp-block-image size-full is-resized\"><img loading=\"lazy\" decoding=\"async\" width=\"479\" height=\"122\" src=\"https:\/\/www.evang-hermagor.at\/wp-content\/uploads\/2024\/02\/240228Abstand.jpg\" alt=\"\" class=\"wp-image-2130\" style=\"width:200px\" srcset=\"https:\/\/www.evang-hermagor.at\/wp-content\/uploads\/2024\/02\/240228Abstand.jpg 479w, https:\/\/www.evang-hermagor.at\/wp-content\/uploads\/2024\/02\/240228Abstand-300x76.jpg 300w\" sizes=\"auto, (max-width: 479px) 100vw, 479px\" \/><\/figure>\n\n\n\n<p class=\"has-large-font-size\">Nach diesem besonderen Moment der Gemeinschaft verabschiedet der Pfarrer die Abendmahlsteilnehmer mit einem inspirierenden Bibelspruch, der ihnen Kraft und Trost f\u00fcr den Alltag spenden soll.<\/p>\n\n\n\n<div class=\"wp-block-columns is-layout-flex wp-container-core-columns-is-layout-9d6595d7 wp-block-columns-is-layout-flex\">\n<div class=\"wp-block-column is-layout-flow wp-block-column-is-layout-flow\">\n<blockquote class=\"wp-block-quote is-layout-flow wp-block-quote-is-layout-flow\">\n<p class=\"has-accent-color has-text-color has-link-color has-large-font-size wp-elements-5cb2d3a09d7b2bf32dd011530f464b85\">Der Herr ist mein Hirte, mir wird nichts mangeln. Er weidet mich auf einer gr\u00fcnen Aue und f\u00fchrt mich zum frischen Wasser.<\/p>\n<\/blockquote>\n\n\n\n<p class=\"has-text-align-center\">Psalm 23 | 1-2<\/p>\n<\/div>\n\n\n\n<div class=\"wp-block-column is-layout-flow wp-block-column-is-layout-flow\">\n<blockquote class=\"wp-block-quote is-layout-flow wp-block-quote-is-layout-flow\">\n<p class=\"has-accent-color has-text-color has-link-color has-large-font-size wp-elements-ca14e2afc0758d8b610d91338e43002f\">Die auf den Herrn harren, kriegen neue Kraft, dass sie auffahren mit Fl\u00fcgeln wie Adler, dass sie laufen und nicht matt werden, dass sie wandeln und nicht m\u00fcde werden.<\/p>\n<\/blockquote>\n\n\n\n<p class=\"has-text-align-center\">Jesaja 40 | 31<\/p>\n<\/div>\n\n\n\n<div class=\"wp-block-column is-layout-flow wp-block-column-is-layout-flow\">\n<blockquote class=\"wp-block-quote is-layout-flow wp-block-quote-is-layout-flow\">\n<p class=\"has-accent-color has-text-color has-link-color has-large-font-size wp-elements-307e82d614c493fba83dbb327cc4e718\">Der Gott der Hoffnung aber erf\u00fclle euch mit aller Freude und Frieden im Glauben, dass ihr immer reicher werdet an Hoffnung durch die Kraft des Heiligen Geistes.<\/p>\n<\/blockquote>\n\n\n\n<p class=\"has-text-align-center\">R\u00f6mer 15 | 13<\/p>\n<\/div>\n<\/div>\n\n\n\n<p class=\"has-large-font-size\">Diese Worte bieten Trost, Hoffnung und geistliche St\u00e4rkung. Ein herzlicher H\u00e4ndedruck und die Worte \u201eFriede sei mit dir\u201c beschlie\u00dfen die Abendmahlszeremonie. Die Teilnehmer kehren dann in besinnlicher Stille zur\u00fcck zu ihren Bankreihen, erf\u00fcllt von der feierlichen Gemeinschaft und dem Segen des Augenblick.<\/p>\n\n\n\n<figure class=\"wp-block-image size-full is-resized\"><img loading=\"lazy\" decoding=\"async\" width=\"479\" height=\"122\" src=\"https:\/\/www.evang-hermagor.at\/wp-content\/uploads\/2024\/02\/240228Abstand.jpg\" alt=\"\" class=\"wp-image-2130\" style=\"width:200px\" srcset=\"https:\/\/www.evang-hermagor.at\/wp-content\/uploads\/2024\/02\/240228Abstand.jpg 479w, https:\/\/www.evang-hermagor.at\/wp-content\/uploads\/2024\/02\/240228Abstand-300x76.jpg 300w\" sizes=\"auto, (max-width: 479px) 100vw, 479px\" \/><\/figure>\n\n\n\n<p class=\"has-large-font-size\">Der Abendmahlsgottesdienst hebt die Bedeutung von Vergebung, Gemeinschaft und Gnade hervor. Es ist ein Moment der Besinnung und Erneuerung des Glaubens.&nbsp; Das gemeinsame Feiern des Abendmahls f\u00f6rdert die Einheit und Zusammengeh\u00f6rigkeit der Gemeinde. Es ist ein Ausdruck der Solidarit\u00e4t und der gemeinsamen Hoffnung im Glauben.<\/p>\n\n\n<div class=\"wp-block-image\">\n<figure class=\"aligncenter size-full\"><img loading=\"lazy\" decoding=\"async\" width=\"591\" height=\"300\" src=\"https:\/\/www.evang-hermagor.at\/wp-content\/uploads\/2024\/11\/241114Abendmahl00.jpg\" alt=\"\" class=\"wp-image-4795\" srcset=\"https:\/\/www.evang-hermagor.at\/wp-content\/uploads\/2024\/11\/241114Abendmahl00.jpg 591w, https:\/\/www.evang-hermagor.at\/wp-content\/uploads\/2024\/11\/241114Abendmahl00-300x152.jpg 300w\" sizes=\"auto, (max-width: 591px) 100vw, 591px\" \/><\/figure>\n<\/div>\n\n\n<p class=\"has-large-font-size\">Ein zentraler Gedanke der Reformation und des evangelischen Glaubens ist das &#8222;Priestertum aller Gl\u00e4ubigen&#8220;. Das bedeutet, dass die Vergebung der S\u00fcnden direkt durch Gott geschieht, und somit die Gl\u00e4ubigen ihre S\u00fcnden im Gebet direkt vor Gott bekennen und um Vergebung bitten k\u00f6nnen. Durch das stille Bekenntnis der S\u00fcnden im Gottesdienst und die Teilnahme am Abendmahl empfangen die Gl\u00e4ubigen Vergebung und Gnade.<\/p>\n\n\n\n<div class=\"wp-block-columns is-layout-flex wp-container-core-columns-is-layout-9d6595d7 wp-block-columns-is-layout-flex\">\n<div class=\"wp-block-column is-layout-flow wp-block-column-is-layout-flow\" style=\"flex-basis:66.66%\">\n<p class=\"has-large-font-size\">Wie jeden Gottesdienst beendet unser Pfarrer auch den Abendmahlsgottesdienst mit dem Segen: &#8222;Der Herr segne euch und beh\u00fcte euch. Der Herr lasse sein Angesicht leuchten \u00fcber euch und sei euch gn\u00e4dig. Der Herr erhebe sein Angesicht auf euch und gebe euch Frieden. Amen.&#8220;<\/p>\n<\/div>\n\n\n\n<div class=\"wp-block-column is-layout-flow wp-block-column-is-layout-flow\" style=\"flex-basis:33.33%\">\n<figure class=\"wp-block-image size-full is-resized\"><img loading=\"lazy\" decoding=\"async\" width=\"469\" height=\"344\" src=\"https:\/\/www.evang-hermagor.at\/wp-content\/uploads\/2024\/11\/241114Gottesdienst03.jpg\" alt=\"\" class=\"wp-image-4756\" style=\"width:200px\" srcset=\"https:\/\/www.evang-hermagor.at\/wp-content\/uploads\/2024\/11\/241114Gottesdienst03.jpg 469w, https:\/\/www.evang-hermagor.at\/wp-content\/uploads\/2024\/11\/241114Gottesdienst03-300x220.jpg 300w\" sizes=\"auto, (max-width: 469px) 100vw, 469px\" \/><\/figure>\n<\/div>\n<\/div>\n\n\n\n<figure class=\"wp-block-image size-full is-resized\"><img loading=\"lazy\" decoding=\"async\" width=\"479\" height=\"122\" src=\"https:\/\/www.evang-hermagor.at\/wp-content\/uploads\/2024\/02\/240228Abstand.jpg\" alt=\"\" class=\"wp-image-2130\" style=\"width:200px\" srcset=\"https:\/\/www.evang-hermagor.at\/wp-content\/uploads\/2024\/02\/240228Abstand.jpg 479w, https:\/\/www.evang-hermagor.at\/wp-content\/uploads\/2024\/02\/240228Abstand-300x76.jpg 300w\" sizes=\"auto, (max-width: 479px) 100vw, 479px\" \/><\/figure>\n\n\n\n<p class=\"has-large-font-size\">Verpassen Sie nicht die Gelegenheit, am n\u00e4chsten ersten Sonntag im Monat an dieser feierlichen Zusammenkunft teilzunehmen. Kommen Sie und lassen Sie uns gemeinsam den Glauben feiern und die Gnade Gottes sp\u00fcren. Wir freuen uns darauf, Sie willkommen zu hei\u00dfen.<\/p>\n\n\n\n<figure class=\"wp-block-image size-full is-resized\"><img loading=\"lazy\" decoding=\"async\" width=\"479\" height=\"122\" src=\"https:\/\/www.evang-hermagor.at\/wp-content\/uploads\/2024\/02\/240228Abstand.jpg\" alt=\"\" class=\"wp-image-2130\" style=\"width:200px\" srcset=\"https:\/\/www.evang-hermagor.at\/wp-content\/uploads\/2024\/02\/240228Abstand.jpg 479w, https:\/\/www.evang-hermagor.at\/wp-content\/uploads\/2024\/02\/240228Abstand-300x76.jpg 300w\" sizes=\"auto, (max-width: 479px) 100vw, 479px\" \/><\/figure>\n","protected":false},"excerpt":{"rendered":"<p>Frieden und Vergebung | Mit Brot und Wein Lassen Sie sich jeden ersten Sonntag im Monat von unserem besonderen Gottesdienst mit Heiligem Abendmahl inspirieren. Es &hellip; <\/p>\n","protected":false},"author":5,"featured_media":4799,"parent":0,"menu_order":0,"comment_status":"closed","ping_status":"closed","template":"","meta":{"footnotes":""},"class_list":["post-4797","page","type-page","status-publish","has-post-thumbnail","hentry"],"_links":{"self":[{"href":"https:\/\/www.evang-hermagor.at\/index.php?rest_route=\/wp\/v2\/pages\/4797","targetHints":{"allow":["GET"]}}],"collection":[{"href":"https:\/\/www.evang-hermagor.at\/index.php?rest_route=\/wp\/v2\/pages"}],"about":[{"href":"https:\/\/www.evang-hermagor.at\/index.php?rest_route=\/wp\/v2\/types\/page"}],"author":[{"embeddable":true,"href":"https:\/\/www.evang-hermagor.at\/index.php?rest_route=\/wp\/v2\/users\/5"}],"replies":[{"embeddable":true,"href":"https:\/\/www.evang-hermagor.at\/index.php?rest_route=%2Fwp%2Fv2%2Fcomments&post=4797"}],"version-history":[{"count":35,"href":"https:\/\/www.evang-hermagor.at\/index.php?rest_route=\/wp\/v2\/pages\/4797\/revisions"}],"predecessor-version":[{"id":4922,"href":"https:\/\/www.evang-hermagor.at\/index.php?rest_route=\/wp\/v2\/pages\/4797\/revisions\/4922"}],"wp:featuredmedia":[{"embeddable":true,"href":"https:\/\/www.evang-hermagor.at\/index.php?rest_route=\/wp\/v2\/media\/4799"}],"wp:attachment":[{"href":"https:\/\/www.evang-hermagor.at\/index.php?rest_route=%2Fwp%2Fv2%2Fmedia&parent=4797"}],"curies":[{"name":"wp","href":"https:\/\/api.w.org\/{rel}","templated":true}]}}