{"id":4737,"date":"2024-11-12T09:48:23","date_gmt":"2024-11-12T09:48:23","guid":{"rendered":"https:\/\/www.evang-hermagor.at\/?page_id=4737"},"modified":"2024-11-27T11:08:33","modified_gmt":"2024-11-27T11:08:33","slug":"deine-reise-zur-inneren-ruhe-durch-seelennahrung","status":"publish","type":"page","link":"https:\/\/www.evang-hermagor.at\/?page_id=4737","title":{"rendered":"Deine\u00a0Reise\u00a0zur\u00a0inneren\u00a0Ruhe\u00a0durch\u00a0Seelennahrung"},"content":{"rendered":"\n<h2 class=\"wp-block-heading\"><strong>Bewusst lesen, bewusst leben, bewusst wachsen<\/strong>.<\/h2>\n\n\n\n<div style=\"height:53px\" aria-hidden=\"true\" class=\"wp-block-spacer\"><\/div>\n\n\n\n<p class=\"has-large-font-size\">Beim Lesen der Texte in der Kategorie &#8222;Seelennahrung&#8220; geht es um mehr als nur das Verstehen der W\u00f6rter \u2013 es ist eine Reise ins Innere, die Herz und Seele ber\u00fchren sollen.<\/p>\n\n\n\n<figure class=\"wp-block-image size-full is-resized\"><img loading=\"lazy\" decoding=\"async\" width=\"479\" height=\"122\" src=\"https:\/\/www.evang-hermagor.at\/wp-content\/uploads\/2024\/02\/240228Abstand.jpg\" alt=\"\" class=\"wp-image-2130\" style=\"width:200px\" srcset=\"https:\/\/www.evang-hermagor.at\/wp-content\/uploads\/2024\/02\/240228Abstand.jpg 479w, https:\/\/www.evang-hermagor.at\/wp-content\/uploads\/2024\/02\/240228Abstand-300x76.jpg 300w\" sizes=\"auto, (max-width: 479px) 100vw, 479px\" \/><\/figure>\n\n\n\n<div class=\"wp-block-columns is-layout-flex wp-container-core-columns-is-layout-9d6595d7 wp-block-columns-is-layout-flex\">\n<div class=\"wp-block-column is-layout-flow wp-block-column-is-layout-flow\" style=\"flex-basis:35%\"><\/div>\n\n\n\n<div class=\"wp-block-column is-layout-flow wp-block-column-is-layout-flow\" style=\"flex-basis:50%\"><div class=\"wp-block-image\">\n<figure class=\"alignright size-full\"><img loading=\"lazy\" decoding=\"async\" width=\"401\" height=\"81\" src=\"https:\/\/www.evang-hermagor.at\/wp-content\/uploads\/2024\/10\/241027Hoeren01.jpg\" alt=\"\" class=\"wp-image-4205\" srcset=\"https:\/\/www.evang-hermagor.at\/wp-content\/uploads\/2024\/10\/241027Hoeren01.jpg 401w, https:\/\/www.evang-hermagor.at\/wp-content\/uploads\/2024\/10\/241027Hoeren01-300x61.jpg 300w\" sizes=\"auto, (max-width: 401px) 100vw, 401px\" \/><\/figure>\n<\/div>\n\n\n<p class=\"has-text-align-center\"><\/p>\n\n\n\n<details class=\"wp-block-details is-layout-flow wp-block-details-is-layout-flow\"><summary>Hallelujah<\/summary>\n<p>von Leonard Cohen ist ein legend\u00e4res Lied, das tief in die menschliche Seele eintaucht. 1984 ver\u00f6ffentlicht, hat es sich durch seine ber\u00fchrenden Melodien und poetischen Texte zu einem zeitlosen Klassiker entwickelt. Das Lied kombiniert spirituelle Motive und pers\u00f6nliche Erfahrungen und erz\u00e4hlt von Liebe, Verlust und der Suche nach Sinn.<\/p>\n<\/details>\n<\/div>\n\n\n\n<div class=\"wp-block-column is-layout-flow wp-block-column-is-layout-flow\" style=\"flex-basis:15%\">\n<figure class=\"wp-block-embed is-type-video is-provider-youtube wp-block-embed-youtube wp-embed-aspect-16-9 wp-has-aspect-ratio\"><div class=\"wp-block-embed__wrapper\">\n<iframe loading=\"lazy\" title=\"Hallelujah Duett und Chor - Grossartig!\" width=\"760\" height=\"428\" src=\"https:\/\/www.youtube.com\/embed\/sKHStux2yEA?feature=oembed\" frameborder=\"0\" allow=\"accelerometer; autoplay; clipboard-write; encrypted-media; gyroscope; picture-in-picture; web-share\" referrerpolicy=\"strict-origin-when-cross-origin\" allowfullscreen><\/iframe>\n<\/div><\/figure>\n\n\n\n<p>Rufus Wainwright \/ Leonard Cohen | Arrangiert: Mario Th\u00fcrig<\/p>\n<\/div>\n<\/div>\n\n\n\n<figure class=\"wp-block-image size-full is-resized\"><img loading=\"lazy\" decoding=\"async\" width=\"479\" height=\"122\" src=\"https:\/\/www.evang-hermagor.at\/wp-content\/uploads\/2024\/02\/240228Abstand.jpg\" alt=\"\" class=\"wp-image-2130\" style=\"width:200px\" srcset=\"https:\/\/www.evang-hermagor.at\/wp-content\/uploads\/2024\/02\/240228Abstand.jpg 479w, https:\/\/www.evang-hermagor.at\/wp-content\/uploads\/2024\/02\/240228Abstand-300x76.jpg 300w\" sizes=\"auto, (max-width: 479px) 100vw, 479px\" \/><\/figure>\n\n\n\n<p class=\"has-large-font-size\">Finde einen ruhigen Ort, an dem du nicht gest\u00f6rt wirst. Das kann eine gem\u00fctliche Ecke zu Hause, ein Park oder auch ein Caf\u00e9 sein. Schalte Ablenkungen wie das Handy oder den Fernseher aus, um voll und ganz in den Text eintauchen zu k\u00f6nnen.<\/p>\n\n\n\n<p class=\"has-large-font-size\">Nimm dir bewusst Zeit, den Text zu lesen. Seelennahrung braucht Mu\u00dfe und Geduld. Versuche nicht, den Text hastig zu \u00fcberfliegen, sondern lass jeden Satz auf dich wirken.<\/p>\n\n\n\n<p class=\"has-large-font-size\">Gehe mit einem offenen Herzen und offenem Geist an den Text heran. Sei bereit, neue Perspektiven zuzulassen und dich emotional ber\u00fchren zu lassen. Lass den Text seine Wirkung entfalten und versuche, ihn nicht durch voreilige Urteile oder Analysen zu blockieren.<\/p>\n\n\n\n<p class=\"has-large-font-size\">Oftmals ist es passend, Passagenweise einzeln zu lesen und gr\u00fcndlich zu reflektieren, statt den gesamten Text sofort zu Ende zu lesen. Lies ein St\u00fcck, lass die Gedanken und Gef\u00fchle, die dabei aufkommen, wirken, und nimm dir Zeit, sie zu verarbeiten. Wenn es zu viel wird, g\u00f6nn dir eine Pause und kehre sp\u00e4ter zur\u00fcck, um weiterzulesen. Dadurch kannst du das Gelesene intensiver und bewusster aufnehmen und es in deinem eigenen Tempo vertiefen. Dieses langsame und bewusste Lesen f\u00f6rdert eine tiefere Verbindung zum Text und hilft, die Botschaften nachhaltiger in dein Leben zu integrieren.<\/p>\n\n\n\n<p class=\"has-large-font-size\">W\u00e4hrend des Lesens und danach nimm dir Zeit zur Reflexion. Welche Passagen haben dich besonders angesprochen? Was hat in dir Resonanz erzeugt? Notiere dir Gedanken und Gef\u00fchle, die w\u00e4hrend des Lesens aufkommen. Diese Reflexion kann tiefere Einsichten und ein besseres Verst\u00e4ndnis f\u00fcr die eigenen Emotionen bringen.<\/p>\n\n\n\n<p class=\"has-large-font-size\">Lass dich von den Inhalten inspirieren. Oft enthalten solche Texte Weisheiten oder Geschichten, die zum Nachdenken und Handeln anregen. \u00dcberlege, wie du die Impulse aus dem Text in dein eigenes Leben integrieren kannst.<\/p>\n\n\n\n<p class=\"has-large-font-size\">Teile deine Eindr\u00fccke und Gedanken mit anderen. Ein Gespr\u00e4ch mit Freunden oder einer Gemeinschaft \u00fcber das Gelesene kann neue Perspektiven er\u00f6ffnen und das Verst\u00e4ndnis vertiefen.<\/p>\n\n\n\n<p class=\"has-large-font-size\">Manche Texte verdienen es, mehrmals gelesen zu werden. Jedes Mal k\u00f6nnen neue Bedeutungen und Einsichten auftauchen. Lies sie immer wieder, um seine Weisheiten vollst\u00e4ndig zu erfassen und in dein Leben zu integrieren.<\/p>\n\n\n\n<p class=\"has-large-font-size\">Durch diese Schritte kann das Lesen eines &#8222;Seelennahrungs-Artikels&#8220; zu einer bereichernden und transformierenden Erfahrung werden. Es geht darum, sich bewusst Zeit f\u00fcr sich selbst zu nehmen und den Text auf einer tieferen Ebene zu erleben.<\/p>\n\n\n\n<figure class=\"wp-block-image size-full is-resized\"><img loading=\"lazy\" decoding=\"async\" width=\"479\" height=\"122\" src=\"https:\/\/www.evang-hermagor.at\/wp-content\/uploads\/2024\/02\/240228Abstand.jpg\" alt=\"\" class=\"wp-image-2130\" style=\"width:200px\" srcset=\"https:\/\/www.evang-hermagor.at\/wp-content\/uploads\/2024\/02\/240228Abstand.jpg 479w, https:\/\/www.evang-hermagor.at\/wp-content\/uploads\/2024\/02\/240228Abstand-300x76.jpg 300w\" sizes=\"auto, (max-width: 479px) 100vw, 479px\" \/><\/figure>\n\n\n\n<p class=\"has-large-font-size\"><strong>Bewusst lesen, bewusst leben, bewusst wachsen.<\/strong><\/p>\n\n\n\n<figure class=\"wp-block-image size-full is-resized\"><img loading=\"lazy\" decoding=\"async\" width=\"479\" height=\"122\" src=\"https:\/\/www.evang-hermagor.at\/wp-content\/uploads\/2024\/02\/240228Abstand.jpg\" alt=\"\" class=\"wp-image-2130\" style=\"width:200px\" srcset=\"https:\/\/www.evang-hermagor.at\/wp-content\/uploads\/2024\/02\/240228Abstand.jpg 479w, https:\/\/www.evang-hermagor.at\/wp-content\/uploads\/2024\/02\/240228Abstand-300x76.jpg 300w\" sizes=\"auto, (max-width: 479px) 100vw, 479px\" \/><\/figure>\n\n\n\n<p><\/p>\n","protected":false},"excerpt":{"rendered":"<p>Bewusst lesen, bewusst leben, bewusst wachsen. Beim Lesen der Texte in der Kategorie &#8222;Seelennahrung&#8220; geht es um mehr als nur das Verstehen der W\u00f6rter \u2013 &hellip; <\/p>\n","protected":false},"author":5,"featured_media":4738,"parent":0,"menu_order":0,"comment_status":"closed","ping_status":"closed","template":"","meta":{"footnotes":""},"class_list":["post-4737","page","type-page","status-publish","has-post-thumbnail","hentry"],"_links":{"self":[{"href":"https:\/\/www.evang-hermagor.at\/index.php?rest_route=\/wp\/v2\/pages\/4737","targetHints":{"allow":["GET"]}}],"collection":[{"href":"https:\/\/www.evang-hermagor.at\/index.php?rest_route=\/wp\/v2\/pages"}],"about":[{"href":"https:\/\/www.evang-hermagor.at\/index.php?rest_route=\/wp\/v2\/types\/page"}],"author":[{"embeddable":true,"href":"https:\/\/www.evang-hermagor.at\/index.php?rest_route=\/wp\/v2\/users\/5"}],"replies":[{"embeddable":true,"href":"https:\/\/www.evang-hermagor.at\/index.php?rest_route=%2Fwp%2Fv2%2Fcomments&post=4737"}],"version-history":[{"count":22,"href":"https:\/\/www.evang-hermagor.at\/index.php?rest_route=\/wp\/v2\/pages\/4737\/revisions"}],"predecessor-version":[{"id":5068,"href":"https:\/\/www.evang-hermagor.at\/index.php?rest_route=\/wp\/v2\/pages\/4737\/revisions\/5068"}],"wp:featuredmedia":[{"embeddable":true,"href":"https:\/\/www.evang-hermagor.at\/index.php?rest_route=\/wp\/v2\/media\/4738"}],"wp:attachment":[{"href":"https:\/\/www.evang-hermagor.at\/index.php?rest_route=%2Fwp%2Fv2%2Fmedia&parent=4737"}],"curies":[{"name":"wp","href":"https:\/\/api.w.org\/{rel}","templated":true}]}}