{"id":4661,"date":"2024-11-11T13:44:22","date_gmt":"2024-11-11T13:44:22","guid":{"rendered":"https:\/\/www.evang-hermagor.at\/?page_id=4661"},"modified":"2025-04-23T13:54:06","modified_gmt":"2025-04-23T13:54:06","slug":"pfarrgemeinden","status":"publish","type":"page","link":"https:\/\/www.evang-hermagor.at\/?page_id=4661","title":{"rendered":"Pfarrgemeinden"},"content":{"rendered":"\n<h2 class=\"wp-block-heading\"><strong>Herzlich Willkommen in der Evangelischen Pfarrgemeinde Hermagor | Watschig<\/strong><\/h2>\n\n\n\n<p class=\"has-large-font-size\">Unsere Gemeinde liegt malerisch eingebettet im mittleren Gailtal, in der wundersch\u00f6nen Landschaft K\u00e4rntens im S\u00fcden \u00d6sterreichs.<\/p>\n\n\n\n<p class=\"has-large-font-size\">Die Pfarrgemeinde umfasst die beiden Hauptorte, die Bezirkshauptstadt Hermagor und den charmanten Ort Watschig. Hermagor, bekannt als Zentrum des Gailtals, ist umgeben von majest\u00e4tischen Bergen und idyllischen Seen. Die Pfarrgemeinde erstreckt sich \u00fcber das Stadtgebiet, das Gebiet und die Ortschaften \u00f6stlich von Hermagor bis nach St. Stefan, die Ortschaften im Gitschtal, M\u00f6schach, Kreuth ob M\u00f6schach, Gr\u00fcnburg und Liesch und die Ortschaften Krass und Radnig, n\u00f6rdlich von Hermagor gelegen. Die Tochtergemeinde Watschig, mit dem Toleranzbethaus, ein historisch bedeutendes Geb\u00e4ude aus dem Jahre 1783, bildet das Herzst\u00fcck der dortigen Gemeindeaktivit\u00e4ten. Im Westen z\u00e4hlen die Ortschaften Tr\u00f6polach und Danz, das Nassfeld, n\u00f6rdlich die Ortschaften Kameritsch, Kraschach und Bergl, sowie im Osten die Ortschaften Postran und Podlanig, zur Pfarrgemeinde Watschig.<\/p>\n\n\n\n<p class=\"has-large-font-size\">Unsere Pfarrgemeinde hat eine reiche Geschichte, die bis in die Zeit der Reformation zur\u00fcckreicht. Der evangelische Glaube fand seinen Weg nach K\u00e4rnten und pr\u00e4gte die Region nachhaltig. Im Laufe der Jahrhunderte hat sich die Gemeinde durch viele Herausforderungen hindurch fest im Glauben verwurzelt und ist zu einem Ort der Begegnung, des Trostes und der Freude geworden.<\/p>\n\n\n\n<figure class=\"wp-block-image size-full is-resized\"><img loading=\"lazy\" decoding=\"async\" width=\"479\" height=\"122\" src=\"https:\/\/www.evang-hermagor.at\/wp-content\/uploads\/2024\/02\/240228Abstand.jpg\" alt=\"\" class=\"wp-image-2130\" style=\"width:200px\" srcset=\"https:\/\/www.evang-hermagor.at\/wp-content\/uploads\/2024\/02\/240228Abstand.jpg 479w, https:\/\/www.evang-hermagor.at\/wp-content\/uploads\/2024\/02\/240228Abstand-300x76.jpg 300w\" sizes=\"auto, (max-width: 479px) 100vw, 479px\" \/><\/figure>\n\n\n\n<p class=\"has-large-font-size\">Erleben Sie die herzliche Atmosph\u00e4re unserer Pfarrgemeinden. In der Rubrik &#8222;Pfarrgemeinden&#8220; stellen wir Ihnen die Pfarrgemeinde Hermagor und die Tochtergemeinde Watschig n\u00e4her vor \u2013 sowohl personell, statistisch als auch historisch. Die Geschichte der Pfarrgemeinden ist in der Chronik nachzulesen, die ebenfalls Teil dieser Rubrik ist. Ein spannender Zeitstrahl bietet einen umfangreichen \u00dcberblick \u00fcber die Entstehung, Entwicklung sowie die H\u00f6hen und Tiefen unserer Gemeinden bis in die Gegenwart \u2013 spannend und informativ.<\/p>\n\n\n\n<p class=\"has-large-font-size\">Wir sind stolz darauf, eine lebendige und vielf\u00e4ltige Gemeinde zu sein, die Menschen aller Altersgruppen und Lebenssituationen willkommen hei\u00dft. Unsere Gottesdienste, Gemeinschaftsveranstaltungen und sozialen Projekte spiegeln unser Engagement wider, den Glauben in einer modernen Welt zu leben und weiterzugeben.<\/p>\n\n\n\n<p class=\"has-large-font-size\">Wir freuen uns darauf, gemeinsam mit Ihnen den Weg des Glaubens zu gehen.<\/p>\n\n\n\n<figure class=\"wp-block-image size-full is-resized\"><img loading=\"lazy\" decoding=\"async\" width=\"479\" height=\"122\" src=\"https:\/\/www.evang-hermagor.at\/wp-content\/uploads\/2024\/02\/240228Abstand.jpg\" alt=\"\" class=\"wp-image-2130\" style=\"width:200px\" srcset=\"https:\/\/www.evang-hermagor.at\/wp-content\/uploads\/2024\/02\/240228Abstand.jpg 479w, https:\/\/www.evang-hermagor.at\/wp-content\/uploads\/2024\/02\/240228Abstand-300x76.jpg 300w\" sizes=\"auto, (max-width: 479px) 100vw, 479px\" \/><\/figure>\n","protected":false},"excerpt":{"rendered":"<p>Herzlich Willkommen in der Evangelischen Pfarrgemeinde Hermagor | Watschig Unsere Gemeinde liegt malerisch eingebettet im mittleren Gailtal, in der wundersch\u00f6nen Landschaft K\u00e4rntens im S\u00fcden \u00d6sterreichs. &hellip; <\/p>\n","protected":false},"author":5,"featured_media":4659,"parent":0,"menu_order":0,"comment_status":"closed","ping_status":"closed","template":"","meta":{"footnotes":""},"class_list":["post-4661","page","type-page","status-publish","has-post-thumbnail","hentry"],"_links":{"self":[{"href":"https:\/\/www.evang-hermagor.at\/index.php?rest_route=\/wp\/v2\/pages\/4661","targetHints":{"allow":["GET"]}}],"collection":[{"href":"https:\/\/www.evang-hermagor.at\/index.php?rest_route=\/wp\/v2\/pages"}],"about":[{"href":"https:\/\/www.evang-hermagor.at\/index.php?rest_route=\/wp\/v2\/types\/page"}],"author":[{"embeddable":true,"href":"https:\/\/www.evang-hermagor.at\/index.php?rest_route=\/wp\/v2\/users\/5"}],"replies":[{"embeddable":true,"href":"https:\/\/www.evang-hermagor.at\/index.php?rest_route=%2Fwp%2Fv2%2Fcomments&post=4661"}],"version-history":[{"count":2,"href":"https:\/\/www.evang-hermagor.at\/index.php?rest_route=\/wp\/v2\/pages\/4661\/revisions"}],"predecessor-version":[{"id":6510,"href":"https:\/\/www.evang-hermagor.at\/index.php?rest_route=\/wp\/v2\/pages\/4661\/revisions\/6510"}],"wp:featuredmedia":[{"embeddable":true,"href":"https:\/\/www.evang-hermagor.at\/index.php?rest_route=\/wp\/v2\/media\/4659"}],"wp:attachment":[{"href":"https:\/\/www.evang-hermagor.at\/index.php?rest_route=%2Fwp%2Fv2%2Fmedia&parent=4661"}],"curies":[{"name":"wp","href":"https:\/\/api.w.org\/{rel}","templated":true}]}}