{"id":4656,"date":"2024-11-11T13:44:54","date_gmt":"2024-11-11T13:44:54","guid":{"rendered":"https:\/\/www.evang-hermagor.at\/?page_id=4656"},"modified":"2024-11-11T13:44:54","modified_gmt":"2024-11-11T13:44:54","slug":"kirche-ich","status":"publish","type":"page","link":"https:\/\/www.evang-hermagor.at\/?page_id=4656","title":{"rendered":"Kirche &amp; Ich"},"content":{"rendered":"\n<h2 class=\"wp-block-heading\"><strong>Willkommen in der Rubrik &#8222;Kirche &amp; Ich&#8220;<\/strong><\/h2>\n\n\n\n<p class=\"has-large-font-size\">Hier erfahren sie alles rund um die Ber\u00fchrungspunkte, die sie als evangelischer Christ im Laufe ihres Lebens mit unserer Kirchengemeinde haben k\u00f6nnen. Von den ersten Schritten als T\u00e4ufling bis hin zu den letzten Wegen der Trauerbegleitung \u2013 wir sind an ihrer Seite.<\/p>\n\n\n\n<p class=\"has-large-font-size\">Die Reise beginnt oft mit der Taufe, einem freudigen Fest, bei dem wir unseren Kleinsten einen herzlichen Empfang bereiten. Die Konfirmation ist dann der n\u00e4chste gro\u00dfe Schritt \u2013 ein bisschen wie der &#8222;Glaubensf\u00fchrerschein&#8220;, der den jungen Glaubensreisenden signalisiert: &#8222;Ihr habt&#8217;s geschafft, ab jetzt seid ihr voll dabei!&#8220;<\/p>\n\n\n\n<p class=\"has-large-font-size\">Wer sich der Gemeinschaft anschlie\u00dfen m\u00f6chte oder vielleicht einen neuen Anlauf nehmen will, findet in unseren Informationen zu Kommen und Gehen wertvolle Hinweise. Ob verliebt und bereit f\u00fcr den Bund f\u00fcrs Leben oder nachdenklich und auf der Suche nach Trost bei einer Scheidung \u2013 wir begleiten Sie in allen Lebenslagen.<\/p>\n\n\n\n<p class=\"has-large-font-size\">Nat\u00fcrlich geh\u00f6rt auch der Abschied zum Leben. Unsere Seelsorge und Hospizbegleitung bieten Unterst\u00fctzung und Trost in schweren Zeiten, und bei Todesfall und Beerdigung stehen wir ihnen zur Seite, um gemeinsam w\u00fcrdevoll Abschied zu nehmen.<\/p>\n\n\n\n<p class=\"has-large-font-size\">Die Rubrik bietet auch Einblicke in die Welt der Kirchenbeitr\u00e4ge und Spenden. Da mag mancher sich denken, dass der Kirchenbeitrag so spannend ist wie trockene Kekse \u2013 aber keine Sorge, wir zeigen ihnen, wie ihre Beitr\u00e4ge wirklich etwas bewegen k\u00f6nnen und welche M\u00f6glichkeiten es gibt, Gutes zu tun.<\/p>\n\n\n\n<p class=\"has-large-font-size\">Von A bis Z \u2013 oder besser gesagt von der Taufe bis zum letzten Weg \u2013 entdecken sie, wie die evangelische Kirche ein steter Begleiter auf ihrem Lebensweg sein kann. Und wer wei\u00df, vielleicht finden sie dabei sogar den einen oder anderen unerwarteten Lichtblick.<\/p>\n\n\n\n<p class=\"has-large-font-size\">Wir laden sie herzlich ein, in unserer Rubrik &#8222;Kirche &amp; Ich&#8220; zu st\u00f6bern und mehr dar\u00fcber zu erfahren, wie wir sie begleiten und unterst\u00fctzen k\u00f6nnen.<\/p>\n\n\n\n<p class=\"has-large-font-size\">Willkommen auf ihrer Glaubensreise!<\/p>\n\n\n\n<figure class=\"wp-block-image size-full is-resized\"><img loading=\"lazy\" decoding=\"async\" width=\"479\" height=\"122\" src=\"https:\/\/www.evang-hermagor.at\/wp-content\/uploads\/2024\/02\/240228Abstand.jpg\" alt=\"\" class=\"wp-image-2130\" style=\"width:200px\" srcset=\"https:\/\/www.evang-hermagor.at\/wp-content\/uploads\/2024\/02\/240228Abstand.jpg 479w, https:\/\/www.evang-hermagor.at\/wp-content\/uploads\/2024\/02\/240228Abstand-300x76.jpg 300w\" sizes=\"auto, (max-width: 479px) 100vw, 479px\" \/><\/figure>\n","protected":false},"excerpt":{"rendered":"<p>Willkommen in der Rubrik &#8222;Kirche &amp; Ich&#8220; Hier erfahren sie alles rund um die Ber\u00fchrungspunkte, die sie als evangelischer Christ im Laufe ihres Lebens mit &hellip; <\/p>\n","protected":false},"author":5,"featured_media":4650,"parent":0,"menu_order":0,"comment_status":"closed","ping_status":"closed","template":"","meta":{"footnotes":""},"class_list":["post-4656","page","type-page","status-publish","has-post-thumbnail","hentry"],"_links":{"self":[{"href":"https:\/\/www.evang-hermagor.at\/index.php?rest_route=\/wp\/v2\/pages\/4656","targetHints":{"allow":["GET"]}}],"collection":[{"href":"https:\/\/www.evang-hermagor.at\/index.php?rest_route=\/wp\/v2\/pages"}],"about":[{"href":"https:\/\/www.evang-hermagor.at\/index.php?rest_route=\/wp\/v2\/types\/page"}],"author":[{"embeddable":true,"href":"https:\/\/www.evang-hermagor.at\/index.php?rest_route=\/wp\/v2\/users\/5"}],"replies":[{"embeddable":true,"href":"https:\/\/www.evang-hermagor.at\/index.php?rest_route=%2Fwp%2Fv2%2Fcomments&post=4656"}],"version-history":[{"count":2,"href":"https:\/\/www.evang-hermagor.at\/index.php?rest_route=\/wp\/v2\/pages\/4656\/revisions"}],"predecessor-version":[{"id":4658,"href":"https:\/\/www.evang-hermagor.at\/index.php?rest_route=\/wp\/v2\/pages\/4656\/revisions\/4658"}],"wp:featuredmedia":[{"embeddable":true,"href":"https:\/\/www.evang-hermagor.at\/index.php?rest_route=\/wp\/v2\/media\/4650"}],"wp:attachment":[{"href":"https:\/\/www.evang-hermagor.at\/index.php?rest_route=%2Fwp%2Fv2%2Fmedia&parent=4656"}],"curies":[{"name":"wp","href":"https:\/\/api.w.org\/{rel}","templated":true}]}}