{"id":4645,"date":"2024-11-11T06:32:29","date_gmt":"2024-11-11T06:32:29","guid":{"rendered":"https:\/\/www.evang-hermagor.at\/?page_id=4645"},"modified":"2024-11-11T06:36:19","modified_gmt":"2024-11-11T06:36:19","slug":"gemeinsam-glauben-entdecken","status":"publish","type":"page","link":"https:\/\/www.evang-hermagor.at\/?page_id=4645","title":{"rendered":"Gemeinsam Glauben entdecken"},"content":{"rendered":"\n<h2 class=\"wp-block-heading\"><strong>Mit Freunden wachsen, statt allein surfen<\/strong><\/h2>\n\n\n\n<p class=\"has-large-font-size\">Kinder finden Freunde in ihrem Alter, treffen sich in einer netten und hilfsbereiten Gruppe, lernen wichtige Dinge wie Respekt, Liebe, Toleranz und Mitgef\u00fchl. Sie lernen, kindgerecht, in Form von Geschichten und Erz\u00e4hlungen, viel \u00fcber den christlichen Glauben und k\u00f6nnen, wenn sie wollen, eine pers\u00f6nliche Beziehung zu Gott aufbauen. In der \u201eGlaubens Werkstatt\u201c k\u00f6nnen Kinder Freundschaften schlie\u00dfen und lernen, wie man gut miteinander umgeht. Werte wie Respekt und Mitgef\u00fchl werden, unaufdringlich und in vielen unterschiedlichen Beispielen aus der christlichen Welt, vermittelt und k\u00f6nnen ihnen im weiteren Leben helfen.<\/p>\n\n\n\n<div class=\"wp-block-columns is-layout-flex wp-container-core-columns-is-layout-9d6595d7 wp-block-columns-is-layout-flex\">\n<div class=\"wp-block-column is-layout-flow wp-block-column-is-layout-flow\">\n<figure class=\"wp-block-image size-full\"><img loading=\"lazy\" decoding=\"async\" width=\"453\" height=\"274\" src=\"https:\/\/www.evang-hermagor.at\/wp-content\/uploads\/2024\/10\/240901KiGoWatschig.jpg\" alt=\"\" class=\"wp-image-3594\" srcset=\"https:\/\/www.evang-hermagor.at\/wp-content\/uploads\/2024\/10\/240901KiGoWatschig.jpg 453w, https:\/\/www.evang-hermagor.at\/wp-content\/uploads\/2024\/10\/240901KiGoWatschig-300x181.jpg 300w\" sizes=\"auto, (max-width: 453px) 100vw, 453px\" \/><\/figure>\n<\/div>\n\n\n\n<div class=\"wp-block-column is-layout-flow wp-block-column-is-layout-flow\">\n<figure class=\"wp-block-image size-full\"><img loading=\"lazy\" decoding=\"async\" width=\"436\" height=\"293\" src=\"https:\/\/www.evang-hermagor.at\/wp-content\/uploads\/2024\/10\/240901KiGoHermagor.jpg\" alt=\"\" class=\"wp-image-3595\" srcset=\"https:\/\/www.evang-hermagor.at\/wp-content\/uploads\/2024\/10\/240901KiGoHermagor.jpg 436w, https:\/\/www.evang-hermagor.at\/wp-content\/uploads\/2024\/10\/240901KiGoHermagor-300x202.jpg 300w\" sizes=\"auto, (max-width: 436px) 100vw, 436px\" \/><\/figure>\n<\/div>\n<\/div>\n\n\n\n<p class=\"has-large-font-size\">Die Kinderstunde ist voller Spa\u00df mit Liedern, Basteln, Rollenspielen und spannenden Geschichten, die den Glauben auf spielerische Weise n\u00e4herbringen. Dabei lernen die Kinder auch, Verantwortung zu \u00fcbernehmen und respektvoll zu sein. Eltern k\u00f6nnen sicher sein, dass ihre Kinder in einer sicheren und liebevollen Umgebung sind und nach eigenem Belieben, w\u00e4hrenddessen, selbst am Gottesdienst teilnehmen.<\/p>\n\n\n\n<div class=\"wp-block-columns is-layout-flex wp-container-core-columns-is-layout-9d6595d7 wp-block-columns-is-layout-flex\">\n<div class=\"wp-block-column is-layout-flow wp-block-column-is-layout-flow\">\n<figure class=\"wp-block-image size-full\"><img loading=\"lazy\" decoding=\"async\" width=\"436\" height=\"444\" src=\"https:\/\/www.evang-hermagor.at\/wp-content\/uploads\/2024\/11\/241109Glaubensentdecker04.jpg\" alt=\"\" class=\"wp-image-4589\" srcset=\"https:\/\/www.evang-hermagor.at\/wp-content\/uploads\/2024\/11\/241109Glaubensentdecker04.jpg 436w, https:\/\/www.evang-hermagor.at\/wp-content\/uploads\/2024\/11\/241109Glaubensentdecker04-295x300.jpg 295w\" sizes=\"auto, (max-width: 436px) 100vw, 436px\" \/><\/figure>\n<\/div>\n\n\n\n<div class=\"wp-block-column is-layout-flow wp-block-column-is-layout-flow\">\n<figure class=\"wp-block-image size-full\"><img loading=\"lazy\" decoding=\"async\" width=\"253\" height=\"378\" src=\"https:\/\/www.evang-hermagor.at\/wp-content\/uploads\/2024\/11\/241109Glaubensentdecker03.jpg\" alt=\"\" class=\"wp-image-4588\" srcset=\"https:\/\/www.evang-hermagor.at\/wp-content\/uploads\/2024\/11\/241109Glaubensentdecker03.jpg 253w, https:\/\/www.evang-hermagor.at\/wp-content\/uploads\/2024\/11\/241109Glaubensentdecker03-201x300.jpg 201w\" sizes=\"auto, (max-width: 253px) 100vw, 253px\" \/><\/figure>\n<\/div>\n<\/div>\n\n\n\n<p class=\"has-large-font-size\">Die \u201eGlaubens Entdecker\u201c lernen, in einer Gruppe zu sprechen und ihre Gedanken zu teilen, was dazu beitr\u00e4gt, ihr Selbstbewusstsein und ihre Kommunikationsf\u00e4higkeit zu st\u00e4rken. Sie k\u00f6nnen sich als Teil einer gro\u00dfen Gemeinschaft f\u00fchlen und lernen christliche Traditionen kennen.<\/p>\n\n\n\n<div class=\"wp-block-columns is-layout-flex wp-container-core-columns-is-layout-9d6595d7 wp-block-columns-is-layout-flex\">\n<div class=\"wp-block-column is-layout-flow wp-block-column-is-layout-flow\">\n<figure class=\"wp-block-image size-full\"><img loading=\"lazy\" decoding=\"async\" width=\"752\" height=\"580\" src=\"https:\/\/www.evang-hermagor.at\/wp-content\/uploads\/2024\/10\/241004Beitragsfoto00.jpg\" alt=\"\" class=\"wp-image-3578\" srcset=\"https:\/\/www.evang-hermagor.at\/wp-content\/uploads\/2024\/10\/241004Beitragsfoto00.jpg 752w, https:\/\/www.evang-hermagor.at\/wp-content\/uploads\/2024\/10\/241004Beitragsfoto00-300x231.jpg 300w\" sizes=\"auto, (max-width: 752px) 100vw, 752px\" \/><\/figure>\n<\/div>\n\n\n\n<div class=\"wp-block-column is-layout-flow wp-block-column-is-layout-flow\">\n<figure class=\"wp-block-image size-full\"><img loading=\"lazy\" decoding=\"async\" width=\"634\" height=\"550\" src=\"https:\/\/www.evang-hermagor.at\/wp-content\/uploads\/2024\/10\/241004Beitragsfoto01.jpg\" alt=\"\" class=\"wp-image-3577\" srcset=\"https:\/\/www.evang-hermagor.at\/wp-content\/uploads\/2024\/10\/241004Beitragsfoto01.jpg 634w, https:\/\/www.evang-hermagor.at\/wp-content\/uploads\/2024\/10\/241004Beitragsfoto01-300x260.jpg 300w\" sizes=\"auto, (max-width: 634px) 100vw, 634px\" \/><\/figure>\n<\/div>\n<\/div>\n\n\n\n<p class=\"has-large-font-size\">Als Eltern haben Sie die M\u00f6glichkeit, Ihren Spr\u00f6sslingen eine wertvolle Alternative zu den oft reiz\u00fcberfluteten Freizeitbesch\u00e4ftigungen von heute zu bieten \u2013 vielleicht ist dieses Angebot genau das Richtige f\u00fcr Ihre Familie.<\/p>\n\n\n\n<figure class=\"wp-block-image size-full is-resized\"><img loading=\"lazy\" decoding=\"async\" width=\"479\" height=\"122\" src=\"https:\/\/www.evang-hermagor.at\/wp-content\/uploads\/2024\/02\/240228Abstand.jpg\" alt=\"\" class=\"wp-image-2130\" style=\"width:200px\" srcset=\"https:\/\/www.evang-hermagor.at\/wp-content\/uploads\/2024\/02\/240228Abstand.jpg 479w, https:\/\/www.evang-hermagor.at\/wp-content\/uploads\/2024\/02\/240228Abstand-300x76.jpg 300w\" sizes=\"auto, (max-width: 479px) 100vw, 479px\" \/><\/figure>\n","protected":false},"excerpt":{"rendered":"<p>Mit Freunden wachsen, statt allein surfen Kinder finden Freunde in ihrem Alter, treffen sich in einer netten und hilfsbereiten Gruppe, lernen wichtige Dinge wie Respekt, &hellip; <\/p>\n","protected":false},"author":5,"featured_media":4590,"parent":0,"menu_order":0,"comment_status":"closed","ping_status":"closed","template":"","meta":{"footnotes":""},"class_list":["post-4645","page","type-page","status-publish","has-post-thumbnail","hentry"],"_links":{"self":[{"href":"https:\/\/www.evang-hermagor.at\/index.php?rest_route=\/wp\/v2\/pages\/4645","targetHints":{"allow":["GET"]}}],"collection":[{"href":"https:\/\/www.evang-hermagor.at\/index.php?rest_route=\/wp\/v2\/pages"}],"about":[{"href":"https:\/\/www.evang-hermagor.at\/index.php?rest_route=\/wp\/v2\/types\/page"}],"author":[{"embeddable":true,"href":"https:\/\/www.evang-hermagor.at\/index.php?rest_route=\/wp\/v2\/users\/5"}],"replies":[{"embeddable":true,"href":"https:\/\/www.evang-hermagor.at\/index.php?rest_route=%2Fwp%2Fv2%2Fcomments&post=4645"}],"version-history":[{"count":2,"href":"https:\/\/www.evang-hermagor.at\/index.php?rest_route=\/wp\/v2\/pages\/4645\/revisions"}],"predecessor-version":[{"id":4648,"href":"https:\/\/www.evang-hermagor.at\/index.php?rest_route=\/wp\/v2\/pages\/4645\/revisions\/4648"}],"wp:featuredmedia":[{"embeddable":true,"href":"https:\/\/www.evang-hermagor.at\/index.php?rest_route=\/wp\/v2\/media\/4590"}],"wp:attachment":[{"href":"https:\/\/www.evang-hermagor.at\/index.php?rest_route=%2Fwp%2Fv2%2Fmedia&parent=4645"}],"curies":[{"name":"wp","href":"https:\/\/api.w.org\/{rel}","templated":true}]}}