{"id":4593,"date":"2024-11-09T17:21:03","date_gmt":"2024-11-09T17:21:03","guid":{"rendered":"https:\/\/www.evang-hermagor.at\/?page_id=4593"},"modified":"2024-11-12T13:13:15","modified_gmt":"2024-11-12T13:13:15","slug":"kirchenmaeuse","status":"publish","type":"page","link":"https:\/\/www.evang-hermagor.at\/?page_id=4593","title":{"rendered":"Kirchenm\u00e4use"},"content":{"rendered":"\n<h2 class=\"wp-block-heading\"><strong>die Glaubensentdecker<\/strong><\/h2>\n\n\n\n<div class=\"wp-block-columns is-layout-flex wp-container-core-columns-is-layout-9d6595d7 wp-block-columns-is-layout-flex\">\n<div class=\"wp-block-column is-layout-flow wp-block-column-is-layout-flow\" style=\"flex-basis:25%\"><div class=\"wp-block-image\">\n<figure class=\"aligncenter size-full is-resized\"><img loading=\"lazy\" decoding=\"async\" width=\"253\" height=\"378\" src=\"https:\/\/www.evang-hermagor.at\/wp-content\/uploads\/2024\/11\/241109Glaubensentdecker03.jpg\" alt=\"\" class=\"wp-image-4588\" style=\"width:160px\" srcset=\"https:\/\/www.evang-hermagor.at\/wp-content\/uploads\/2024\/11\/241109Glaubensentdecker03.jpg 253w, https:\/\/www.evang-hermagor.at\/wp-content\/uploads\/2024\/11\/241109Glaubensentdecker03-201x300.jpg 201w\" sizes=\"auto, (max-width: 253px) 100vw, 253px\" \/><\/figure>\n<\/div><\/div>\n\n\n\n<div class=\"wp-block-column is-layout-flow wp-block-column-is-layout-flow\" style=\"flex-basis:50%\">\n<div style=\"height:16px\" aria-hidden=\"true\" class=\"wp-block-spacer\"><\/div>\n\n\n\n<p class=\"has-large-font-size\">Willkommen bei den <a href=\"https:\/\/www.evang-hermagor.at\/?page_id=4009\">Kirchenm\u00e4usen<\/a> der Pfarrgemeinde Hermagor und Watschig! Unsere kleinen, flinken Freundinnen Hermi (Foto links) und Watschi (Foto rechts) sind die liebevollen Organisatoren der sonnt\u00e4glichen Kinderstunde. Hermi treibt in der Schneerosenkirche in Hermagor ihr Unwesen, w\u00e4hrend Watschi das Toleranzbethaus in Watschig ihr Zuhause nennt.<\/p>\n<\/div>\n\n\n\n<div class=\"wp-block-column is-layout-flow wp-block-column-is-layout-flow\" style=\"flex-basis:25%\"><div class=\"wp-block-image\">\n<figure class=\"alignleft size-full is-resized\"><img loading=\"lazy\" decoding=\"async\" width=\"436\" height=\"444\" src=\"https:\/\/www.evang-hermagor.at\/wp-content\/uploads\/2024\/11\/241109Glaubensentdecker04.jpg\" alt=\"\" class=\"wp-image-4589\" style=\"width:300px\" srcset=\"https:\/\/www.evang-hermagor.at\/wp-content\/uploads\/2024\/11\/241109Glaubensentdecker04.jpg 436w, https:\/\/www.evang-hermagor.at\/wp-content\/uploads\/2024\/11\/241109Glaubensentdecker04-295x300.jpg 295w\" sizes=\"auto, (max-width: 436px) 100vw, 436px\" \/><\/figure>\n<\/div><\/div>\n<\/div>\n\n\n\n<p class=\"has-large-font-size\">Jeden Sonntag laden diese beiden kirchlichen M\u00e4use alle interessierten Glaubensentdecker ein, um spannende Geschichten zu h\u00f6ren, zu basteln und zu malen. Die Kreativit\u00e4t kennt keine Grenzen: Es werden nicht nur fantasievolle Kunstwerke geschaffen, sondern auch abwechslungsreiche Spiele gespielt. Und wenn das Wetter es zul\u00e4sst, findet die Kinderstunde sogar in der freien Natur statt, wo es viel zu entdecken gibt!<\/p>\n\n\n\n<div class=\"wp-block-columns is-layout-flex wp-container-core-columns-is-layout-9d6595d7 wp-block-columns-is-layout-flex\">\n<div class=\"wp-block-column is-layout-flow wp-block-column-is-layout-flow\"><div class=\"wp-block-image\">\n<figure class=\"aligncenter size-full is-resized\"><img loading=\"lazy\" decoding=\"async\" width=\"327\" height=\"167\" src=\"https:\/\/www.evang-hermagor.at\/wp-content\/uploads\/2024\/11\/241109Glaubensentdecker02.jpg\" alt=\"\" class=\"wp-image-4587\" style=\"width:400px\" srcset=\"https:\/\/www.evang-hermagor.at\/wp-content\/uploads\/2024\/11\/241109Glaubensentdecker02.jpg 327w, https:\/\/www.evang-hermagor.at\/wp-content\/uploads\/2024\/11\/241109Glaubensentdecker02-300x153.jpg 300w\" sizes=\"auto, (max-width: 327px) 100vw, 327px\" \/><\/figure>\n<\/div><\/div>\n\n\n\n<div class=\"wp-block-column is-layout-flow wp-block-column-is-layout-flow\"><div class=\"wp-block-image\">\n<figure class=\"alignleft size-full is-resized\"><img loading=\"lazy\" decoding=\"async\" width=\"548\" height=\"315\" src=\"https:\/\/www.evang-hermagor.at\/wp-content\/uploads\/2024\/11\/241109Glaubensentdecker00.jpg\" alt=\"\" class=\"wp-image-4591\" style=\"width:350px\" srcset=\"https:\/\/www.evang-hermagor.at\/wp-content\/uploads\/2024\/11\/241109Glaubensentdecker00.jpg 548w, https:\/\/www.evang-hermagor.at\/wp-content\/uploads\/2024\/11\/241109Glaubensentdecker00-300x172.jpg 300w\" sizes=\"auto, (max-width: 548px) 100vw, 548px\" \/><\/figure>\n<\/div><\/div>\n<\/div>\n\n\n\n<p class=\"has-large-font-size\">In Watschig wird die Kinderstunde von Ingrid und ihrem engagierten Team begleitet. Seit Jahren bringen sie unerm\u00fcdlich Freude und Wissen zu den Kindern und gestalten jede Stunde zu einem Erlebnis. In Hermagor ist Angelika zusammen mit ihrer Tochter Katrin aktiv. Sie haben die Kinderkirche im Herbst 2024 wieder ins Leben gerufen und freuen sich \u00fcber jedes Kind, das den Weg zu ihnen findet.<\/p>\n\n\n\n<figure class=\"wp-block-image size-full is-resized\"><img loading=\"lazy\" decoding=\"async\" width=\"479\" height=\"122\" src=\"https:\/\/www.evang-hermagor.at\/wp-content\/uploads\/2024\/02\/240228Abstand.jpg\" alt=\"\" class=\"wp-image-2130\" style=\"width:200px\" srcset=\"https:\/\/www.evang-hermagor.at\/wp-content\/uploads\/2024\/02\/240228Abstand.jpg 479w, https:\/\/www.evang-hermagor.at\/wp-content\/uploads\/2024\/02\/240228Abstand-300x76.jpg 300w\" sizes=\"auto, (max-width: 479px) 100vw, 479px\" \/><\/figure>\n\n\n\n<div class=\"wp-block-columns is-layout-flex wp-container-core-columns-is-layout-9d6595d7 wp-block-columns-is-layout-flex\">\n<div class=\"wp-block-column is-layout-flow wp-block-column-is-layout-flow\" style=\"flex-basis:33.33%\">\n<div style=\"height:25px\" aria-hidden=\"true\" class=\"wp-block-spacer\"><\/div>\n\n\n<div class=\"wp-block-image\">\n<figure class=\"aligncenter size-full is-resized\"><img loading=\"lazy\" decoding=\"async\" width=\"386\" height=\"319\" src=\"https:\/\/www.evang-hermagor.at\/wp-content\/uploads\/2024\/11\/241109Glaubensentdecker01.jpg\" alt=\"\" class=\"wp-image-4592\" style=\"width:280px\" srcset=\"https:\/\/www.evang-hermagor.at\/wp-content\/uploads\/2024\/11\/241109Glaubensentdecker01.jpg 386w, https:\/\/www.evang-hermagor.at\/wp-content\/uploads\/2024\/11\/241109Glaubensentdecker01-300x248.jpg 300w\" sizes=\"auto, (max-width: 386px) 100vw, 386px\" \/><\/figure>\n<\/div><\/div>\n\n\n\n<div class=\"wp-block-column is-layout-flow wp-block-column-is-layout-flow\" style=\"flex-basis:66.66%\">\n<div style=\"height:44px\" aria-hidden=\"true\" class=\"wp-block-spacer\"><\/div>\n\n\n\n<p class=\"has-large-font-size\">Die Kinderstunde bietet den jungen Glaubensentdeckern viele Vorteile. Sie lernen spielerisch die biblischen Geschichten kennen und erfahren gleichzeitig, was Gemeinschaft und Zusammenhalt bedeuten. Durch kreatives Basteln und Malen k\u00f6nnen sie ihre Fantasie ausleben und ihre motorischen F\u00e4higkeiten verbessern. Die gemeinsamen Spiele f\u00f6rdern Teamgeist und soziale Kompetenzen. Besonders wertvoll sind die Stunden in der Natur, die den Kindern die Sch\u00f6nheit und Wichtigkeit der Sch\u00f6pfung n\u00e4herbringen.<\/p>\n<\/div>\n<\/div>\n\n\n\n<div class=\"wp-block-columns is-layout-flex wp-container-core-columns-is-layout-9d6595d7 wp-block-columns-is-layout-flex\">\n<div class=\"wp-block-column is-layout-flow wp-block-column-is-layout-flow\">\n<div style=\"height:33px\" aria-hidden=\"true\" class=\"wp-block-spacer\"><\/div>\n\n\n\n<p class=\"has-large-font-size\">In <strong>Watschig <\/strong>findet die Kinderstunde jeden Sonntag um 10:30 im Pfarrhaus, parallel zum Erwachsenen \u2013 Gottesdienst statt.<\/p>\n<\/div>\n\n\n\n<div class=\"wp-block-column is-layout-flow wp-block-column-is-layout-flow\">\n<div style=\"height:29px\" aria-hidden=\"true\" class=\"wp-block-spacer\"><\/div>\n\n\n\n<p class=\"has-large-font-size\">In <strong>Hermagor<\/strong>, ebenfalls parallel zum Erwachsenen \u2013 Gottesdienst um 09:00 im Gemeindesaal des Pfarrhauses am:<\/p>\n\n\n\n<figure class=\"wp-block-image size-full is-resized\"><img loading=\"lazy\" decoding=\"async\" width=\"501\" height=\"32\" src=\"https:\/\/www.evang-hermagor.at\/wp-content\/uploads\/2024\/11\/241109TermineHermi00.jpg\" alt=\"\" class=\"wp-image-4640\" style=\"width:600px\" srcset=\"https:\/\/www.evang-hermagor.at\/wp-content\/uploads\/2024\/11\/241109TermineHermi00.jpg 501w, https:\/\/www.evang-hermagor.at\/wp-content\/uploads\/2024\/11\/241109TermineHermi00-300x19.jpg 300w\" sizes=\"auto, (max-width: 501px) 100vw, 501px\" \/><\/figure>\n<\/div>\n<\/div>\n\n\n\n<div style=\"height:27px\" aria-hidden=\"true\" class=\"wp-block-spacer\"><\/div>\n\n\n\n<div class=\"wp-block-columns is-layout-flex wp-container-core-columns-is-layout-9d6595d7 wp-block-columns-is-layout-flex\">\n<div class=\"wp-block-column is-layout-flow wp-block-column-is-layout-flow\" style=\"flex-basis:66.66%\">\n<p class=\"has-large-font-size\">Hermi und Watschi freuen sich schon darauf, viele neugierige Kinder in der n\u00e4chsten Kinderstunde begr\u00fc\u00dfen zu d\u00fcrfen. Kommt vorbei und erlebt, was es bedeutet, Teil unserer bunten und lebendigen Kirchenfamilie zu sein!<\/p>\n\n\n\n<p class=\"has-large-font-size\">F\u00fcr alle Fragen und Anliegen k\u00f6nnen sich Eltern und interessierte Kinder jederzeit an <a href=\"https:\/\/www.evang-hermagor.at\/?page_id=4009\">Angelika<\/a> und <a href=\"https:\/\/www.evang-hermagor.at\/?page_id=4009\">Ingrid<\/a> wenden. Sie stehen euch mit Rat und Tat zur Seite und freuen sich darauf, eure Fragen zu beantworten.<\/p>\n<\/div>\n\n\n\n<div class=\"wp-block-column is-layout-flow wp-block-column-is-layout-flow\" style=\"flex-basis:33.33%\">\n<figure class=\"wp-block-image size-full\"><img loading=\"lazy\" decoding=\"async\" width=\"589\" height=\"423\" src=\"https:\/\/www.evang-hermagor.at\/wp-content\/uploads\/2024\/11\/241109HermiWatschi00.jpg\" alt=\"\" class=\"wp-image-4633\" srcset=\"https:\/\/www.evang-hermagor.at\/wp-content\/uploads\/2024\/11\/241109HermiWatschi00.jpg 589w, https:\/\/www.evang-hermagor.at\/wp-content\/uploads\/2024\/11\/241109HermiWatschi00-300x215.jpg 300w\" sizes=\"auto, (max-width: 589px) 100vw, 589px\" \/><\/figure>\n<\/div>\n<\/div>\n\n\n\n<figure class=\"wp-block-image size-full is-resized\"><img loading=\"lazy\" decoding=\"async\" width=\"479\" height=\"122\" src=\"https:\/\/www.evang-hermagor.at\/wp-content\/uploads\/2024\/02\/240228Abstand.jpg\" alt=\"\" class=\"wp-image-2130\" style=\"width:200px\" srcset=\"https:\/\/www.evang-hermagor.at\/wp-content\/uploads\/2024\/02\/240228Abstand.jpg 479w, https:\/\/www.evang-hermagor.at\/wp-content\/uploads\/2024\/02\/240228Abstand-300x76.jpg 300w\" sizes=\"auto, (max-width: 479px) 100vw, 479px\" \/><\/figure>\n\n\n\n<p><\/p>\n","protected":false},"excerpt":{"rendered":"<p>die Glaubensentdecker Willkommen bei den Kirchenm\u00e4usen der Pfarrgemeinde Hermagor und Watschig! Unsere kleinen, flinken Freundinnen Hermi (Foto links) und Watschi (Foto rechts) sind die liebevollen &hellip; <\/p>\n","protected":false},"author":5,"featured_media":4590,"parent":0,"menu_order":0,"comment_status":"closed","ping_status":"closed","template":"","meta":{"footnotes":""},"class_list":["post-4593","page","type-page","status-publish","has-post-thumbnail","hentry"],"_links":{"self":[{"href":"https:\/\/www.evang-hermagor.at\/index.php?rest_route=\/wp\/v2\/pages\/4593","targetHints":{"allow":["GET"]}}],"collection":[{"href":"https:\/\/www.evang-hermagor.at\/index.php?rest_route=\/wp\/v2\/pages"}],"about":[{"href":"https:\/\/www.evang-hermagor.at\/index.php?rest_route=\/wp\/v2\/types\/page"}],"author":[{"embeddable":true,"href":"https:\/\/www.evang-hermagor.at\/index.php?rest_route=\/wp\/v2\/users\/5"}],"replies":[{"embeddable":true,"href":"https:\/\/www.evang-hermagor.at\/index.php?rest_route=%2Fwp%2Fv2%2Fcomments&post=4593"}],"version-history":[{"count":37,"href":"https:\/\/www.evang-hermagor.at\/index.php?rest_route=\/wp\/v2\/pages\/4593\/revisions"}],"predecessor-version":[{"id":4748,"href":"https:\/\/www.evang-hermagor.at\/index.php?rest_route=\/wp\/v2\/pages\/4593\/revisions\/4748"}],"wp:featuredmedia":[{"embeddable":true,"href":"https:\/\/www.evang-hermagor.at\/index.php?rest_route=\/wp\/v2\/media\/4590"}],"wp:attachment":[{"href":"https:\/\/www.evang-hermagor.at\/index.php?rest_route=%2Fwp%2Fv2%2Fmedia&parent=4593"}],"curies":[{"name":"wp","href":"https:\/\/api.w.org\/{rel}","templated":true}]}}