{"id":4579,"date":"2024-11-09T12:19:55","date_gmt":"2024-11-09T12:19:55","guid":{"rendered":"https:\/\/www.evang-hermagor.at\/?page_id=4579"},"modified":"2024-11-09T12:19:55","modified_gmt":"2024-11-09T12:19:55","slug":"was-geht-ab","status":"publish","type":"page","link":"https:\/\/www.evang-hermagor.at\/?page_id=4579","title":{"rendered":"Was geht ab"},"content":{"rendered":"\n<h2 class=\"wp-block-heading\"><strong>Lichtblicke voraus<\/strong><\/h2>\n\n\n\n<p class=\"has-large-font-size\">Willkommen bei &#8222;Was geht ab&#8220; \u2013 Ihrer Quelle f\u00fcr alle kommenden Highlights in der evangelischen Pfarrgemeinde Hermagor &#8211; Watschig. Hier finden Sie <a href=\"https:\/\/www.evang-hermagor.at\/?page_id=1902\" target=\"_blank\" rel=\"noreferrer noopener\">Einblick und \u00dcberblick<\/a> in unsere bevorstehenden Veranstaltungen.<\/p>\n\n\n\n<p class=\"has-large-font-size\">Lassen Sie sich von unseren verschiedenen Gottesdiensten inspirieren, die nicht nur Ihren Glauben st\u00e4rken, sondern auch unvergessliche Gemeinschaftsmomente schaffen. Ob Familiengottesdienst, der speziell f\u00fcr Gro\u00df und Klein gestaltet ist, oder der besinnliche Abendmahlsgottesdienst \u2013 jeder hat seinen besonderen Charme und vermittelt tiefgehende Botschaften.<\/p>\n\n\n\n<figure class=\"wp-block-image size-full is-resized\"><img loading=\"lazy\" decoding=\"async\" width=\"479\" height=\"122\" src=\"https:\/\/www.evang-hermagor.at\/wp-content\/uploads\/2024\/02\/240228Abstand.jpg\" alt=\"\" class=\"wp-image-2130\" style=\"width:200px\" srcset=\"https:\/\/www.evang-hermagor.at\/wp-content\/uploads\/2024\/02\/240228Abstand.jpg 479w, https:\/\/www.evang-hermagor.at\/wp-content\/uploads\/2024\/02\/240228Abstand-300x76.jpg 300w\" sizes=\"auto, (max-width: 479px) 100vw, 479px\" \/><\/figure>\n\n\n\n<p class=\"has-large-font-size\">Ein besonderes Highlight ist unser &#8222;Caf\u00e9 mit Gott und der Welt&#8220;. Hier treffen sich Menschen in einer entspannten Atmosph\u00e4re, um \u00fcber Gott und die Welt zu plaudern. Oft bereichern besondere G\u00e4ste diese Runden mit spannenden Geschichten und wertvollen Einblicken.<\/p>\n\n\n\n<figure class=\"wp-block-image size-full is-resized\"><img loading=\"lazy\" decoding=\"async\" width=\"479\" height=\"122\" src=\"https:\/\/www.evang-hermagor.at\/wp-content\/uploads\/2024\/02\/240228Abstand.jpg\" alt=\"\" class=\"wp-image-2130\" style=\"width:200px\" srcset=\"https:\/\/www.evang-hermagor.at\/wp-content\/uploads\/2024\/02\/240228Abstand.jpg 479w, https:\/\/www.evang-hermagor.at\/wp-content\/uploads\/2024\/02\/240228Abstand-300x76.jpg 300w\" sizes=\"auto, (max-width: 479px) 100vw, 479px\" \/><\/figure>\n\n\n\n<p class=\"has-large-font-size\">In unserer Rubrik finden Sie nicht nur die chronologisch geordneten Termine, sondern auch ausf\u00fchrliche Erkl\u00e4rungen zu den unterschiedlichen Gottesdienstarten. Lesen Sie mehr \u00fcber die Traditionen und Besonderheiten unserer Gottesdienste und entdecken Sie, was jede Veranstaltung einzigartig macht.<\/p>\n\n\n\n<p class=\"has-large-font-size\">Tauchen Sie ein in die Vielfalt unserer Angebote, genie\u00dfen Sie die Gemeinschaft und lassen Sie sich von den vielf\u00e4ltigen Aktivit\u00e4ten begeistern. Unsere Veranstaltungen bieten nicht nur spirituelle Nahrung, sondern auch Freude und Unterhaltung f\u00fcr die ganze Familie.<\/p>\n\n\n\n<p class=\"has-large-font-size\">Wir freuen uns darauf, Sie bei unseren Veranstaltungen begr\u00fc\u00dfen zu d\u00fcrfen. Schauen Sie regelm\u00e4\u00dfig vorbei, um keinen Lichtblick zu verpassen, und lassen Sie sich von der Vielfalt unserer Angebote neugierig machen!<\/p>\n\n\n\n<p class=\"has-large-font-size\">Herzlich willkommen und viel Freude beim Entdecken!<\/p>\n\n\n\n<figure class=\"wp-block-image size-full is-resized\"><img loading=\"lazy\" decoding=\"async\" width=\"479\" height=\"122\" src=\"https:\/\/www.evang-hermagor.at\/wp-content\/uploads\/2024\/02\/240228Abstand.jpg\" alt=\"\" class=\"wp-image-2130\" style=\"width:200px\" srcset=\"https:\/\/www.evang-hermagor.at\/wp-content\/uploads\/2024\/02\/240228Abstand.jpg 479w, https:\/\/www.evang-hermagor.at\/wp-content\/uploads\/2024\/02\/240228Abstand-300x76.jpg 300w\" sizes=\"auto, (max-width: 479px) 100vw, 479px\" \/><\/figure>\n\n\n\n<p><\/p>\n","protected":false},"excerpt":{"rendered":"<p>Lichtblicke voraus Willkommen bei &#8222;Was geht ab&#8220; \u2013 Ihrer Quelle f\u00fcr alle kommenden Highlights in der evangelischen Pfarrgemeinde Hermagor &#8211; Watschig. Hier finden Sie Einblick &hellip; <\/p>\n","protected":false},"author":5,"featured_media":4580,"parent":0,"menu_order":0,"comment_status":"closed","ping_status":"closed","template":"","meta":{"footnotes":""},"class_list":["post-4579","page","type-page","status-publish","has-post-thumbnail","hentry"],"_links":{"self":[{"href":"https:\/\/www.evang-hermagor.at\/index.php?rest_route=\/wp\/v2\/pages\/4579","targetHints":{"allow":["GET"]}}],"collection":[{"href":"https:\/\/www.evang-hermagor.at\/index.php?rest_route=\/wp\/v2\/pages"}],"about":[{"href":"https:\/\/www.evang-hermagor.at\/index.php?rest_route=\/wp\/v2\/types\/page"}],"author":[{"embeddable":true,"href":"https:\/\/www.evang-hermagor.at\/index.php?rest_route=\/wp\/v2\/users\/5"}],"replies":[{"embeddable":true,"href":"https:\/\/www.evang-hermagor.at\/index.php?rest_route=%2Fwp%2Fv2%2Fcomments&post=4579"}],"version-history":[{"count":3,"href":"https:\/\/www.evang-hermagor.at\/index.php?rest_route=\/wp\/v2\/pages\/4579\/revisions"}],"predecessor-version":[{"id":4584,"href":"https:\/\/www.evang-hermagor.at\/index.php?rest_route=\/wp\/v2\/pages\/4579\/revisions\/4584"}],"wp:featuredmedia":[{"embeddable":true,"href":"https:\/\/www.evang-hermagor.at\/index.php?rest_route=\/wp\/v2\/media\/4580"}],"wp:attachment":[{"href":"https:\/\/www.evang-hermagor.at\/index.php?rest_route=%2Fwp%2Fv2%2Fmedia&parent=4579"}],"curies":[{"name":"wp","href":"https:\/\/api.w.org\/{rel}","templated":true}]}}