{"id":4563,"date":"2024-11-11T13:49:00","date_gmt":"2024-11-11T13:49:00","guid":{"rendered":"https:\/\/www.evang-hermagor.at\/?page_id=4563"},"modified":"2024-11-12T09:53:08","modified_gmt":"2024-11-12T09:53:08","slug":"seelennahrung","status":"publish","type":"page","link":"https:\/\/www.evang-hermagor.at\/?page_id=4563","title":{"rendered":"Seelennahrung"},"content":{"rendered":"\n<p class=\"has-large-font-size\"><strong>Inspiration f\u00fcr Geist und Seele<\/strong><\/p>\n\n\n\n<p class=\"has-large-font-size\">Unsere Rubrik &#8222;Seelennahrung&#8220; bietet Ihnen Beitr\u00e4ge, die Ihre Seele n\u00e4hren und Ihren Geist inspirieren sollen. In einer Welt, die oft hektisch und un\u00fcbersichtlich erscheint, sollen diese Texte Momente der Besinnung, Weisheit und inneren Ruhe bieten.<\/p>\n\n\n\n<p class=\"has-large-font-size\">Nicht nur Konfuzius (Begr\u00fcnder des Konfuzianismus, einer philosophischen und ethischen Lehre) oder z.B. Buddha (er war der Begr\u00fcnder des Buddhismus, einer Religion und Philosophie, die in Indien entstand) haben uns bedeutende Lebensweisheiten hinterlassen. Auch die Geschichten und Lehren aus der Bibel, die Einsichten von Martin Luther und die Worte moderner christlicher Pers\u00f6nlichkeiten bieten tiefgreifende und zeitlose Erkenntnisse und Inspirationen, die wir hier zur Auswahl stellen wollen.<\/p>\n\n\n\n<p class=\"has-large-font-size\">Diese Beitr\u00e4ge sollen und k\u00f6nnen ihnen helfen, eine tiefere Verbindung zum christlichen Glauben zu finden bzw. zu diesem zur\u00fcckzufinden und die spirituelle Reise mit neuen Perspektiven zu bereichern. In schwierigen Zeiten k\u00f6nnen die Worte aus unserer Seelennahrung Trost, Hoffnung und Zuversicht bieten.<\/p>\n\n\n\n<figure class=\"wp-block-image size-full is-resized\"><img loading=\"lazy\" decoding=\"async\" width=\"479\" height=\"122\" src=\"https:\/\/www.evang-hermagor.at\/wp-content\/uploads\/2024\/02\/240228Abstand.jpg\" alt=\"\" class=\"wp-image-2130\" style=\"width:250px\" srcset=\"https:\/\/www.evang-hermagor.at\/wp-content\/uploads\/2024\/02\/240228Abstand.jpg 479w, https:\/\/www.evang-hermagor.at\/wp-content\/uploads\/2024\/02\/240228Abstand-300x76.jpg 300w\" sizes=\"auto, (max-width: 479px) 100vw, 479px\" \/><\/figure>\n\n\n\n<p class=\"has-large-font-size\">Sie k\u00f6nnen die Beitr\u00e4ge, Geschichten und Verse auch teilen. Bauen sie so eine st\u00e4rkere Verbundenheit mit den christlichen Wertvorstellungen, deren Traditionen und Konventionen und der christlichen Gemeinschaft generell auf.<\/p>\n\n\n\n<p class=\"has-large-font-size\">Die Rubrik &#8222;Seelennahrung&#8220; l\u00e4sst sich durchaus mit den Methoden des klassischen Mentaltrainings, wie Yoga, Meditation und Achtsamkeits\u00fcbungen, vergleichen oder sogar verbinden. Beide Ans\u00e4tze zielen darauf ab, das innere Wohlbefinden zu f\u00f6rdern und einen Zustand der Ruhe und Balance zu erreichen.<\/p>\n\n\n\n<p class=\"has-large-font-size\">Lassen Sie sich von den Geschichten und Gedanken inspirieren, die sowohl altehrw\u00fcrdige Traditionen als auch moderne christliche Einsichten umfassen. Tauchen Sie ein in die reiche Welt der christlichen Seelennahrung und finden Sie Kraft und Orientierung f\u00fcr Ihren Alltag. Schauen Sie regelm\u00e4\u00dfig vorbei und lassen Sie sich ber\u00fchren und st\u00e4rken!<\/p>\n\n\n\n<figure class=\"wp-block-image size-full is-resized\"><img loading=\"lazy\" decoding=\"async\" width=\"479\" height=\"122\" src=\"https:\/\/www.evang-hermagor.at\/wp-content\/uploads\/2024\/02\/240228Abstand.jpg\" alt=\"\" class=\"wp-image-2130\" style=\"width:250px\" srcset=\"https:\/\/www.evang-hermagor.at\/wp-content\/uploads\/2024\/02\/240228Abstand.jpg 479w, https:\/\/www.evang-hermagor.at\/wp-content\/uploads\/2024\/02\/240228Abstand-300x76.jpg 300w\" sizes=\"auto, (max-width: 479px) 100vw, 479px\" \/><\/figure>\n\n\n\n<p class=\"has-text-align-right has-large-font-size\">Unser <a href=\"https:\/\/www.evang-hermagor.at\/?page_id=4737\" target=\"_blank\" rel=\"noreferrer noopener\"><strong>Lesevorschlag<\/strong> <\/a>&#8211; lassen Sie sich inspirieren!<\/p>\n\n\n\n<p><\/p>\n","protected":false},"excerpt":{"rendered":"<p>Inspiration f\u00fcr Geist und Seele Unsere Rubrik &#8222;Seelennahrung&#8220; bietet Ihnen Beitr\u00e4ge, die Ihre Seele n\u00e4hren und Ihren Geist inspirieren sollen. In einer Welt, die oft &hellip; <\/p>\n","protected":false},"author":5,"featured_media":4562,"parent":0,"menu_order":0,"comment_status":"closed","ping_status":"closed","template":"","meta":{"footnotes":""},"class_list":["post-4563","page","type-page","status-publish","has-post-thumbnail","hentry"],"_links":{"self":[{"href":"https:\/\/www.evang-hermagor.at\/index.php?rest_route=\/wp\/v2\/pages\/4563","targetHints":{"allow":["GET"]}}],"collection":[{"href":"https:\/\/www.evang-hermagor.at\/index.php?rest_route=\/wp\/v2\/pages"}],"about":[{"href":"https:\/\/www.evang-hermagor.at\/index.php?rest_route=\/wp\/v2\/types\/page"}],"author":[{"embeddable":true,"href":"https:\/\/www.evang-hermagor.at\/index.php?rest_route=\/wp\/v2\/users\/5"}],"replies":[{"embeddable":true,"href":"https:\/\/www.evang-hermagor.at\/index.php?rest_route=%2Fwp%2Fv2%2Fcomments&post=4563"}],"version-history":[{"count":4,"href":"https:\/\/www.evang-hermagor.at\/index.php?rest_route=\/wp\/v2\/pages\/4563\/revisions"}],"predecessor-version":[{"id":4746,"href":"https:\/\/www.evang-hermagor.at\/index.php?rest_route=\/wp\/v2\/pages\/4563\/revisions\/4746"}],"wp:featuredmedia":[{"embeddable":true,"href":"https:\/\/www.evang-hermagor.at\/index.php?rest_route=\/wp\/v2\/media\/4562"}],"wp:attachment":[{"href":"https:\/\/www.evang-hermagor.at\/index.php?rest_route=%2Fwp%2Fv2%2Fmedia&parent=4563"}],"curies":[{"name":"wp","href":"https:\/\/api.w.org\/{rel}","templated":true}]}}