{"id":2978,"date":"2024-10-01T17:22:01","date_gmt":"2024-10-01T17:22:01","guid":{"rendered":"https:\/\/www.evang-hermagor.at\/?page_id=2978"},"modified":"2026-04-14T07:14:02","modified_gmt":"2026-04-14T07:14:02","slug":"erinnerungen","status":"publish","type":"page","link":"https:\/\/www.evang-hermagor.at\/?page_id=2978","title":{"rendered":"Wei\u00df&#8217;t noch"},"content":{"rendered":"\n<p class=\"has-large-font-size\">Wir fotografieren, damit wir eine R\u00fcckfahrkarte zu einem Moment haben, der sonst verloren w\u00e4re.<\/p>\n\n\n\n<p class=\"has-text-align-right\">Kathie Thurmes<sup data-fn=\"57816ebe-08d9-46cf-91d9-f0b1a840eb3f\" class=\"fn\"><a href=\"#57816ebe-08d9-46cf-91d9-f0b1a840eb3f\" id=\"57816ebe-08d9-46cf-91d9-f0b1a840eb3f-link\">1<\/a><\/sup><\/p>\n\n\n\n<div class=\"wp-block-columns is-layout-flex wp-container-core-columns-is-layout-9d6595d7 wp-block-columns-is-layout-flex\">\n<div class=\"wp-block-column is-layout-flow wp-block-column-is-layout-flow\" style=\"flex-basis:25%\">\n<p class=\"has-text-align-right\">Die Fotogalerie unserer Pfarrgemeinden soll eine Seite der Erinnerungen sein. Hier finden sich zahlreiche Bilder, die die vielf\u00e4ltigen Anl\u00e4sse und Ereignisse der Pfarrgemeinde dokumentieren. Eine Bilderwelt, in der Momentaufnahmen und Augenblicke festgehalten werden. Ob festliche Gottesdienste, Konfirmationen, Gemeindefeste oder besondere Jubil\u00e4en \u2013 jedes Foto erz\u00e4hlt eine eigene Geschichte und h\u00e4lt wertvolle Momente fest. Fotos sind, neben einer Chronik, die sch\u00f6nste Form der Erinnerung.<\/p>\n<\/div>\n\n\n\n<div class=\"wp-block-column is-layout-flow wp-block-column-is-layout-flow\" style=\"flex-basis:50%\">\n<figure class=\"wp-block-image size-full\"><img loading=\"lazy\" decoding=\"async\" width=\"695\" height=\"436\" src=\"https:\/\/www.evang-hermagor.at\/wp-content\/uploads\/2024\/09\/241001Erinnerungen06.jpg\" alt=\"\" class=\"wp-image-3000\" srcset=\"https:\/\/www.evang-hermagor.at\/wp-content\/uploads\/2024\/09\/241001Erinnerungen06.jpg 695w, https:\/\/www.evang-hermagor.at\/wp-content\/uploads\/2024\/09\/241001Erinnerungen06-300x188.jpg 300w\" sizes=\"auto, (max-width: 695px) 100vw, 695px\" \/><\/figure>\n<\/div>\n\n\n\n<div class=\"wp-block-column is-layout-flow wp-block-column-is-layout-flow\" style=\"flex-basis:25%\">\n<p>Sie lassen uns in vergangene Zeiten eintauchen und die besonderen Augenblicke noch einmal erleben. Gleichzeitig soll diese Seite der Erinnerungen eine Wertsch\u00e4tzung allen jenen Menschen gegen\u00fcber sein, die viel Zeit, Aufwand und Begeisterung in das Zustandekommen dieser Anl\u00e4sse und Ereignisse eingebracht haben. Die Fotoseite l\u00e4dt dazu ein, in Erinnerungen zu schwelgen und die Gemeinschaft der Pfarrgemeinde in all ihren Facetten zu entdecken.<\/p>\n<\/div>\n<\/div>\n\n\n<div class=\"wp-block-image\">\n<figure class=\"aligncenter size-medium\"><img loading=\"lazy\" decoding=\"async\" width=\"300\" height=\"76\" src=\"https:\/\/www.evang-hermagor.at\/wp-content\/uploads\/2024\/02\/240228Abstand-300x76.jpg\" alt=\"\" class=\"wp-image-2130\" srcset=\"https:\/\/www.evang-hermagor.at\/wp-content\/uploads\/2024\/02\/240228Abstand-300x76.jpg 300w, https:\/\/www.evang-hermagor.at\/wp-content\/uploads\/2024\/02\/240228Abstand.jpg 479w\" sizes=\"auto, (max-width: 300px) 100vw, 300px\" \/><\/figure>\n<\/div>\n\n\n<div class=\"wp-block-columns is-layout-flex wp-container-core-columns-is-layout-9d6595d7 wp-block-columns-is-layout-flex\">\n<div class=\"wp-block-column is-layout-flow wp-block-column-is-layout-flow\">\n<p class=\"has-large-font-size\"><\/p>\n<\/div>\n\n\n\n<div class=\"wp-block-column is-layout-flow wp-block-column-is-layout-flow\">\n<p class=\"has-large-font-size\"><\/p>\n<\/div>\n\n\n\n<div class=\"wp-block-column is-layout-flow wp-block-column-is-layout-flow\">\n<p class=\"has-large-font-size\"><strong>12. April 2026<\/strong><\/p>\n\n\n\n<figure class=\"wp-block-image size-full\"><a href=\"https:\/\/www.evang-hermagor.at\/?p=8871\"><img loading=\"lazy\" decoding=\"async\" width=\"409\" height=\"366\" src=\"https:\/\/www.evang-hermagor.at\/wp-content\/uploads\/2026\/04\/260412KonfirmationGalerieTitel00.jpg\" alt=\"\" class=\"wp-image-8869\" srcset=\"https:\/\/www.evang-hermagor.at\/wp-content\/uploads\/2026\/04\/260412KonfirmationGalerieTitel00.jpg 409w, https:\/\/www.evang-hermagor.at\/wp-content\/uploads\/2026\/04\/260412KonfirmationGalerieTitel00-300x268.jpg 300w\" sizes=\"auto, (max-width: 409px) 100vw, 409px\" \/><\/a><\/figure>\n<\/div>\n<\/div>\n\n\n\n<div class=\"wp-block-columns is-layout-flex wp-container-core-columns-is-layout-9d6595d7 wp-block-columns-is-layout-flex\">\n<div class=\"wp-block-column is-layout-flow wp-block-column-is-layout-flow\">\n<p class=\"has-large-font-size\"><strong>28. Sept. &amp; 5. Okt. 2025<\/strong><\/p>\n\n\n\n<figure class=\"wp-block-image size-full\"><a href=\"https:\/\/www.evang-hermagor.at\/?p=7725\"><img loading=\"lazy\" decoding=\"async\" width=\"407\" height=\"388\" src=\"https:\/\/www.evang-hermagor.at\/wp-content\/uploads\/2025\/10\/251005ErnteDankWaFotogalerie00.jpg\" alt=\"\" class=\"wp-image-7719\" srcset=\"https:\/\/www.evang-hermagor.at\/wp-content\/uploads\/2025\/10\/251005ErnteDankWaFotogalerie00.jpg 407w, https:\/\/www.evang-hermagor.at\/wp-content\/uploads\/2025\/10\/251005ErnteDankWaFotogalerie00-300x286.jpg 300w\" sizes=\"auto, (max-width: 407px) 100vw, 407px\" \/><\/a><\/figure>\n<\/div>\n\n\n\n<div class=\"wp-block-column is-layout-flow wp-block-column-is-layout-flow\">\n<p class=\"has-large-font-size\"><strong>7. September 2025<\/strong><\/p>\n\n\n\n<figure class=\"wp-block-image size-full\"><a href=\"https:\/\/www.evang-hermagor.at\/?p=7508\"><img loading=\"lazy\" decoding=\"async\" width=\"412\" height=\"370\" src=\"https:\/\/www.evang-hermagor.at\/wp-content\/uploads\/2025\/09\/250907KonfiWillkommenFotogalerie.jpg\" alt=\"\" class=\"wp-image-7505\" srcset=\"https:\/\/www.evang-hermagor.at\/wp-content\/uploads\/2025\/09\/250907KonfiWillkommenFotogalerie.jpg 412w, https:\/\/www.evang-hermagor.at\/wp-content\/uploads\/2025\/09\/250907KonfiWillkommenFotogalerie-300x269.jpg 300w\" sizes=\"auto, (max-width: 412px) 100vw, 412px\" \/><\/a><\/figure>\n<\/div>\n\n\n\n<div class=\"wp-block-column is-layout-flow wp-block-column-is-layout-flow\">\n<p class=\"has-large-font-size\"><strong>4. Mai 2025<\/strong><\/p>\n\n\n\n<figure class=\"wp-block-image size-full\"><a href=\"https:\/\/www.evang-hermagor.at\/?p=6646\"><img loading=\"lazy\" decoding=\"async\" width=\"409\" height=\"387\" src=\"https:\/\/www.evang-hermagor.at\/wp-content\/uploads\/2025\/05\/250504KonfiTitelfotoFotogalerie.jpg\" alt=\"\" class=\"wp-image-6645\" srcset=\"https:\/\/www.evang-hermagor.at\/wp-content\/uploads\/2025\/05\/250504KonfiTitelfotoFotogalerie.jpg 409w, https:\/\/www.evang-hermagor.at\/wp-content\/uploads\/2025\/05\/250504KonfiTitelfotoFotogalerie-300x284.jpg 300w\" sizes=\"auto, (max-width: 409px) 100vw, 409px\" \/><\/a><\/figure>\n<\/div>\n<\/div>\n\n\n\n<div class=\"wp-block-columns is-layout-flex wp-container-core-columns-is-layout-9d6595d7 wp-block-columns-is-layout-flex\">\n<div class=\"wp-block-column is-layout-flow wp-block-column-is-layout-flow\">\n<p class=\"has-large-font-size\"><strong>20. April 2025 Ostersonntag<\/strong><\/p>\n\n\n\n<figure class=\"wp-block-image size-full\"><a href=\"https:\/\/www.evang-hermagor.at\/?p=6468\"><img loading=\"lazy\" decoding=\"async\" width=\"409\" height=\"368\" src=\"https:\/\/www.evang-hermagor.at\/wp-content\/uploads\/2025\/04\/250420OsterfeuerfeierFotogalerie.jpg\" alt=\"\" class=\"wp-image-6486\" srcset=\"https:\/\/www.evang-hermagor.at\/wp-content\/uploads\/2025\/04\/250420OsterfeuerfeierFotogalerie.jpg 409w, https:\/\/www.evang-hermagor.at\/wp-content\/uploads\/2025\/04\/250420OsterfeuerfeierFotogalerie-300x270.jpg 300w\" sizes=\"auto, (max-width: 409px) 100vw, 409px\" \/><\/a><\/figure>\n<\/div>\n\n\n\n<div class=\"wp-block-column is-layout-flow wp-block-column-is-layout-flow\">\n<p class=\"has-large-font-size\"><strong>13. April 2025<\/strong><\/p>\n\n\n\n<figure class=\"wp-block-image size-full\"><a href=\"https:\/\/www.evang-hermagor.at\/?p=6406\"><img loading=\"lazy\" decoding=\"async\" width=\"410\" height=\"368\" src=\"https:\/\/www.evang-hermagor.at\/wp-content\/uploads\/2025\/04\/250413TitelfotoBildergalerie.jpg\" alt=\"\" class=\"wp-image-6415\" srcset=\"https:\/\/www.evang-hermagor.at\/wp-content\/uploads\/2025\/04\/250413TitelfotoBildergalerie.jpg 410w, https:\/\/www.evang-hermagor.at\/wp-content\/uploads\/2025\/04\/250413TitelfotoBildergalerie-300x269.jpg 300w\" sizes=\"auto, (max-width: 410px) 100vw, 410px\" \/><\/a><\/figure>\n<\/div>\n\n\n\n<div class=\"wp-block-column is-layout-flow wp-block-column-is-layout-flow\">\n<p class=\"has-large-font-size\"><strong>26. M\u00e4rz 2025<\/strong><\/p>\n\n\n\n<figure class=\"wp-block-image size-full\"><a href=\"https:\/\/www.evang-hermagor.at\/?p=6260\" target=\"_blank\" rel=\" noreferrer noopener\"><img loading=\"lazy\" decoding=\"async\" width=\"412\" height=\"368\" src=\"https:\/\/www.evang-hermagor.at\/wp-content\/uploads\/2025\/03\/250326CmGudWFotoalbum.jpg\" alt=\"\" class=\"wp-image-6248\" srcset=\"https:\/\/www.evang-hermagor.at\/wp-content\/uploads\/2025\/03\/250326CmGudWFotoalbum.jpg 412w, https:\/\/www.evang-hermagor.at\/wp-content\/uploads\/2025\/03\/250326CmGudWFotoalbum-300x268.jpg 300w\" sizes=\"auto, (max-width: 412px) 100vw, 412px\" \/><\/a><\/figure>\n<\/div>\n<\/div>\n\n\n\n<div class=\"wp-block-columns is-layout-flex wp-container-core-columns-is-layout-9d6595d7 wp-block-columns-is-layout-flex\">\n<div class=\"wp-block-column is-layout-flow wp-block-column-is-layout-flow\">\n<p class=\"has-large-font-size\"><strong>28. Februar bis 2. M\u00e4rz 2025<\/strong><\/p>\n\n\n\n<figure class=\"wp-block-image size-full\"><a href=\"http:\/\/www.evang-hermagor.at\/?p=5912\" target=\"_blank\" rel=\" noreferrer noopener\"><img loading=\"lazy\" decoding=\"async\" width=\"411\" height=\"368\" src=\"https:\/\/www.evang-hermagor.at\/wp-content\/uploads\/2025\/03\/250306KonfiFreizeitFotogalerie.jpg\" alt=\"\" class=\"wp-image-5919\" srcset=\"https:\/\/www.evang-hermagor.at\/wp-content\/uploads\/2025\/03\/250306KonfiFreizeitFotogalerie.jpg 411w, https:\/\/www.evang-hermagor.at\/wp-content\/uploads\/2025\/03\/250306KonfiFreizeitFotogalerie-300x269.jpg 300w\" sizes=\"auto, (max-width: 411px) 100vw, 411px\" \/><\/a><\/figure>\n<\/div>\n\n\n\n<div class=\"wp-block-column is-layout-flow wp-block-column-is-layout-flow\">\n<p class=\"has-large-font-size\"><strong>26. J\u00e4nner 2025<\/strong><\/p>\n\n\n\n<figure class=\"wp-block-image size-full\"><a href=\"https:\/\/www.evang-hermagor.at\/?p=5857\" target=\"_blank\" rel=\" noreferrer noopener\"><img loading=\"lazy\" decoding=\"async\" width=\"412\" height=\"367\" src=\"https:\/\/www.evang-hermagor.at\/wp-content\/uploads\/2025\/02\/250227CmGudWGaleriefoto00.jpg\" alt=\"\" class=\"wp-image-5854\" srcset=\"https:\/\/www.evang-hermagor.at\/wp-content\/uploads\/2025\/02\/250227CmGudWGaleriefoto00.jpg 412w, https:\/\/www.evang-hermagor.at\/wp-content\/uploads\/2025\/02\/250227CmGudWGaleriefoto00-300x267.jpg 300w\" sizes=\"auto, (max-width: 412px) 100vw, 412px\" \/><\/a><\/figure>\n<\/div>\n\n\n\n<div class=\"wp-block-column is-layout-flow wp-block-column-is-layout-flow\">\n<p class=\"has-large-font-size\"><strong>24. Dezember 2024<\/strong><\/p>\n\n\n\n<figure class=\"wp-block-image size-full\"><a href=\"https:\/\/www.evang-hermagor.at\/?p=5464\" target=\"_blank\" rel=\" noreferrer noopener\"><img loading=\"lazy\" decoding=\"async\" width=\"440\" height=\"397\" src=\"https:\/\/www.evang-hermagor.at\/wp-content\/uploads\/2024\/12\/241224WeihnachtenFotoGalerie00.jpg\" alt=\"\" class=\"wp-image-5441\" srcset=\"https:\/\/www.evang-hermagor.at\/wp-content\/uploads\/2024\/12\/241224WeihnachtenFotoGalerie00.jpg 440w, https:\/\/www.evang-hermagor.at\/wp-content\/uploads\/2024\/12\/241224WeihnachtenFotoGalerie00-300x271.jpg 300w\" sizes=\"auto, (max-width: 440px) 100vw, 440px\" \/><\/a><\/figure>\n<\/div>\n<\/div>\n\n\n\n<div class=\"wp-block-columns is-layout-flex wp-container-core-columns-is-layout-9d6595d7 wp-block-columns-is-layout-flex\">\n<div class=\"wp-block-column is-layout-flow wp-block-column-is-layout-flow\">\n<p class=\"has-large-font-size\"><strong>21. Dezember 2024<\/strong><\/p>\n\n\n\n<figure class=\"wp-block-image size-full\"><a href=\"https:\/\/www.evang-hermagor.at\/?p=5412\" target=\"_blank\" rel=\" noreferrer noopener\"><img loading=\"lazy\" decoding=\"async\" width=\"441\" height=\"397\" src=\"https:\/\/www.evang-hermagor.at\/wp-content\/uploads\/2024\/12\/241221KiGoSucheFotoGalerie00.jpg\" alt=\"\" class=\"wp-image-5370\" srcset=\"https:\/\/www.evang-hermagor.at\/wp-content\/uploads\/2024\/12\/241221KiGoSucheFotoGalerie00.jpg 441w, https:\/\/www.evang-hermagor.at\/wp-content\/uploads\/2024\/12\/241221KiGoSucheFotoGalerie00-300x270.jpg 300w\" sizes=\"auto, (max-width: 441px) 100vw, 441px\" \/><\/a><\/figure>\n<\/div>\n\n\n\n<div class=\"wp-block-column is-layout-flow wp-block-column-is-layout-flow\">\n<p class=\"has-large-font-size\"><strong>11. Dezember 2024<\/strong><\/p>\n\n\n\n<figure class=\"wp-block-image size-full\"><a href=\"https:\/\/www.evang-hermagor.at\/?p=5273\" target=\"_blank\" rel=\" noreferrer noopener\"><img loading=\"lazy\" decoding=\"async\" width=\"445\" height=\"396\" src=\"https:\/\/www.evang-hermagor.at\/wp-content\/uploads\/2024\/12\/241212CmGudWFotogalerie00.jpg\" alt=\"\" class=\"wp-image-5272\" srcset=\"https:\/\/www.evang-hermagor.at\/wp-content\/uploads\/2024\/12\/241212CmGudWFotogalerie00.jpg 445w, https:\/\/www.evang-hermagor.at\/wp-content\/uploads\/2024\/12\/241212CmGudWFotogalerie00-300x267.jpg 300w\" sizes=\"auto, (max-width: 445px) 100vw, 445px\" \/><\/a><\/figure>\n<\/div>\n\n\n\n<div class=\"wp-block-column is-layout-flow wp-block-column-is-layout-flow\">\n<p class=\"has-large-font-size\"><strong>26. Nov. und 29. Nov. 2024<\/strong><\/p>\n\n\n\n<figure class=\"wp-block-image size-full is-resized\"><a href=\"https:\/\/www.evang-hermagor.at\/?p=5158\" target=\"_blank\" rel=\" noreferrer noopener\"><img loading=\"lazy\" decoding=\"async\" width=\"439\" height=\"395\" src=\"https:\/\/www.evang-hermagor.at\/wp-content\/uploads\/2024\/11\/241129TitelFotogalerie01.jpg\" alt=\"\" class=\"wp-image-5123\" style=\"width:430px\" srcset=\"https:\/\/www.evang-hermagor.at\/wp-content\/uploads\/2024\/11\/241129TitelFotogalerie01.jpg 439w, https:\/\/www.evang-hermagor.at\/wp-content\/uploads\/2024\/11\/241129TitelFotogalerie01-300x270.jpg 300w\" sizes=\"auto, (max-width: 439px) 100vw, 439px\" \/><\/a><\/figure>\n<\/div>\n<\/div>\n\n\n\n<div class=\"wp-block-columns is-layout-flex wp-container-core-columns-is-layout-9d6595d7 wp-block-columns-is-layout-flex\">\n<div class=\"wp-block-column is-layout-flow wp-block-column-is-layout-flow\">\n<p class=\"has-large-font-size\"><strong>12. Oktober 2024<\/strong><\/p>\n\n\n\n<figure class=\"wp-block-image size-full is-resized\"><a href=\"https:\/\/www.evang-hermagor.at\/?p=3785\" target=\"_blank\" rel=\"noreferrer noopener\"><img loading=\"lazy\" decoding=\"async\" width=\"461\" height=\"414\" src=\"https:\/\/www.evang-hermagor.at\/wp-content\/uploads\/2024\/10\/241015Fotogalerie00.jpg\" alt=\"\" class=\"wp-image-3771\" style=\"width:435px\" srcset=\"https:\/\/www.evang-hermagor.at\/wp-content\/uploads\/2024\/10\/241015Fotogalerie00.jpg 461w, https:\/\/www.evang-hermagor.at\/wp-content\/uploads\/2024\/10\/241015Fotogalerie00-300x269.jpg 300w\" sizes=\"auto, (max-width: 461px) 100vw, 461px\" \/><\/a><\/figure>\n<\/div>\n\n\n\n<div class=\"wp-block-column is-layout-flow wp-block-column-is-layout-flow\">\n<p class=\"has-large-font-size\"><strong>6. Oktober 2024<\/strong><\/p>\n\n\n\n<figure class=\"wp-block-image size-full is-resized\"><a href=\"https:\/\/www.evang-hermagor.at\/?p=3695\" target=\"_blank\" rel=\"noreferrer noopener\"><img loading=\"lazy\" decoding=\"async\" width=\"459\" height=\"412\" src=\"https:\/\/www.evang-hermagor.at\/wp-content\/uploads\/2024\/10\/241008Fotogalerie00.jpg\" alt=\"\" class=\"wp-image-3698\" style=\"width:430px\" srcset=\"https:\/\/www.evang-hermagor.at\/wp-content\/uploads\/2024\/10\/241008Fotogalerie00.jpg 459w, https:\/\/www.evang-hermagor.at\/wp-content\/uploads\/2024\/10\/241008Fotogalerie00-300x269.jpg 300w\" sizes=\"auto, (max-width: 459px) 100vw, 459px\" \/><\/a><\/figure>\n<\/div>\n\n\n\n<div class=\"wp-block-column is-layout-flow wp-block-column-is-layout-flow\">\n<p class=\"has-large-font-size\"><strong>29. Sep. und 6. Okt. 2024<\/strong><\/p>\n\n\n\n<figure class=\"wp-block-image size-full is-resized\"><a href=\"https:\/\/www.evang-hermagor.at\/?p=3645\" target=\"_blank\" rel=\"noreferrer noopener\"><img loading=\"lazy\" decoding=\"async\" width=\"462\" height=\"414\" src=\"https:\/\/www.evang-hermagor.at\/wp-content\/uploads\/2024\/10\/241004FotogalerieTitel-3.jpg\" alt=\"\" class=\"wp-image-3630\" style=\"width:430px\" srcset=\"https:\/\/www.evang-hermagor.at\/wp-content\/uploads\/2024\/10\/241004FotogalerieTitel-3.jpg 462w, https:\/\/www.evang-hermagor.at\/wp-content\/uploads\/2024\/10\/241004FotogalerieTitel-3-300x269.jpg 300w\" sizes=\"auto, (max-width: 462px) 100vw, 462px\" \/><\/a><\/figure>\n<\/div>\n<\/div>\n\n\n\n<div class=\"wp-block-columns is-layout-flex wp-container-core-columns-is-layout-9d6595d7 wp-block-columns-is-layout-flex\">\n<div class=\"wp-block-column is-layout-flow wp-block-column-is-layout-flow\">\n<p class=\"has-large-font-size\"><strong>21. September 2024<\/strong><\/p>\n\n\n\n<figure class=\"wp-block-image size-full is-resized\"><a href=\"https:\/\/www.evang-hermagor.at\/?p=3058\" target=\"_blank\" rel=\"noreferrer noopener\"><img loading=\"lazy\" decoding=\"async\" width=\"462\" height=\"417\" src=\"https:\/\/www.evang-hermagor.at\/wp-content\/uploads\/2024\/10\/241002MiteinanderUnterwegs.jpg\" alt=\"\" class=\"wp-image-3243\" style=\"width:500px;height:auto\" srcset=\"https:\/\/www.evang-hermagor.at\/wp-content\/uploads\/2024\/10\/241002MiteinanderUnterwegs.jpg 462w, https:\/\/www.evang-hermagor.at\/wp-content\/uploads\/2024\/10\/241002MiteinanderUnterwegs-300x271.jpg 300w\" sizes=\"auto, (max-width: 462px) 100vw, 462px\" \/><\/a><\/figure>\n<\/div>\n\n\n\n<div class=\"wp-block-column is-layout-flow wp-block-column-is-layout-flow\">\n<p class=\"has-large-font-size\"><strong>8. September 2024<\/strong><\/p>\n\n\n\n<figure class=\"wp-block-image size-full is-resized\"><a href=\"https:\/\/www.evang-hermagor.at\/?p=3255\" target=\"_blank\" rel=\"noreferrer noopener\"><img loading=\"lazy\" decoding=\"async\" width=\"461\" height=\"415\" src=\"https:\/\/www.evang-hermagor.at\/wp-content\/uploads\/2024\/10\/241002Waldgottesdienst.jpg\" alt=\"\" class=\"wp-image-3245\" style=\"width:500px\" srcset=\"https:\/\/www.evang-hermagor.at\/wp-content\/uploads\/2024\/10\/241002Waldgottesdienst.jpg 461w, https:\/\/www.evang-hermagor.at\/wp-content\/uploads\/2024\/10\/241002Waldgottesdienst-300x270.jpg 300w\" sizes=\"auto, (max-width: 461px) 100vw, 461px\" \/><\/a><\/figure>\n<\/div>\n\n\n\n<div class=\"wp-block-column is-layout-flow wp-block-column-is-layout-flow\">\n<p class=\"has-large-font-size\"><strong>21. August 2024<\/strong><\/p>\n\n\n\n<figure class=\"wp-block-image size-full is-resized\"><a href=\"https:\/\/www.evang-hermagor.at\/?p=3558\" target=\"_blank\" rel=\"noreferrer noopener\"><img loading=\"lazy\" decoding=\"async\" width=\"459\" height=\"411\" src=\"https:\/\/www.evang-hermagor.at\/wp-content\/uploads\/2024\/10\/241004FotogalerieTitel-2.jpg\" alt=\"\" class=\"wp-image-3562\" style=\"width:430px\" srcset=\"https:\/\/www.evang-hermagor.at\/wp-content\/uploads\/2024\/10\/241004FotogalerieTitel-2.jpg 459w, https:\/\/www.evang-hermagor.at\/wp-content\/uploads\/2024\/10\/241004FotogalerieTitel-2-300x269.jpg 300w\" sizes=\"auto, (max-width: 459px) 100vw, 459px\" \/><\/a><\/figure>\n<\/div>\n<\/div>\n\n\n\n<div class=\"wp-block-columns is-layout-flex wp-container-core-columns-is-layout-9d6595d7 wp-block-columns-is-layout-flex\">\n<div class=\"wp-block-column is-layout-flow wp-block-column-is-layout-flow\">\n<p class=\"has-large-font-size\"><strong>4. August 2024<\/strong><\/p>\n\n\n\n<figure class=\"wp-block-image size-full is-resized\"><a href=\"https:\/\/www.evang-hermagor.at\/?p=3536\" target=\"_blank\" rel=\"noreferrer noopener\"><img loading=\"lazy\" decoding=\"async\" width=\"460\" height=\"413\" src=\"https:\/\/www.evang-hermagor.at\/wp-content\/uploads\/2024\/10\/241004FotogalerieTitel-1.jpg\" alt=\"\" class=\"wp-image-3529\" style=\"width:430px\" srcset=\"https:\/\/www.evang-hermagor.at\/wp-content\/uploads\/2024\/10\/241004FotogalerieTitel-1.jpg 460w, https:\/\/www.evang-hermagor.at\/wp-content\/uploads\/2024\/10\/241004FotogalerieTitel-1-300x269.jpg 300w\" sizes=\"auto, (max-width: 460px) 100vw, 460px\" \/><\/a><\/figure>\n<\/div>\n\n\n\n<div class=\"wp-block-column is-layout-flow wp-block-column-is-layout-flow\"><\/div>\n\n\n\n<div class=\"wp-block-column is-layout-flow wp-block-column-is-layout-flow\">\n<p class=\"has-large-font-size\"><strong>Juli 2024<\/strong><\/p>\n\n\n\n<figure class=\"wp-block-image size-full is-resized\"><a href=\"https:\/\/www.evang-hermagor.at\/?p=3261\" target=\"_blank\" rel=\"noreferrer noopener\"><img loading=\"lazy\" decoding=\"async\" width=\"460\" height=\"416\" src=\"https:\/\/www.evang-hermagor.at\/wp-content\/uploads\/2024\/10\/241002Sommerzeltfreizeit.jpg\" alt=\"\" class=\"wp-image-3358\" style=\"width:430px\" srcset=\"https:\/\/www.evang-hermagor.at\/wp-content\/uploads\/2024\/10\/241002Sommerzeltfreizeit.jpg 460w, https:\/\/www.evang-hermagor.at\/wp-content\/uploads\/2024\/10\/241002Sommerzeltfreizeit-300x271.jpg 300w\" sizes=\"auto, (max-width: 460px) 100vw, 460px\" \/><\/a><\/figure>\n<\/div>\n<\/div>\n\n\n\n<div class=\"wp-block-columns is-layout-flex wp-container-core-columns-is-layout-9d6595d7 wp-block-columns-is-layout-flex\">\n<div class=\"wp-block-column is-layout-flow wp-block-column-is-layout-flow\">\n<p class=\"has-large-font-size\"><strong>7. Juni 2024<\/strong><\/p>\n\n\n\n<figure class=\"wp-block-image size-full is-resized\"><a href=\"https:\/\/www.evang-hermagor.at\/?p=3392\" target=\"_blank\" rel=\"noreferrer noopener\"><img loading=\"lazy\" decoding=\"async\" width=\"465\" height=\"419\" src=\"https:\/\/www.evang-hermagor.at\/wp-content\/uploads\/2024\/10\/241002MiesstalerKonzert.jpg\" alt=\"\" class=\"wp-image-3391\" style=\"width:500px\" srcset=\"https:\/\/www.evang-hermagor.at\/wp-content\/uploads\/2024\/10\/241002MiesstalerKonzert.jpg 465w, https:\/\/www.evang-hermagor.at\/wp-content\/uploads\/2024\/10\/241002MiesstalerKonzert-300x270.jpg 300w\" sizes=\"auto, (max-width: 465px) 100vw, 465px\" \/><\/a><\/figure>\n<\/div>\n\n\n\n<div class=\"wp-block-column is-layout-flow wp-block-column-is-layout-flow\">\n<p class=\"has-large-font-size\"><strong>7. Juni 2024<\/strong><\/p>\n\n\n\n<figure class=\"wp-block-image size-full is-resized\"><a href=\"https:\/\/www.evang-hermagor.at\/?p=3500\" target=\"_blank\" rel=\"noreferrer noopener\"><img loading=\"lazy\" decoding=\"async\" width=\"459\" height=\"415\" src=\"https:\/\/www.evang-hermagor.at\/wp-content\/uploads\/2024\/10\/241004FotogalerieTitel.jpg\" alt=\"\" class=\"wp-image-3502\" style=\"width:460px\" srcset=\"https:\/\/www.evang-hermagor.at\/wp-content\/uploads\/2024\/10\/241004FotogalerieTitel.jpg 459w, https:\/\/www.evang-hermagor.at\/wp-content\/uploads\/2024\/10\/241004FotogalerieTitel-300x271.jpg 300w\" sizes=\"auto, (max-width: 459px) 100vw, 459px\" \/><\/a><\/figure>\n<\/div>\n\n\n\n<div class=\"wp-block-column is-layout-flow wp-block-column-is-layout-flow\"><\/div>\n<\/div>\n\n\n\n<div class=\"wp-block-columns is-layout-flex wp-container-core-columns-is-layout-9d6595d7 wp-block-columns-is-layout-flex\">\n<div class=\"wp-block-column is-layout-flow wp-block-column-is-layout-flow\">\n<p class=\"has-large-font-size\"><strong>7. April 2024<\/strong><\/p>\n\n\n\n<figure class=\"wp-block-image size-full is-resized\"><a href=\"https:\/\/www.evang-hermagor.at\/?p=3460\" target=\"_blank\" rel=\"noreferrer noopener\"><img loading=\"lazy\" decoding=\"async\" width=\"461\" height=\"438\" src=\"https:\/\/www.evang-hermagor.at\/wp-content\/uploads\/2024\/10\/241003Konfi11.jpg\" alt=\"\" class=\"wp-image-3459\" style=\"width:500px\" srcset=\"https:\/\/www.evang-hermagor.at\/wp-content\/uploads\/2024\/10\/241003Konfi11.jpg 461w, https:\/\/www.evang-hermagor.at\/wp-content\/uploads\/2024\/10\/241003Konfi11-300x285.jpg 300w\" sizes=\"auto, (max-width: 461px) 100vw, 461px\" \/><\/a><\/figure>\n<\/div>\n\n\n\n<div class=\"wp-block-column is-layout-flow wp-block-column-is-layout-flow\"><\/div>\n\n\n\n<div class=\"wp-block-column is-layout-flow wp-block-column-is-layout-flow\">\n<p class=\"has-large-font-size\"><strong>10. M\u00e4rz 2024<\/strong><\/p>\n\n\n\n<figure class=\"wp-block-image size-full is-resized\"><a href=\"https:\/\/www.evang-hermagor.at\/?p=3492\" target=\"_blank\" rel=\"noreferrer noopener\"><img loading=\"lazy\" decoding=\"async\" width=\"460\" height=\"413\" src=\"https:\/\/www.evang-hermagor.at\/wp-content\/uploads\/2024\/10\/240310KonfirmandenGottesdienst01b.jpg\" alt=\"\" class=\"wp-image-3467\" style=\"width:460px\" srcset=\"https:\/\/www.evang-hermagor.at\/wp-content\/uploads\/2024\/10\/240310KonfirmandenGottesdienst01b.jpg 460w, https:\/\/www.evang-hermagor.at\/wp-content\/uploads\/2024\/10\/240310KonfirmandenGottesdienst01b-300x269.jpg 300w\" sizes=\"auto, (max-width: 460px) 100vw, 460px\" \/><\/a><\/figure>\n<\/div>\n<\/div>\n\n\n<ol class=\"wp-block-footnotes\"><li id=\"57816ebe-08d9-46cf-91d9-f0b1a840eb3f\">Kathie Thurmes | Fotografin | Dortmund (DE) <a href=\"#57816ebe-08d9-46cf-91d9-f0b1a840eb3f-link\" aria-label=\"Zur Fu\u00dfnotenreferenz 1 navigieren\">\u21a9\ufe0e<\/a><\/li><\/ol>","protected":false},"excerpt":{"rendered":"<p>Wir fotografieren, damit wir eine R\u00fcckfahrkarte zu einem Moment haben, der sonst verloren w\u00e4re. Kathie Thurmes Die Fotogalerie unserer Pfarrgemeinden soll eine Seite der Erinnerungen &hellip; <\/p>\n","protected":false},"author":5,"featured_media":0,"parent":0,"menu_order":0,"comment_status":"closed","ping_status":"closed","template":"","meta":{"footnotes":"[{\"content\":\"Kathie Thurmes | Fotografin | Dortmund (DE)\",\"id\":\"57816ebe-08d9-46cf-91d9-f0b1a840eb3f\"}]"},"class_list":["post-2978","page","type-page","status-publish","hentry"],"_links":{"self":[{"href":"https:\/\/www.evang-hermagor.at\/index.php?rest_route=\/wp\/v2\/pages\/2978","targetHints":{"allow":["GET"]}}],"collection":[{"href":"https:\/\/www.evang-hermagor.at\/index.php?rest_route=\/wp\/v2\/pages"}],"about":[{"href":"https:\/\/www.evang-hermagor.at\/index.php?rest_route=\/wp\/v2\/types\/page"}],"author":[{"embeddable":true,"href":"https:\/\/www.evang-hermagor.at\/index.php?rest_route=\/wp\/v2\/users\/5"}],"replies":[{"embeddable":true,"href":"https:\/\/www.evang-hermagor.at\/index.php?rest_route=%2Fwp%2Fv2%2Fcomments&post=2978"}],"version-history":[{"count":92,"href":"https:\/\/www.evang-hermagor.at\/index.php?rest_route=\/wp\/v2\/pages\/2978\/revisions"}],"predecessor-version":[{"id":8885,"href":"https:\/\/www.evang-hermagor.at\/index.php?rest_route=\/wp\/v2\/pages\/2978\/revisions\/8885"}],"wp:attachment":[{"href":"https:\/\/www.evang-hermagor.at\/index.php?rest_route=%2Fwp%2Fv2%2Fmedia&parent=2978"}],"curies":[{"name":"wp","href":"https:\/\/api.w.org\/{rel}","templated":true}]}}